{"id":857,"date":"2022-06-11T12:00:00","date_gmt":"2022-06-11T09:00:00","guid":{"rendered":"https:\/\/www.suviseurat.fi/2024\/?page_id=857"},"modified":"2024-06-07T20:36:23","modified_gmt":"2024-06-07T17:36:23","slug":"palvelut","status":"publish","type":"page","link":"https:\/\/www.suviseurat.fi/2024\/palvelut\/","title":{"rendered":"Palvelut"},"content":{"rendered":"\n<div class=\"wp-block-group\"><div class=\"wp-block-group__inner-container is-layout-flow wp-block-group-is-layout-flow\">\n<p><a href=\"https:\/\/www.suviseurat.fi/2024\/palvelut\/aukioloajat\/\">Aukioloajat<\/a><\/p>\n\n\n\n<p><a href=\"https:\/\/www.suviseurat.fi/2024\/palvelut\/julkaisumyymala\/\">Julkaisumyym\u00e4l\u00e4<\/a><\/p>\n\n\n\n<p><a href=\"https:\/\/www.suviseurat.fi/2024\/palvelut\/majoitus\/\">Majoitus<\/a><\/p>\n\n\n\n<p><a href=\"https:\/\/www.suviseurat.fi/2024\/palvelut\/myymala-kioskit-grillit-ja-panini\/\">Myym\u00e4l\u00e4, kioskit, grillit ja panini<\/a><br>&#8211; <a href=\"https:\/\/www.suviseurat.fi/2024\/palvelut\/myymala-kioskit-grillit-ja-panini\/kioski-hinnastot-ja-tuoteselosteet\/\">Hinnastot ja tuoteselosteet<\/a><\/p>\n\n\n\n<p><a href=\"https:\/\/www.suviseurat.fi/2024\/palvelut\/kaasunmyynti\/\">Kaasumyynti<\/a><\/p>\n\n\n\n<p><a href=\"https:\/\/www.suviseurat.fi/2024\/palvelut\/puhelimen-latauspiste\/\">Puhelimen lataus<\/a><\/p>\n\n\n\n<p><a href=\"https:\/\/www.suviseurat.fi/2024\/palvelut\/terveyspalvelut\/\">Terveyspalvelut<\/a><\/p>\n\n\n\n<p><a href=\"https:\/\/www.suviseurat.fi/2024\/palvelut\/lasten-hoivapalvelut\/\">Lasten hoivapalvelut<\/a><\/p>\n\n\n\n<p><a href=\"https:\/\/www.suviseurat.fi/2024\/palvelut\/vanhukset-ja-liikuntaesteiset\/\">Vanhukset ja liikuntaesteiset<\/a><\/p>\n\n\n\n<p><a href=\"https:\/\/www.suviseurat.fi/2024\/palvelut\/suihkut\/\">Suihkut<\/a><\/p>\n\n\n\n<p><a href=\"https:\/\/www.suviseurat.fi/2024\/palvelut\/kansainvalisyyspalvelu-international-services\/\">Kansainv\u00e4lisyyspalvelu \u2013 International Services<\/a><\/p>\n<\/div><\/div>\n","protected":false},"excerpt":{"rendered":"<p>Aukioloajat Julkaisumyym\u00e4l\u00e4 Majoitus Myym\u00e4l\u00e4, kioskit, grillit ja panini&#8211; Hinnastot ja tuoteselosteet Kaasumyynti Puhelimen lataus Terveyspalvelut<a class=\"moretag\" href=\"https:\/\/www.suviseurat.fi/2024\/palvelut\/\">Jatka lukemista ><\/a><\/p>\n","protected":false},"author":19,"featured_media":0,"parent":0,"menu_order":5,"comment_status":"closed","ping_status":"closed","template":"","meta":{"_acf_changed":false,"footnotes":""},"class_list":["post-857","page","type-page","status-publish","hentry"],"acf":[],"yoast_head":"<!-- This site is optimized with the Yoast SEO plugin v23.3 - https:\/\/yoast.com\/wordpress\/plugins\/seo\/ -->\n<title>Palvelut - SRK:n Suviseurat Pudasj\u00e4rvell\u00e4 2024<\/title>\n<meta name=\"description\" content=\"Aukioloajat Julkaisumyym\u00e4l\u00e4 Majoitus Myym\u00e4l\u00e4, kioskit, grillit ja panini- Hinnastot ja tuoteselosteet Kaasumyynti Puhelimen lataus Terveyspalvelut Lasten\" \/>\n<meta name=\"robots\" content=\"index, follow, max-snippet:-1, max-image-preview:large, max-video-preview:-1\" \/>\n<link rel=\"canonical\" href=\"https:\/\/www.suviseurat.fi/2024\/palvelut\/\" \/>\n<meta property=\"og:locale\" content=\"fi_FI\" \/>\n<meta property=\"og:type\" content=\"article\" \/>\n<meta property=\"og:title\" content=\"Palvelut - SRK:n Suviseurat Pudasj\u00e4rvell\u00e4 2024\" \/>\n<meta property=\"og:description\" content=\"Aukioloajat Julkaisumyym\u00e4l\u00e4 Majoitus Myym\u00e4l\u00e4, kioskit, grillit ja panini- Hinnastot ja tuoteselosteet Kaasumyynti Puhelimen lataus Terveyspalvelut Lasten\" \/>\n<meta property=\"og:url\" content=\"https:\/\/www.suviseurat.fi/2024\/palvelut\/\" \/>\n<meta property=\"og:site_name\" content=\"SRK:n Suviseurat Pudasj\u00e4rvell\u00e4 2024\" \/>\n<meta property=\"article:publisher\" content=\"https:\/\/www.facebook.com\/SRKryNyt\/\" \/>\n<meta property=\"article:modified_time\" content=\"2024-06-07T17:36:23+00:00\" \/>\n<meta name=\"twitter:card\" content=\"summary_large_image\" \/>\n<meta name=\"twitter:site\" content=\"@Suviseurat\" \/>\n<meta name=\"twitter:label1\" content=\"Arvioitu lukuaika\" \/>\n\t<meta name=\"twitter:data1\" content=\"1 minuutti\" \/>\n<script type=\"application\/ld+json\" class=\"yoast-schema-graph\">{\"@context\":\"https:\/\/schema.org\",\"@graph\":[{\"@type\":\"WebPage\",\"@id\":\"https:\/\/www.suviseurat.fi/2024\/palvelut\/\",\"url\":\"https:\/\/www.suviseurat.fi/2024\/palvelut\/\",\"name\":\"Palvelut - SRK:n Suviseurat Pudasj\u00e4rvell\u00e4 2024\",\"isPartOf\":{\"@id\":\"https:\/\/www.suviseurat.fi/2024\/#website\"},\"datePublished\":\"2022-06-11T09:00:00+00:00\",\"dateModified\":\"2024-06-07T17:36:23+00:00\",\"description\":\"Aukioloajat Julkaisumyym\u00e4l\u00e4 Majoitus Myym\u00e4l\u00e4, kioskit, grillit ja panini- Hinnastot ja tuoteselosteet Kaasumyynti Puhelimen lataus Terveyspalvelut Lasten\",\"breadcrumb\":{\"@id\":\"https:\/\/www.suviseurat.fi/2024\/palvelut\/#breadcrumb\"},\"inLanguage\":\"fi\",\"potentialAction\":[{\"@type\":\"ReadAction\",\"target\":[\"https:\/\/www.suviseurat.fi/2024\/palvelut\/\"]}]},{\"@type\":\"BreadcrumbList\",\"@id\":\"https:\/\/www.suviseurat.fi/2024\/palvelut\/#breadcrumb\",\"itemListElement\":[{\"@type\":\"ListItem\",\"position\":1,\"name\":\"Etusivu\",\"item\":\"https:\/\/www.suviseurat.fi/2024\/\"},{\"@type\":\"ListItem\",\"position\":2,\"name\":\"Palvelut\"}]},{\"@type\":\"WebSite\",\"@id\":\"https:\/\/www.suviseurat.fi/2024\/#website\",\"url\":\"https:\/\/www.suviseurat.fi/2024\/\",\"name\":\"SRK:n Suviseurat Pudasj\u00e4rvell\u00e4 2024\",\"description\":\"Olenko min\u00e4 sinulle rakas?\",\"publisher\":{\"@id\":\"https:\/\/www.suviseurat.fi/2024\/#organization\"},\"potentialAction\":[{\"@type\":\"SearchAction\",\"target\":{\"@type\":\"EntryPoint\",\"urlTemplate\":\"https:\/\/www.suviseurat.fi/2024\/?s={search_term_string}\"},\"query-input\":\"required name=search_term_string\"}],\"inLanguage\":\"fi\"},{\"@type\":\"Organization\",\"@id\":\"https:\/\/www.suviseurat.fi/2024\/#organization\",\"name\":\"Suviseurat\",\"url\":\"https:\/\/www.suviseurat.fi/2024\/\",\"logo\":{\"@type\":\"ImageObject\",\"inLanguage\":\"fi\",\"@id\":\"https:\/\/www.suviseurat.fi/2024\/#\/schema\/logo\/image\/\",\"url\":\"https:\/\/www.suviseurat.fi/2024\/wp-content\/uploads\/2023\/10\/tunnus-nelio.jpg\",\"contentUrl\":\"https:\/\/www.suviseurat.fi/2024\/wp-content\/uploads\/2023\/10\/tunnus-nelio.jpg\",\"width\":1000,\"height\":1000,\"caption\":\"Suviseurat\"},\"image\":{\"@id\":\"https:\/\/www.suviseurat.fi/2024\/#\/schema\/logo\/image\/\"},\"sameAs\":[\"https:\/\/www.facebook.com\/SRKryNyt\/\",\"https:\/\/x.com\/Suviseurat\",\"https:\/\/www.facebook.com\/srksuviseurat\/\",\"https:\/\/www.youtube.com\/@SRKnyt\",\"https:\/\/www.instagram.com\/srk_nyt\/\",\"https:\/\/www.flickr.com\/photos\/suviseurat\"]}]}<\/script>\n<!-- \/ Yoast SEO plugin. -->","yoast_head_json":{"title":"Palvelut - SRK:n Suviseurat Pudasj\u00e4rvell\u00e4 2024","description":"Aukioloajat Julkaisumyym\u00e4l\u00e4 Majoitus Myym\u00e4l\u00e4, kioskit, grillit ja panini- Hinnastot ja tuoteselosteet Kaasumyynti Puhelimen lataus Terveyspalvelut Lasten","robots":{"index":"index","follow":"follow","max-snippet":"max-snippet:-1","max-image-preview":"max-image-preview:large","max-video-preview":"max-video-preview:-1"},"canonical":"https:\/\/www.suviseurat.fi/2024\/palvelut\/","og_locale":"fi_FI","og_type":"article","og_title":"Palvelut - SRK:n Suviseurat Pudasj\u00e4rvell\u00e4 2024","og_description":"Aukioloajat Julkaisumyym\u00e4l\u00e4 Majoitus Myym\u00e4l\u00e4, kioskit, grillit ja panini- Hinnastot ja tuoteselosteet Kaasumyynti Puhelimen lataus Terveyspalvelut Lasten","og_url":"https:\/\/www.suviseurat.fi/2024\/palvelut\/","og_site_name":"SRK:n Suviseurat Pudasj\u00e4rvell\u00e4 2024","article_publisher":"https:\/\/www.facebook.com\/SRKryNyt\/","article_modified_time":"2024-06-07T17:36:23+00:00","twitter_card":"summary_large_image","twitter_site":"@Suviseurat","twitter_misc":{"Arvioitu lukuaika":"1 minuutti"},"schema":{"@context":"https:\/\/schema.org","@graph":[{"@type":"WebPage","@id":"https:\/\/www.suviseurat.fi/2024\/palvelut\/","url":"https:\/\/www.suviseurat.fi/2024\/palvelut\/","name":"Palvelut - SRK:n Suviseurat Pudasj\u00e4rvell\u00e4 2024","isPartOf":{"@id":"https:\/\/www.suviseurat.fi/2024\/#website"},"datePublished":"2022-06-11T09:00:00+00:00","dateModified":"2024-06-07T17:36:23+00:00","description":"Aukioloajat Julkaisumyym\u00e4l\u00e4 Majoitus Myym\u00e4l\u00e4, kioskit, grillit ja panini- Hinnastot ja tuoteselosteet Kaasumyynti Puhelimen lataus Terveyspalvelut Lasten","breadcrumb":{"@id":"https:\/\/www.suviseurat.fi/2024\/palvelut\/#breadcrumb"},"inLanguage":"fi","potentialAction":[{"@type":"ReadAction","target":["https:\/\/www.suviseurat.fi/2024\/palvelut\/"]}]},{"@type":"BreadcrumbList","@id":"https:\/\/www.suviseurat.fi/2024\/palvelut\/#breadcrumb","itemListElement":[{"@type":"ListItem","position":1,"name":"Etusivu","item":"https:\/\/www.suviseurat.fi/2024\/"},{"@type":"ListItem","position":2,"name":"Palvelut"}]},{"@type":"WebSite","@id":"https:\/\/www.suviseurat.fi/2024\/#website","url":"https:\/\/www.suviseurat.fi/2024\/","name":"SRK:n Suviseurat Pudasj\u00e4rvell\u00e4 2024","description":"Olenko min\u00e4 sinulle rakas?","publisher":{"@id":"https:\/\/www.suviseurat.fi/2024\/#organization"},"potentialAction":[{"@type":"SearchAction","target":{"@type":"EntryPoint","urlTemplate":"https:\/\/www.suviseurat.fi/2024\/?s={search_term_string}"},"query-input":"required name=search_term_string"}],"inLanguage":"fi"},{"@type":"Organization","@id":"https:\/\/www.suviseurat.fi/2024\/#organization","name":"Suviseurat","url":"https:\/\/www.suviseurat.fi/2024\/","logo":{"@type":"ImageObject","inLanguage":"fi","@id":"https:\/\/www.suviseurat.fi/2024\/#\/schema\/logo\/image\/","url":"https:\/\/www.suviseurat.fi/2024\/wp-content\/uploads\/2023\/10\/tunnus-nelio.jpg","contentUrl":"https:\/\/www.suviseurat.fi/2024\/wp-content\/uploads\/2023\/10\/tunnus-nelio.jpg","width":1000,"height":1000,"caption":"Suviseurat"},"image":{"@id":"https:\/\/www.suviseurat.fi/2024\/#\/schema\/logo\/image\/"},"sameAs":["https:\/\/www.facebook.com\/SRKryNyt\/","https:\/\/x.com\/Suviseurat","https:\/\/www.facebook.com\/srksuviseurat\/","https:\/\/www.youtube.com\/@SRKnyt","https:\/\/www.instagram.com\/srk_nyt\/","https:\/\/www.flickr.com\/photos\/suviseurat"]}]}},"_links":{"self":[{"href":"https:\/\/www.suviseurat.fi/2024\/wp-json\/wp\/v2\/pages\/857"}],"collection":[{"href":"https:\/\/www.suviseurat.fi/2024\/wp-json\/wp\/v2\/pages"}],"about":[{"href":"https:\/\/www.suviseurat.fi/2024\/wp-json\/wp\/v2\/types\/page"}],"author":[{"embeddable":true,"href":"https:\/\/www.suviseurat.fi/2024\/wp-json\/wp\/v2\/users\/19"}],"replies":[{"embeddable":true,"href":"https:\/\/www.suviseurat.fi/2024\/wp-json\/wp\/v2\/comments?post=857"}],"version-history":[{"count":50,"href":"https:\/\/www.suviseurat.fi/2024\/wp-json\/wp\/v2\/pages\/857\/revisions"}],"predecessor-version":[{"id":20227,"href":"https:\/\/www.suviseurat.fi/2024\/wp-json\/wp\/v2\/pages\/857\/revisions\/20227"}],"wp:attachment":[{"href":"https:\/\/www.suviseurat.fi/2024\/wp-json\/wp\/v2\/media?parent=857"}],"curies":[{"name":"wp","href":"https:\/\/api.w.org\/{rel}","templated":true}]}}