{"id":880,"date":"2022-06-11T15:40:00","date_gmt":"2022-06-11T12:40:00","guid":{"rendered":"https:\/\/www.suviseurat.fi/2024\/?page_id=880"},"modified":"2024-06-29T16:20:01","modified_gmt":"2024-06-29T13:20:01","slug":"ravintolapalvelut","status":"publish","type":"page","link":"https:\/\/www.suviseurat.fi/2024\/palvelut\/ravintolapalvelut\/","title":{"rendered":"Ravintolapalvelut"},"content":{"rendered":"<h2>Ravintolakatos<\/h2>\n<p><span style=\"font-weight: 400\">Suviseurojen ravintolakatoksessa on seuraavat myynti- \/ tarjoilupisteet:<\/span><\/p>\n<ul>\n<li style=\"font-weight: 400\"><span style=\"font-weight: 400\">24 ruokalinjastoa, joista kaikista saa my\u00f6s erityisruokavalion ruokia<\/span><\/li>\n<li style=\"font-weight: 400\"><span style=\"font-weight: 400\">6 kahvilinjastoa<\/span><\/li>\n<li style=\"font-weight: 400\"><span style=\"font-weight: 400\">4 litramyyntipistett\u00e4<\/span><\/li>\n<li style=\"font-weight: 400\"><span style=\"font-weight: 400\">1 tarjoilupiste vanhuksille ja liikuntaesteisille<\/span><\/li>\n<li style=\"font-weight: 400\"><span style=\"font-weight: 400\">1 tarjoilupiste ty\u00f6vuorossa oleville<\/span><\/li>\n<\/ul>\n<h3><b>Valikoima<\/b><\/h3>\n<p><span style=\"font-size: revert;color: initial\">Ravintolassa myyd\u00e4\u00e4n liha- ja lohikeittoa, riisipuuroa, spagettia ja salaatteja. Uutena tarjolla vegaanista linssikeittoa. Erityisruokavaliot on huomioitu ruokalajeissa ja niit\u00e4 saa kaikilta linjastoilta. Iltaisin ravintolassa myyd\u00e4\u00e4n pizzaa. Tuotteiden ainesosat l\u00f6ytyv\u00e4t tuotelesosteet &#8211; kohdan alta olevasta linkist\u00e4.<\/span><\/p>\n<p><b>Erityisruokavaliot<\/b><\/p>\n<ul>\n<li style=\"font-weight: 400\"><span style=\"font-weight: 400\">Maidoton ruokavalio: liha- ja lohikeitto sek\u00e4 riisipuuro, soija- ja kaurajuoma, kaura- ja soijav\u00e4lipalavalmiste<\/span><\/li>\n<li style=\"font-weight: 400\"><span style=\"font-weight: 400\">Gluteeniton ruokavalio: gluteenitonta leip\u00e4\u00e4 ja kahvileip\u00e4\u00e4 yksitt\u00e4ispakattuina, gluteeniton pizza<\/span><\/li>\n<li>Vegaani-\/kasvisruokavalio: vegaaninen linssikeitto ja kreikkalainen salaatti (lakt-vege)<\/li>\n<\/ul>\n<p><b>Salaatit<\/b><\/p>\n<ul>\n<li style=\"font-weight: 400\"><span style=\"font-weight: 400\">Kana-taco salaatti<\/span><\/li>\n<li style=\"font-weight: 400\"><span style=\"font-weight: 400\">Kreikkalainen salaatti<\/span><\/li>\n<li style=\"font-weight: 400\">Kana-caesar 600 g:n pakkauksissa (litramyynnin kentt\u00e4pisteiss\u00e4)<\/li>\n<\/ul>\n<h2>Tuoteselosteet<\/h2>\n<p><span style=\"font-weight: 400\">Tuotteiden ainesosat l\u00f6ytyv\u00e4t <\/span><a href=\"https:\/\/www.suviseurat.fi/2024\/wp-content\/uploads\/2024\/06\/Ravintolan-tuoteselosteet-1.pdf\" target=\"_blank\" rel=\"noopener\"><span style=\"font-weight: 400\">t\u00e4st\u00e4<\/span><span style=\"font-weight: 400\"> linkist\u00e4<\/span><\/a><span style=\"font-weight: 400\">.<\/span><\/p>\n<h2>Litramyyntipisteet<\/h2>\n<p>Ravintolakatoksen litramyyntipisteist\u00e4 (4) saa ruokaa, kahvia ja peruselintarvikkeita sek\u00e4 kertak\u00e4ytt\u00f6astioita, mutta valikoima on suppeampi kuin litramyynnin kentt\u00e4pisteiss\u00e4.<\/p>\n<p>Seurakent\u00e4ll\u00e4 litramyyntipisteit\u00e4 on 4 ja valikoima laajempi. Iltaisin niiss\u00e4 myyd\u00e4\u00e4n grillimakkaroita.<\/p>\n<p>Ruokahuollon helpottamiseksi seurakent\u00e4n litramyyntipisteiden kylm\u00e4myynniss\u00e4 on tarjolla lis\u00e4ksi valmiiksi kypsennettyj\u00e4 600 g:n liha- ja lohikeittoaineksia, joihin tarvitsee lis\u00e4t\u00e4 vain nesteet. Aineksista tulee 1 kg valmista keittoa.<\/p>\n<p>Myynniss\u00e4 on my\u00f6s kana-caesarsalaattia 600 g:n pakkauksissa.<\/p>\n<h2>Hinnastot<\/h2>\n<p>Ravintolakatoksen, litramyynti et\u00e4pisteiden ja kentt\u00e4kahvin hinnastot l\u00f6ytyv\u00e4t <a href=\"https:\/\/www.suviseurat.fi/2024\/wp-content\/uploads\/2024\/06\/Hinnastot_Pudasjarvi.pdf\" target=\"_blank\" rel=\"noopener\">t\u00e4m\u00e4n linkin kautta<\/a>.<\/p>\n","protected":false},"excerpt":{"rendered":"<p>Ravintolakatos Suviseurojen ravintolakatoksessa on seuraavat myynti- \/ tarjoilupisteet: 24 ruokalinjastoa, joista kaikista saa my\u00f6s erityisruokavalion<a class=\"moretag\" href=\"https:\/\/www.suviseurat.fi/2024\/palvelut\/ravintolapalvelut\/\">Jatka lukemista ><\/a><\/p>\n","protected":false},"author":19,"featured_media":0,"parent":857,"menu_order":3,"comment_status":"closed","ping_status":"closed","template":"","meta":{"_acf_changed":false,"footnotes":""},"class_list":["post-880","page","type-page","status-publish","hentry"],"acf":[],"yoast_head":"<!-- This site is optimized with the Yoast SEO plugin v23.3 - https:\/\/yoast.com\/wordpress\/plugins\/seo\/ -->\n<title>Ravintolapalvelut - SRK:n Suviseurat Pudasj\u00e4rvell\u00e4 2024<\/title>\n<meta name=\"description\" content=\"Ravintolakatos Suviseurojen ravintolakatoksessa on seuraavat myynti- \/ tarjoilupisteet: 24 ruokalinjastoa, joista kaikista saa my\u00f6s erityisruokavalion\" \/>\n<meta name=\"robots\" content=\"index, follow, max-snippet:-1, max-image-preview:large, max-video-preview:-1\" \/>\n<link rel=\"canonical\" href=\"https:\/\/www.suviseurat.fi/2024\/palvelut\/ravintolapalvelut\/\" \/>\n<meta property=\"og:locale\" content=\"fi_FI\" \/>\n<meta property=\"og:type\" content=\"article\" \/>\n<meta property=\"og:title\" content=\"Ravintolapalvelut - SRK:n Suviseurat Pudasj\u00e4rvell\u00e4 2024\" \/>\n<meta property=\"og:description\" content=\"Ravintolakatos Suviseurojen ravintolakatoksessa on seuraavat myynti- \/ tarjoilupisteet: 24 ruokalinjastoa, joista kaikista saa my\u00f6s erityisruokavalion\" \/>\n<meta property=\"og:url\" content=\"https:\/\/www.suviseurat.fi/2024\/palvelut\/ravintolapalvelut\/\" \/>\n<meta property=\"og:site_name\" content=\"SRK:n Suviseurat Pudasj\u00e4rvell\u00e4 2024\" \/>\n<meta property=\"article:publisher\" content=\"https:\/\/www.facebook.com\/SRKryNyt\/\" \/>\n<meta property=\"article:modified_time\" content=\"2024-06-29T13:20:01+00:00\" \/>\n<meta name=\"twitter:card\" content=\"summary_large_image\" \/>\n<meta name=\"twitter:site\" content=\"@Suviseurat\" \/>\n<meta name=\"twitter:label1\" content=\"Arvioitu lukuaika\" \/>\n\t<meta name=\"twitter:data1\" content=\"2 minuuttia\" \/>\n<script type=\"application\/ld+json\" class=\"yoast-schema-graph\">{\"@context\":\"https:\/\/schema.org\",\"@graph\":[{\"@type\":\"WebPage\",\"@id\":\"https:\/\/www.suviseurat.fi/2024\/palvelut\/ravintolapalvelut\/\",\"url\":\"https:\/\/www.suviseurat.fi/2024\/palvelut\/ravintolapalvelut\/\",\"name\":\"Ravintolapalvelut - SRK:n Suviseurat Pudasj\u00e4rvell\u00e4 2024\",\"isPartOf\":{\"@id\":\"https:\/\/www.suviseurat.fi/2024\/#website\"},\"datePublished\":\"2022-06-11T12:40:00+00:00\",\"dateModified\":\"2024-06-29T13:20:01+00:00\",\"description\":\"Ravintolakatos Suviseurojen ravintolakatoksessa on seuraavat myynti- \/ tarjoilupisteet: 24 ruokalinjastoa, joista kaikista saa my\u00f6s erityisruokavalion\",\"breadcrumb\":{\"@id\":\"https:\/\/www.suviseurat.fi/2024\/palvelut\/ravintolapalvelut\/#breadcrumb\"},\"inLanguage\":\"fi\",\"potentialAction\":[{\"@type\":\"ReadAction\",\"target\":[\"https:\/\/www.suviseurat.fi/2024\/palvelut\/ravintolapalvelut\/\"]}]},{\"@type\":\"BreadcrumbList\",\"@id\":\"https:\/\/www.suviseurat.fi/2024\/palvelut\/ravintolapalvelut\/#breadcrumb\",\"itemListElement\":[{\"@type\":\"ListItem\",\"position\":1,\"name\":\"Etusivu\",\"item\":\"https:\/\/www.suviseurat.fi/2024\/\"},{\"@type\":\"ListItem\",\"position\":2,\"name\":\"Palvelut\",\"item\":\"https:\/\/www.suviseurat.fi/2024\/palvelut\/\"},{\"@type\":\"ListItem\",\"position\":3,\"name\":\"Ravintolapalvelut\"}]},{\"@type\":\"WebSite\",\"@id\":\"https:\/\/www.suviseurat.fi/2024\/#website\",\"url\":\"https:\/\/www.suviseurat.fi/2024\/\",\"name\":\"SRK:n Suviseurat Pudasj\u00e4rvell\u00e4 2024\",\"description\":\"Olenko min\u00e4 sinulle rakas?\",\"publisher\":{\"@id\":\"https:\/\/www.suviseurat.fi/2024\/#organization\"},\"potentialAction\":[{\"@type\":\"SearchAction\",\"target\":{\"@type\":\"EntryPoint\",\"urlTemplate\":\"https:\/\/www.suviseurat.fi/2024\/?s={search_term_string}\"},\"query-input\":\"required name=search_term_string\"}],\"inLanguage\":\"fi\"},{\"@type\":\"Organization\",\"@id\":\"https:\/\/www.suviseurat.fi/2024\/#organization\",\"name\":\"Suviseurat\",\"url\":\"https:\/\/www.suviseurat.fi/2024\/\",\"logo\":{\"@type\":\"ImageObject\",\"inLanguage\":\"fi\",\"@id\":\"https:\/\/www.suviseurat.fi/2024\/#\/schema\/logo\/image\/\",\"url\":\"https:\/\/www.suviseurat.fi/2024\/wp-content\/uploads\/2023\/10\/tunnus-nelio.jpg\",\"contentUrl\":\"https:\/\/www.suviseurat.fi/2024\/wp-content\/uploads\/2023\/10\/tunnus-nelio.jpg\",\"width\":1000,\"height\":1000,\"caption\":\"Suviseurat\"},\"image\":{\"@id\":\"https:\/\/www.suviseurat.fi/2024\/#\/schema\/logo\/image\/\"},\"sameAs\":[\"https:\/\/www.facebook.com\/SRKryNyt\/\",\"https:\/\/x.com\/Suviseurat\",\"https:\/\/www.facebook.com\/srksuviseurat\/\",\"https:\/\/www.youtube.com\/@SRKnyt\",\"https:\/\/www.instagram.com\/srk_nyt\/\",\"https:\/\/www.flickr.com\/photos\/suviseurat\"]}]}<\/script>\n<!-- \/ Yoast SEO plugin. -->","yoast_head_json":{"title":"Ravintolapalvelut - SRK:n Suviseurat Pudasj\u00e4rvell\u00e4 2024","description":"Ravintolakatos Suviseurojen ravintolakatoksessa on seuraavat myynti- \/ tarjoilupisteet: 24 ruokalinjastoa, joista kaikista saa my\u00f6s erityisruokavalion","robots":{"index":"index","follow":"follow","max-snippet":"max-snippet:-1","max-image-preview":"max-image-preview:large","max-video-preview":"max-video-preview:-1"},"canonical":"https:\/\/www.suviseurat.fi/2024\/palvelut\/ravintolapalvelut\/","og_locale":"fi_FI","og_type":"article","og_title":"Ravintolapalvelut - SRK:n Suviseurat Pudasj\u00e4rvell\u00e4 2024","og_description":"Ravintolakatos Suviseurojen ravintolakatoksessa on seuraavat myynti- \/ tarjoilupisteet: 24 ruokalinjastoa, joista kaikista saa my\u00f6s erityisruokavalion","og_url":"https:\/\/www.suviseurat.fi/2024\/palvelut\/ravintolapalvelut\/","og_site_name":"SRK:n Suviseurat Pudasj\u00e4rvell\u00e4 2024","article_publisher":"https:\/\/www.facebook.com\/SRKryNyt\/","article_modified_time":"2024-06-29T13:20:01+00:00","twitter_card":"summary_large_image","twitter_site":"@Suviseurat","twitter_misc":{"Arvioitu lukuaika":"2 minuuttia"},"schema":{"@context":"https:\/\/schema.org","@graph":[{"@type":"WebPage","@id":"https:\/\/www.suviseurat.fi/2024\/palvelut\/ravintolapalvelut\/","url":"https:\/\/www.suviseurat.fi/2024\/palvelut\/ravintolapalvelut\/","name":"Ravintolapalvelut - SRK:n Suviseurat Pudasj\u00e4rvell\u00e4 2024","isPartOf":{"@id":"https:\/\/www.suviseurat.fi/2024\/#website"},"datePublished":"2022-06-11T12:40:00+00:00","dateModified":"2024-06-29T13:20:01+00:00","description":"Ravintolakatos Suviseurojen ravintolakatoksessa on seuraavat myynti- \/ tarjoilupisteet: 24 ruokalinjastoa, joista kaikista saa my\u00f6s erityisruokavalion","breadcrumb":{"@id":"https:\/\/www.suviseurat.fi/2024\/palvelut\/ravintolapalvelut\/#breadcrumb"},"inLanguage":"fi","potentialAction":[{"@type":"ReadAction","target":["https:\/\/www.suviseurat.fi/2024\/palvelut\/ravintolapalvelut\/"]}]},{"@type":"BreadcrumbList","@id":"https:\/\/www.suviseurat.fi/2024\/palvelut\/ravintolapalvelut\/#breadcrumb","itemListElement":[{"@type":"ListItem","position":1,"name":"Etusivu","item":"https:\/\/www.suviseurat.fi/2024\/"},{"@type":"ListItem","position":2,"name":"Palvelut","item":"https:\/\/www.suviseurat.fi/2024\/palvelut\/"},{"@type":"ListItem","position":3,"name":"Ravintolapalvelut"}]},{"@type":"WebSite","@id":"https:\/\/www.suviseurat.fi/2024\/#website","url":"https:\/\/www.suviseurat.fi/2024\/","name":"SRK:n Suviseurat Pudasj\u00e4rvell\u00e4 2024","description":"Olenko min\u00e4 sinulle rakas?","publisher":{"@id":"https:\/\/www.suviseurat.fi/2024\/#organization"},"potentialAction":[{"@type":"SearchAction","target":{"@type":"EntryPoint","urlTemplate":"https:\/\/www.suviseurat.fi/2024\/?s={search_term_string}"},"query-input":"required name=search_term_string"}],"inLanguage":"fi"},{"@type":"Organization","@id":"https:\/\/www.suviseurat.fi/2024\/#organization","name":"Suviseurat","url":"https:\/\/www.suviseurat.fi/2024\/","logo":{"@type":"ImageObject","inLanguage":"fi","@id":"https:\/\/www.suviseurat.fi/2024\/#\/schema\/logo\/image\/","url":"https:\/\/www.suviseurat.fi/2024\/wp-content\/uploads\/2023\/10\/tunnus-nelio.jpg","contentUrl":"https:\/\/www.suviseurat.fi/2024\/wp-content\/uploads\/2023\/10\/tunnus-nelio.jpg","width":1000,"height":1000,"caption":"Suviseurat"},"image":{"@id":"https:\/\/www.suviseurat.fi/2024\/#\/schema\/logo\/image\/"},"sameAs":["https:\/\/www.facebook.com\/SRKryNyt\/","https:\/\/x.com\/Suviseurat","https:\/\/www.facebook.com\/srksuviseurat\/","https:\/\/www.youtube.com\/@SRKnyt","https:\/\/www.instagram.com\/srk_nyt\/","https:\/\/www.flickr.com\/photos\/suviseurat"]}]}},"_links":{"self":[{"href":"https:\/\/www.suviseurat.fi/2024\/wp-json\/wp\/v2\/pages\/880"}],"collection":[{"href":"https:\/\/www.suviseurat.fi/2024\/wp-json\/wp\/v2\/pages"}],"about":[{"href":"https:\/\/www.suviseurat.fi/2024\/wp-json\/wp\/v2\/types\/page"}],"author":[{"embeddable":true,"href":"https:\/\/www.suviseurat.fi/2024\/wp-json\/wp\/v2\/users\/19"}],"replies":[{"embeddable":true,"href":"https:\/\/www.suviseurat.fi/2024\/wp-json\/wp\/v2\/comments?post=880"}],"version-history":[{"count":57,"href":"https:\/\/www.suviseurat.fi/2024\/wp-json\/wp\/v2\/pages\/880\/revisions"}],"predecessor-version":[{"id":21031,"href":"https:\/\/www.suviseurat.fi/2024\/wp-json\/wp\/v2\/pages\/880\/revisions\/21031"}],"up":[{"embeddable":true,"href":"https:\/\/www.suviseurat.fi/2024\/wp-json\/wp\/v2\/pages\/857"}],"wp:attachment":[{"href":"https:\/\/www.suviseurat.fi/2024\/wp-json\/wp\/v2\/media?parent=880"}],"curies":[{"name":"wp","href":"https:\/\/api.w.org\/{rel}","templated":true}]}}