{"id":884,"date":"2024-05-14T15:18:21","date_gmt":"2024-05-14T12:18:21","guid":{"rendered":"https:\/\/www.suviseurat.fi/2024\/?page_id=884"},"modified":"2024-06-20T12:07:41","modified_gmt":"2024-06-20T09:07:41","slug":"myymala-kioskit-grillit-ja-panini","status":"publish","type":"page","link":"https:\/\/www.suviseurat.fi/2024\/palvelut\/myymala-kioskit-grillit-ja-panini\/","title":{"rendered":"Myym\u00e4l\u00e4, kioskit, grillit ja panini"},"content":{"rendered":"<p>Seura-alueella on yksi hyvin varusteltu myym\u00e4l\u00e4, jossa on myyt\u00e4v\u00e4n\u00e4 peruselintarvikkeita ja monipuolinen valikoima k\u00e4ytt\u00f6tavaroita edulliseen hintaan. Valikoimissa on my\u00f6s gluteenittomia ja laktoosittomia tuotteita. Kaikki myym\u00e4l\u00e4ss\u00e4 myyt\u00e4v\u00e4t pesuaineet ovat biohajoavia. Pohjavesialueesta johtuen kehoitamme seuravieraita k\u00e4ytt\u00e4m\u00e4\u00e4n biohajoavia pesuaineita.<\/p>\n<p>Seura-alueella on j\u00e4\u00e4tel\u00f6- ja pehmismyyntipiste sek\u00e4 j\u00e4\u00e4tel\u00f6n laukkumyynti. Valikoimissa on my\u00f6s gluteeniton ja laktoositon vaihtoehto. J\u00e4\u00e4tel\u00f6myynnin yhteydess\u00e4 toimii puhelimen latauspiste. Kioskissa on myynniss\u00e4 laaja valikoima makeisia, virvoitusjuomia ja sipsej\u00e4.<\/p>\n<p>Seura-alueella on grilli, jossa myyd\u00e4\u00e4n grillimakkaraa ja panineja, my\u00f6s gluteenittomana. Grillin valikoimissa on lis\u00e4ksi virvoitusjuomia, sipsej\u00e4 ja salaattiannoksia. Makkaraa myyd\u00e4\u00e4n iltaisin my\u00f6s litramyyntipisteiss\u00e4.<\/p>\n<p>Kaasupullojen vaihtopiste sijaitsee myym\u00e4l\u00e4ss\u00e4. Maksu suoritetaan myym\u00e4l\u00e4n kassalle. Kaasunmyynti on avoinna myym\u00e4l\u00e4n aukioloaikana.<\/p>\n<p><a href=\"https:\/\/www.suviseurat.fi/2024\/palvelut\/myymala-kioskit-grillit-ja-panini\/kioski-hinnastot-ja-tuoteselosteet\/\">Hinnastot ja tuoteselosteet l\u00f6yd\u00e4t t\u00e4\u00e4lt\u00e4 \u203a<\/a><\/p>\n<h3>Myym\u00e4l\u00e4<\/h3>\n<table style=\"height: 145px;width: 237px\">\n<tbody>\n<tr>\n<td style=\"background-color: #f0f0f0;width: 227px;text-align: left\" colspan=\"2\"><strong>Aukioloajat<\/strong><\/td>\n<\/tr>\n<tr>\n<td style=\"width: 170px\">keskiviikko<\/td>\n<td style=\"width: 51px\">12\u201322<\/td>\n<\/tr>\n<tr>\n<td style=\"width: 170px\">torstai\u2013sunnuntai<\/td>\n<td style=\"width: 51px\">9\u201322<\/td>\n<\/tr>\n<tr>\n<td style=\"width: 170px\">maanantai<\/td>\n<td style=\"width: 51px\">9\u201315<\/td>\n<\/tr>\n<\/tbody>\n<\/table>\n<h3>Kioskit (karkki, j\u00e4\u00e4tel\u00f6 ja pehmis)<\/h3>\n<table style=\"height: 145px;width: 237px\">\n<tbody>\n<tr>\n<td style=\"background-color: #f0f0f0;width: 227px;text-align: left\" colspan=\"2\"><strong>Aukioloajat<\/strong><\/td>\n<\/tr>\n<tr>\n<td style=\"width: 170px\">keskiviikko<\/td>\n<td style=\"width: 51px\">12\u201322<\/td>\n<\/tr>\n<tr>\n<td style=\"width: 170px\">torstai\u2013lauantai<\/td>\n<td style=\"width: 51px\">10-22<\/td>\n<\/tr>\n<tr>\n<td style=\"width: 170px\">sunnuntai<\/td>\n<td style=\"width: 51px\">11\u201322<\/td>\n<\/tr>\n<tr>\n<td style=\"width: 170px\">maanantai<\/td>\n<td style=\"width: 51px\">10\u201315<\/td>\n<\/tr>\n<\/tbody>\n<\/table>\n<h3>Grilli ja panini<\/h3>\n<table style=\"height: 78px;width: 231px\">\n<tbody>\n<tr>\n<td style=\"background-color: #f0f0f0;width: 221px;text-align: left\" colspan=\"2\"><strong>Aukioloajat<\/strong><\/td>\n<\/tr>\n<tr>\n<td style=\"width: 164px\">keskiviikko-torstai<\/td>\n<td style=\"width: 51px\">18\u201324<\/td>\n<\/tr>\n<tr>\n<td style=\"width: 164px\">perjantai<\/td>\n<td style=\"width: 51px\">16\u201301<\/td>\n<\/tr>\n<tr>\n<td style=\"width: 164px\">lauantai<\/td>\n<td style=\"width: 51px\">14\u201301<\/td>\n<\/tr>\n<tr>\n<td style=\"width: 164px\">sunnuntai<\/td>\n<td style=\"width: 51px\">14\u201324<\/td>\n<\/tr>\n<\/tbody>\n<\/table>\n<h3>J\u00e4\u00e4tel\u00f6n laukkumyynti<\/h3>\n<table style=\"height: 145px;width: 237px\">\n<tbody>\n<tr>\n<td style=\"background-color: #f0f0f0;width: 227px;text-align: left\" colspan=\"2\"><strong>Aukioloajat<\/strong><\/td>\n<\/tr>\n<tr>\n<td style=\"width: 170px\">keskiviikko<\/td>\n<td style=\"width: 51px\">12\u201322<\/td>\n<\/tr>\n<tr>\n<td style=\"width: 170px\">torstai\u2013lauantai<\/td>\n<td style=\"width: 51px\">10\u201322<\/td>\n<\/tr>\n<tr>\n<td style=\"width: 170px\">sunnuntai<\/td>\n<td style=\"width: 51px\">11\u201322<\/td>\n<\/tr>\n<\/tbody>\n<\/table>\n<h3>Puhelimen latauspiste<\/h3>\n<p>J\u00e4\u00e4tel\u00f6nmyynnin yhteydess\u00e4. Lataus tapahtuu asiakkaan omalla laturilla. Latausmaksu 2 \u20ac, latausaika n. 2 h. Puhelin on sammutettava latauksen ajaksi.<\/p>\n<table style=\"height: 145px;width: 237px\">\n<tbody>\n<tr>\n<td style=\"background-color: #f0f0f0;width: 227px;text-align: left\" colspan=\"2\"><strong>Aukioloajat<\/strong><\/td>\n<\/tr>\n<tr>\n<td style=\"width: 170px\">keskiviikko<\/td>\n<td style=\"width: 51px\">12\u201322<\/td>\n<\/tr>\n<tr>\n<td style=\"width: 170px\">torstai\u2013lauantai<\/td>\n<td style=\"width: 51px\">10\u201322<\/td>\n<\/tr>\n<tr>\n<td style=\"width: 170px\">sunnuntai<\/td>\n<td style=\"width: 51px\">11\u201322<\/td>\n<\/tr>\n<tr>\n<td style=\"width: 170px\">maanantai<\/td>\n<td style=\"width: 51px\">10\u201315<\/td>\n<\/tr>\n<\/tbody>\n<\/table>\n","protected":false},"excerpt":{"rendered":"<p>Seura-alueella on yksi hyvin varusteltu myym\u00e4l\u00e4, jossa on myyt\u00e4v\u00e4n\u00e4 peruselintarvikkeita ja monipuolinen valikoima k\u00e4ytt\u00f6tavaroita edulliseen<a class=\"moretag\" href=\"https:\/\/www.suviseurat.fi/2024\/palvelut\/myymala-kioskit-grillit-ja-panini\/\">Jatka lukemista ><\/a><\/p>\n","protected":false},"author":19,"featured_media":0,"parent":857,"menu_order":4,"comment_status":"closed","ping_status":"closed","template":"","meta":{"_acf_changed":false,"footnotes":""},"class_list":["post-884","page","type-page","status-publish","hentry"],"acf":[],"yoast_head":"<!-- This site is optimized with the Yoast SEO plugin v23.3 - https:\/\/yoast.com\/wordpress\/plugins\/seo\/ -->\n<title>Myym\u00e4l\u00e4, kioskit, grillit ja panini - SRK:n Suviseurat Pudasj\u00e4rvell\u00e4 2024<\/title>\n<meta name=\"description\" content=\"Katso myym\u00e4l\u00e4n, kioskien ja grillien aukioloajat t\u00e4\u00e4lt\u00e4.\" \/>\n<meta name=\"robots\" content=\"index, follow, max-snippet:-1, max-image-preview:large, max-video-preview:-1\" \/>\n<link rel=\"canonical\" href=\"https:\/\/www.suviseurat.fi/2024\/palvelut\/myymala-kioskit-grillit-ja-panini\/\" \/>\n<meta property=\"og:locale\" content=\"fi_FI\" \/>\n<meta property=\"og:type\" content=\"article\" \/>\n<meta property=\"og:title\" content=\"Myym\u00e4l\u00e4, kioskit, grillit ja panini - SRK:n Suviseurat Pudasj\u00e4rvell\u00e4 2024\" \/>\n<meta property=\"og:description\" content=\"Katso myym\u00e4l\u00e4n, kioskien ja grillien aukioloajat t\u00e4\u00e4lt\u00e4.\" \/>\n<meta property=\"og:url\" content=\"https:\/\/www.suviseurat.fi/2024\/palvelut\/myymala-kioskit-grillit-ja-panini\/\" \/>\n<meta property=\"og:site_name\" content=\"SRK:n Suviseurat Pudasj\u00e4rvell\u00e4 2024\" \/>\n<meta property=\"article:publisher\" content=\"https:\/\/www.facebook.com\/SRKryNyt\/\" \/>\n<meta property=\"article:modified_time\" content=\"2024-06-20T09:07:41+00:00\" \/>\n<meta name=\"twitter:card\" content=\"summary_large_image\" \/>\n<meta name=\"twitter:site\" content=\"@Suviseurat\" \/>\n<meta name=\"twitter:label1\" content=\"Arvioitu lukuaika\" \/>\n\t<meta name=\"twitter:data1\" content=\"1 minuutti\" \/>\n<script type=\"application\/ld+json\" class=\"yoast-schema-graph\">{\"@context\":\"https:\/\/schema.org\",\"@graph\":[{\"@type\":\"WebPage\",\"@id\":\"https:\/\/www.suviseurat.fi/2024\/palvelut\/myymala-kioskit-grillit-ja-panini\/\",\"url\":\"https:\/\/www.suviseurat.fi/2024\/palvelut\/myymala-kioskit-grillit-ja-panini\/\",\"name\":\"Myym\u00e4l\u00e4, kioskit, grillit ja panini - SRK:n Suviseurat Pudasj\u00e4rvell\u00e4 2024\",\"isPartOf\":{\"@id\":\"https:\/\/www.suviseurat.fi/2024\/#website\"},\"datePublished\":\"2024-05-14T12:18:21+00:00\",\"dateModified\":\"2024-06-20T09:07:41+00:00\",\"description\":\"Katso myym\u00e4l\u00e4n, kioskien ja grillien aukioloajat t\u00e4\u00e4lt\u00e4.\",\"breadcrumb\":{\"@id\":\"https:\/\/www.suviseurat.fi/2024\/palvelut\/myymala-kioskit-grillit-ja-panini\/#breadcrumb\"},\"inLanguage\":\"fi\",\"potentialAction\":[{\"@type\":\"ReadAction\",\"target\":[\"https:\/\/www.suviseurat.fi/2024\/palvelut\/myymala-kioskit-grillit-ja-panini\/\"]}]},{\"@type\":\"BreadcrumbList\",\"@id\":\"https:\/\/www.suviseurat.fi/2024\/palvelut\/myymala-kioskit-grillit-ja-panini\/#breadcrumb\",\"itemListElement\":[{\"@type\":\"ListItem\",\"position\":1,\"name\":\"Etusivu\",\"item\":\"https:\/\/www.suviseurat.fi/2024\/\"},{\"@type\":\"ListItem\",\"position\":2,\"name\":\"Palvelut\",\"item\":\"https:\/\/www.suviseurat.fi/2024\/palvelut\/\"},{\"@type\":\"ListItem\",\"position\":3,\"name\":\"Myym\u00e4l\u00e4, kioskit, grillit ja panini\"}]},{\"@type\":\"WebSite\",\"@id\":\"https:\/\/www.suviseurat.fi/2024\/#website\",\"url\":\"https:\/\/www.suviseurat.fi/2024\/\",\"name\":\"SRK:n Suviseurat Pudasj\u00e4rvell\u00e4 2024\",\"description\":\"Olenko min\u00e4 sinulle rakas?\",\"publisher\":{\"@id\":\"https:\/\/www.suviseurat.fi/2024\/#organization\"},\"potentialAction\":[{\"@type\":\"SearchAction\",\"target\":{\"@type\":\"EntryPoint\",\"urlTemplate\":\"https:\/\/www.suviseurat.fi/2024\/?s={search_term_string}\"},\"query-input\":\"required name=search_term_string\"}],\"inLanguage\":\"fi\"},{\"@type\":\"Organization\",\"@id\":\"https:\/\/www.suviseurat.fi/2024\/#organization\",\"name\":\"Suviseurat\",\"url\":\"https:\/\/www.suviseurat.fi/2024\/\",\"logo\":{\"@type\":\"ImageObject\",\"inLanguage\":\"fi\",\"@id\":\"https:\/\/www.suviseurat.fi/2024\/#\/schema\/logo\/image\/\",\"url\":\"https:\/\/www.suviseurat.fi/2024\/wp-content\/uploads\/2023\/10\/tunnus-nelio.jpg\",\"contentUrl\":\"https:\/\/www.suviseurat.fi/2024\/wp-content\/uploads\/2023\/10\/tunnus-nelio.jpg\",\"width\":1000,\"height\":1000,\"caption\":\"Suviseurat\"},\"image\":{\"@id\":\"https:\/\/www.suviseurat.fi/2024\/#\/schema\/logo\/image\/\"},\"sameAs\":[\"https:\/\/www.facebook.com\/SRKryNyt\/\",\"https:\/\/x.com\/Suviseurat\",\"https:\/\/www.facebook.com\/srksuviseurat\/\",\"https:\/\/www.youtube.com\/@SRKnyt\",\"https:\/\/www.instagram.com\/srk_nyt\/\",\"https:\/\/www.flickr.com\/photos\/suviseurat\"]}]}<\/script>\n<!-- \/ Yoast SEO plugin. -->","yoast_head_json":{"title":"Myym\u00e4l\u00e4, kioskit, grillit ja panini - SRK:n Suviseurat Pudasj\u00e4rvell\u00e4 2024","description":"Katso myym\u00e4l\u00e4n, kioskien ja grillien aukioloajat t\u00e4\u00e4lt\u00e4.","robots":{"index":"index","follow":"follow","max-snippet":"max-snippet:-1","max-image-preview":"max-image-preview:large","max-video-preview":"max-video-preview:-1"},"canonical":"https:\/\/www.suviseurat.fi/2024\/palvelut\/myymala-kioskit-grillit-ja-panini\/","og_locale":"fi_FI","og_type":"article","og_title":"Myym\u00e4l\u00e4, kioskit, grillit ja panini - SRK:n Suviseurat Pudasj\u00e4rvell\u00e4 2024","og_description":"Katso myym\u00e4l\u00e4n, kioskien ja grillien aukioloajat t\u00e4\u00e4lt\u00e4.","og_url":"https:\/\/www.suviseurat.fi/2024\/palvelut\/myymala-kioskit-grillit-ja-panini\/","og_site_name":"SRK:n Suviseurat Pudasj\u00e4rvell\u00e4 2024","article_publisher":"https:\/\/www.facebook.com\/SRKryNyt\/","article_modified_time":"2024-06-20T09:07:41+00:00","twitter_card":"summary_large_image","twitter_site":"@Suviseurat","twitter_misc":{"Arvioitu lukuaika":"1 minuutti"},"schema":{"@context":"https:\/\/schema.org","@graph":[{"@type":"WebPage","@id":"https:\/\/www.suviseurat.fi/2024\/palvelut\/myymala-kioskit-grillit-ja-panini\/","url":"https:\/\/www.suviseurat.fi/2024\/palvelut\/myymala-kioskit-grillit-ja-panini\/","name":"Myym\u00e4l\u00e4, kioskit, grillit ja panini - SRK:n Suviseurat Pudasj\u00e4rvell\u00e4 2024","isPartOf":{"@id":"https:\/\/www.suviseurat.fi/2024\/#website"},"datePublished":"2024-05-14T12:18:21+00:00","dateModified":"2024-06-20T09:07:41+00:00","description":"Katso myym\u00e4l\u00e4n, kioskien ja grillien aukioloajat t\u00e4\u00e4lt\u00e4.","breadcrumb":{"@id":"https:\/\/www.suviseurat.fi/2024\/palvelut\/myymala-kioskit-grillit-ja-panini\/#breadcrumb"},"inLanguage":"fi","potentialAction":[{"@type":"ReadAction","target":["https:\/\/www.suviseurat.fi/2024\/palvelut\/myymala-kioskit-grillit-ja-panini\/"]}]},{"@type":"BreadcrumbList","@id":"https:\/\/www.suviseurat.fi/2024\/palvelut\/myymala-kioskit-grillit-ja-panini\/#breadcrumb","itemListElement":[{"@type":"ListItem","position":1,"name":"Etusivu","item":"https:\/\/www.suviseurat.fi/2024\/"},{"@type":"ListItem","position":2,"name":"Palvelut","item":"https:\/\/www.suviseurat.fi/2024\/palvelut\/"},{"@type":"ListItem","position":3,"name":"Myym\u00e4l\u00e4, kioskit, grillit ja panini"}]},{"@type":"WebSite","@id":"https:\/\/www.suviseurat.fi/2024\/#website","url":"https:\/\/www.suviseurat.fi/2024\/","name":"SRK:n Suviseurat Pudasj\u00e4rvell\u00e4 2024","description":"Olenko min\u00e4 sinulle rakas?","publisher":{"@id":"https:\/\/www.suviseurat.fi/2024\/#organization"},"potentialAction":[{"@type":"SearchAction","target":{"@type":"EntryPoint","urlTemplate":"https:\/\/www.suviseurat.fi/2024\/?s={search_term_string}"},"query-input":"required name=search_term_string"}],"inLanguage":"fi"},{"@type":"Organization","@id":"https:\/\/www.suviseurat.fi/2024\/#organization","name":"Suviseurat","url":"https:\/\/www.suviseurat.fi/2024\/","logo":{"@type":"ImageObject","inLanguage":"fi","@id":"https:\/\/www.suviseurat.fi/2024\/#\/schema\/logo\/image\/","url":"https:\/\/www.suviseurat.fi/2024\/wp-content\/uploads\/2023\/10\/tunnus-nelio.jpg","contentUrl":"https:\/\/www.suviseurat.fi/2024\/wp-content\/uploads\/2023\/10\/tunnus-nelio.jpg","width":1000,"height":1000,"caption":"Suviseurat"},"image":{"@id":"https:\/\/www.suviseurat.fi/2024\/#\/schema\/logo\/image\/"},"sameAs":["https:\/\/www.facebook.com\/SRKryNyt\/","https:\/\/x.com\/Suviseurat","https:\/\/www.facebook.com\/srksuviseurat\/","https:\/\/www.youtube.com\/@SRKnyt","https:\/\/www.instagram.com\/srk_nyt\/","https:\/\/www.flickr.com\/photos\/suviseurat"]}]}},"_links":{"self":[{"href":"https:\/\/www.suviseurat.fi/2024\/wp-json\/wp\/v2\/pages\/884"}],"collection":[{"href":"https:\/\/www.suviseurat.fi/2024\/wp-json\/wp\/v2\/pages"}],"about":[{"href":"https:\/\/www.suviseurat.fi/2024\/wp-json\/wp\/v2\/types\/page"}],"author":[{"embeddable":true,"href":"https:\/\/www.suviseurat.fi/2024\/wp-json\/wp\/v2\/users\/19"}],"replies":[{"embeddable":true,"href":"https:\/\/www.suviseurat.fi/2024\/wp-json\/wp\/v2\/comments?post=884"}],"version-history":[{"count":28,"href":"https:\/\/www.suviseurat.fi/2024\/wp-json\/wp\/v2\/pages\/884\/revisions"}],"predecessor-version":[{"id":20611,"href":"https:\/\/www.suviseurat.fi/2024\/wp-json\/wp\/v2\/pages\/884\/revisions\/20611"}],"up":[{"embeddable":true,"href":"https:\/\/www.suviseurat.fi/2024\/wp-json\/wp\/v2\/pages\/857"}],"wp:attachment":[{"href":"https:\/\/www.suviseurat.fi/2024\/wp-json\/wp\/v2\/media?parent=884"}],"curies":[{"name":"wp","href":"https:\/\/api.w.org\/{rel}","templated":true}]}}