{"id":888,"date":"2024-05-14T15:17:05","date_gmt":"2024-05-14T12:17:05","guid":{"rendered":"https:\/\/www.suviseurat.fi/2024\/?page_id=888"},"modified":"2024-06-10T22:08:32","modified_gmt":"2024-06-10T19:08:32","slug":"terveyspalvelut","status":"publish","type":"page","link":"https:\/\/www.suviseurat.fi/2024\/palvelut\/terveyspalvelut\/","title":{"rendered":"Terveyspalvelut"},"content":{"rendered":"<h3>Apteekki<\/h3>\n<table style=\"height: 87px;width: 40.1192%\" width=\"267\">\n<tbody>\n<tr>\n<td style=\"background-color: #f0f0f0;width: 18.7853%;text-align: left\"><strong>Avoinna<\/strong><\/td>\n<td style=\"background-color: #f0f0f0;text-align: center;width: 16.244%\"><\/td>\n<\/tr>\n<tr>\n<td style=\"width: 18.7853%\">torstai\u2013sunnuntai<\/td>\n<td style=\"width: 16.244%\">klo 10\u201322<\/td>\n<\/tr>\n<tr>\n<td style=\"width: 18.7853%\">maanantai<\/td>\n<td style=\"width: 16.244%\">klo 10\u201314<\/td>\n<\/tr>\n<\/tbody>\n<\/table>\n<p><span style=\"font-weight: 400\">Myynniss\u00e4 itsehoitol\u00e4\u00e4kkeit\u00e4, mm. kipu- ja allergial\u00e4\u00e4kkeit\u00e4 ja haavanhoitotuotteita. Reseptil\u00e4\u00e4kkeiden toimitukset hoidetaan suviseura-apteekin kautta seura-aikana.<\/span><\/p>\n<h3>Ensiapuasema<\/h3>\n<table style=\"height: 84px;width: 40.4762%\" width=\"261\">\n<tbody>\n<tr style=\"height: 27px\">\n<td style=\"background-color: #f0f0f0;width: 100%;text-align: left;height: 27px\"><b>P\u00e4ivystys<\/b><\/td>\n<\/tr>\n<tr style=\"height: 57px\">\n<td style=\"width: 100%;height: 57px\">torstai klo 12 &#8211; maanantai klo 15<\/td>\n<\/tr>\n<\/tbody>\n<\/table>\n<p>Puhelin:\u00a0 +358 40 1320 740<\/p>\n<p><span style=\"font-weight: 400\">Suviseurojen ensiapuasemalla toimii p\u00e4ivystysvastaanotto torstaista klo 12 l\u00e4htien maanantaihin klo 15 saakka. P\u00e4ivystys on tarkoitettu vain v\u00e4litt\u00f6m\u00e4n ensiavun tarpeessa oleville potilaille. Muut terveytt\u00e4 tai sairautta koskevat asiat eiv\u00e4t kuulu Suviseurojen ensiaputoiminnan piiriin. Jollei ensiavun tarpeessa oleva kykene omin voimin tulemaan ensiapuasemalle, on soitettava 112. Ensiavussa perit\u00e4\u00e4n poliklinikkamaksu 20 \u20ac\/henkil\u00f6.<\/span><\/p>\n<h3>Ensihoito<\/h3>\n<table style=\"height: 70px;width: 40.9606%\" width=\"247\">\n<tbody>\n<tr style=\"height: 23px\">\n<td style=\"background-color: #f0f0f0;width: 100%;text-align: left;height: 23px\"><strong>P\u00e4ivystys<\/strong><\/td>\n<\/tr>\n<tr style=\"height: 47px\">\n<td style=\"width: 100%;height: 47px\">keskiviikko klo 9 \u2013 maanantai klo 20<\/td>\n<\/tr>\n<\/tbody>\n<\/table>\n<p><span style=\"font-weight: 400\">Ensihoito p\u00e4ivyst\u00e4\u00e4 torstaista klo 8 alkaen maanantaihin klo 20 saakka. Ensihoito h\u00e4lytet\u00e4\u00e4n yleisest\u00e4 h\u00e4t\u00e4numerosta 112 tai ottamalla yhteytt\u00e4 l\u00e4himp\u00e4\u00e4n j\u00e4rjestyksenvalvojaan tai liikenteenohjaajaan. <\/span><\/p>\n<p><span style=\"font-weight: 400\">Ohjaa ensihoito paikalle karttaruudun numeron ja kirjaimen avulla. Mahdollista h\u00e4lytystilannetta varten merkitse sijaintisi etuk\u00e4teen esim. kentt\u00e4maksulipukkeeseen seuraohjelman kartan ruudukon avulla. H\u00e4t\u00e4ilmoituksen tekemiseen voit k\u00e4ytt\u00e4\u00e4 puhelimeen ladattavaa 112 Suomi -sovellusta, jonka avulla h\u00e4t\u00e4keskus saa tarkan tiedon sijainnistasi.<\/span><\/p>\n","protected":false},"excerpt":{"rendered":"<p>Apteekki Avoinna torstai\u2013sunnuntai klo 10\u201322 maanantai klo 10\u201314 Myynniss\u00e4 itsehoitol\u00e4\u00e4kkeit\u00e4, mm. kipu- ja allergial\u00e4\u00e4kkeit\u00e4 ja<a class=\"moretag\" href=\"https:\/\/www.suviseurat.fi/2024\/palvelut\/terveyspalvelut\/\">Jatka lukemista ><\/a><\/p>\n","protected":false},"author":19,"featured_media":0,"parent":857,"menu_order":7,"comment_status":"closed","ping_status":"closed","template":"","meta":{"_acf_changed":false,"footnotes":""},"class_list":["post-888","page","type-page","status-publish","hentry"],"acf":[],"yoast_head":"<!-- This site is optimized with the Yoast SEO plugin v23.3 - https:\/\/yoast.com\/wordpress\/plugins\/seo\/ -->\n<title>Terveyspalvelut - SRK:n Suviseurat Pudasj\u00e4rvell\u00e4 2024<\/title>\n<meta name=\"description\" content=\"T\u00e4ll\u00e4 sivulla on tietoa Suviseurojen terveyspalveluista eli apteekista, ensiapuasemasta ja ensihoidosta.\" \/>\n<meta name=\"robots\" content=\"index, follow, max-snippet:-1, max-image-preview:large, max-video-preview:-1\" \/>\n<link rel=\"canonical\" href=\"https:\/\/www.suviseurat.fi/2024\/palvelut\/terveyspalvelut\/\" \/>\n<meta property=\"og:locale\" content=\"fi_FI\" \/>\n<meta property=\"og:type\" content=\"article\" \/>\n<meta property=\"og:title\" content=\"Terveyspalvelut - SRK:n Suviseurat Pudasj\u00e4rvell\u00e4 2024\" \/>\n<meta property=\"og:description\" content=\"T\u00e4ll\u00e4 sivulla on tietoa Suviseurojen terveyspalveluista eli apteekista, ensiapuasemasta ja ensihoidosta.\" \/>\n<meta property=\"og:url\" content=\"https:\/\/www.suviseurat.fi/2024\/palvelut\/terveyspalvelut\/\" \/>\n<meta property=\"og:site_name\" content=\"SRK:n Suviseurat Pudasj\u00e4rvell\u00e4 2024\" \/>\n<meta property=\"article:publisher\" content=\"https:\/\/www.facebook.com\/SRKryNyt\/\" \/>\n<meta property=\"article:modified_time\" content=\"2024-06-10T19:08:32+00:00\" \/>\n<meta name=\"twitter:card\" content=\"summary_large_image\" \/>\n<meta name=\"twitter:site\" content=\"@Suviseurat\" \/>\n<meta name=\"twitter:label1\" content=\"Arvioitu lukuaika\" \/>\n\t<meta name=\"twitter:data1\" content=\"2 minuuttia\" \/>\n<script type=\"application\/ld+json\" class=\"yoast-schema-graph\">{\"@context\":\"https:\/\/schema.org\",\"@graph\":[{\"@type\":\"WebPage\",\"@id\":\"https:\/\/www.suviseurat.fi/2024\/palvelut\/terveyspalvelut\/\",\"url\":\"https:\/\/www.suviseurat.fi/2024\/palvelut\/terveyspalvelut\/\",\"name\":\"Terveyspalvelut - SRK:n Suviseurat Pudasj\u00e4rvell\u00e4 2024\",\"isPartOf\":{\"@id\":\"https:\/\/www.suviseurat.fi/2024\/#website\"},\"datePublished\":\"2024-05-14T12:17:05+00:00\",\"dateModified\":\"2024-06-10T19:08:32+00:00\",\"description\":\"T\u00e4ll\u00e4 sivulla on tietoa Suviseurojen terveyspalveluista eli apteekista, ensiapuasemasta ja ensihoidosta.\",\"breadcrumb\":{\"@id\":\"https:\/\/www.suviseurat.fi/2024\/palvelut\/terveyspalvelut\/#breadcrumb\"},\"inLanguage\":\"fi\",\"potentialAction\":[{\"@type\":\"ReadAction\",\"target\":[\"https:\/\/www.suviseurat.fi/2024\/palvelut\/terveyspalvelut\/\"]}]},{\"@type\":\"BreadcrumbList\",\"@id\":\"https:\/\/www.suviseurat.fi/2024\/palvelut\/terveyspalvelut\/#breadcrumb\",\"itemListElement\":[{\"@type\":\"ListItem\",\"position\":1,\"name\":\"Etusivu\",\"item\":\"https:\/\/www.suviseurat.fi/2024\/\"},{\"@type\":\"ListItem\",\"position\":2,\"name\":\"Palvelut\",\"item\":\"https:\/\/www.suviseurat.fi/2024\/palvelut\/\"},{\"@type\":\"ListItem\",\"position\":3,\"name\":\"Terveyspalvelut\"}]},{\"@type\":\"WebSite\",\"@id\":\"https:\/\/www.suviseurat.fi/2024\/#website\",\"url\":\"https:\/\/www.suviseurat.fi/2024\/\",\"name\":\"SRK:n Suviseurat Pudasj\u00e4rvell\u00e4 2024\",\"description\":\"Olenko min\u00e4 sinulle rakas?\",\"publisher\":{\"@id\":\"https:\/\/www.suviseurat.fi/2024\/#organization\"},\"potentialAction\":[{\"@type\":\"SearchAction\",\"target\":{\"@type\":\"EntryPoint\",\"urlTemplate\":\"https:\/\/www.suviseurat.fi/2024\/?s={search_term_string}\"},\"query-input\":\"required name=search_term_string\"}],\"inLanguage\":\"fi\"},{\"@type\":\"Organization\",\"@id\":\"https:\/\/www.suviseurat.fi/2024\/#organization\",\"name\":\"Suviseurat\",\"url\":\"https:\/\/www.suviseurat.fi/2024\/\",\"logo\":{\"@type\":\"ImageObject\",\"inLanguage\":\"fi\",\"@id\":\"https:\/\/www.suviseurat.fi/2024\/#\/schema\/logo\/image\/\",\"url\":\"https:\/\/www.suviseurat.fi/2024\/wp-content\/uploads\/2023\/10\/tunnus-nelio.jpg\",\"contentUrl\":\"https:\/\/www.suviseurat.fi/2024\/wp-content\/uploads\/2023\/10\/tunnus-nelio.jpg\",\"width\":1000,\"height\":1000,\"caption\":\"Suviseurat\"},\"image\":{\"@id\":\"https:\/\/www.suviseurat.fi/2024\/#\/schema\/logo\/image\/\"},\"sameAs\":[\"https:\/\/www.facebook.com\/SRKryNyt\/\",\"https:\/\/x.com\/Suviseurat\",\"https:\/\/www.facebook.com\/srksuviseurat\/\",\"https:\/\/www.youtube.com\/@SRKnyt\",\"https:\/\/www.instagram.com\/srk_nyt\/\",\"https:\/\/www.flickr.com\/photos\/suviseurat\"]}]}<\/script>\n<!-- \/ Yoast SEO plugin. -->","yoast_head_json":{"title":"Terveyspalvelut - SRK:n Suviseurat Pudasj\u00e4rvell\u00e4 2024","description":"T\u00e4ll\u00e4 sivulla on tietoa Suviseurojen terveyspalveluista eli apteekista, ensiapuasemasta ja ensihoidosta.","robots":{"index":"index","follow":"follow","max-snippet":"max-snippet:-1","max-image-preview":"max-image-preview:large","max-video-preview":"max-video-preview:-1"},"canonical":"https:\/\/www.suviseurat.fi/2024\/palvelut\/terveyspalvelut\/","og_locale":"fi_FI","og_type":"article","og_title":"Terveyspalvelut - SRK:n Suviseurat Pudasj\u00e4rvell\u00e4 2024","og_description":"T\u00e4ll\u00e4 sivulla on tietoa Suviseurojen terveyspalveluista eli apteekista, ensiapuasemasta ja ensihoidosta.","og_url":"https:\/\/www.suviseurat.fi/2024\/palvelut\/terveyspalvelut\/","og_site_name":"SRK:n Suviseurat Pudasj\u00e4rvell\u00e4 2024","article_publisher":"https:\/\/www.facebook.com\/SRKryNyt\/","article_modified_time":"2024-06-10T19:08:32+00:00","twitter_card":"summary_large_image","twitter_site":"@Suviseurat","twitter_misc":{"Arvioitu lukuaika":"2 minuuttia"},"schema":{"@context":"https:\/\/schema.org","@graph":[{"@type":"WebPage","@id":"https:\/\/www.suviseurat.fi/2024\/palvelut\/terveyspalvelut\/","url":"https:\/\/www.suviseurat.fi/2024\/palvelut\/terveyspalvelut\/","name":"Terveyspalvelut - SRK:n Suviseurat Pudasj\u00e4rvell\u00e4 2024","isPartOf":{"@id":"https:\/\/www.suviseurat.fi/2024\/#website"},"datePublished":"2024-05-14T12:17:05+00:00","dateModified":"2024-06-10T19:08:32+00:00","description":"T\u00e4ll\u00e4 sivulla on tietoa Suviseurojen terveyspalveluista eli apteekista, ensiapuasemasta ja ensihoidosta.","breadcrumb":{"@id":"https:\/\/www.suviseurat.fi/2024\/palvelut\/terveyspalvelut\/#breadcrumb"},"inLanguage":"fi","potentialAction":[{"@type":"ReadAction","target":["https:\/\/www.suviseurat.fi/2024\/palvelut\/terveyspalvelut\/"]}]},{"@type":"BreadcrumbList","@id":"https:\/\/www.suviseurat.fi/2024\/palvelut\/terveyspalvelut\/#breadcrumb","itemListElement":[{"@type":"ListItem","position":1,"name":"Etusivu","item":"https:\/\/www.suviseurat.fi/2024\/"},{"@type":"ListItem","position":2,"name":"Palvelut","item":"https:\/\/www.suviseurat.fi/2024\/palvelut\/"},{"@type":"ListItem","position":3,"name":"Terveyspalvelut"}]},{"@type":"WebSite","@id":"https:\/\/www.suviseurat.fi/2024\/#website","url":"https:\/\/www.suviseurat.fi/2024\/","name":"SRK:n Suviseurat Pudasj\u00e4rvell\u00e4 2024","description":"Olenko min\u00e4 sinulle rakas?","publisher":{"@id":"https:\/\/www.suviseurat.fi/2024\/#organization"},"potentialAction":[{"@type":"SearchAction","target":{"@type":"EntryPoint","urlTemplate":"https:\/\/www.suviseurat.fi/2024\/?s={search_term_string}"},"query-input":"required name=search_term_string"}],"inLanguage":"fi"},{"@type":"Organization","@id":"https:\/\/www.suviseurat.fi/2024\/#organization","name":"Suviseurat","url":"https:\/\/www.suviseurat.fi/2024\/","logo":{"@type":"ImageObject","inLanguage":"fi","@id":"https:\/\/www.suviseurat.fi/2024\/#\/schema\/logo\/image\/","url":"https:\/\/www.suviseurat.fi/2024\/wp-content\/uploads\/2023\/10\/tunnus-nelio.jpg","contentUrl":"https:\/\/www.suviseurat.fi/2024\/wp-content\/uploads\/2023\/10\/tunnus-nelio.jpg","width":1000,"height":1000,"caption":"Suviseurat"},"image":{"@id":"https:\/\/www.suviseurat.fi/2024\/#\/schema\/logo\/image\/"},"sameAs":["https:\/\/www.facebook.com\/SRKryNyt\/","https:\/\/x.com\/Suviseurat","https:\/\/www.facebook.com\/srksuviseurat\/","https:\/\/www.youtube.com\/@SRKnyt","https:\/\/www.instagram.com\/srk_nyt\/","https:\/\/www.flickr.com\/photos\/suviseurat"]}]}},"_links":{"self":[{"href":"https:\/\/www.suviseurat.fi/2024\/wp-json\/wp\/v2\/pages\/888"}],"collection":[{"href":"https:\/\/www.suviseurat.fi/2024\/wp-json\/wp\/v2\/pages"}],"about":[{"href":"https:\/\/www.suviseurat.fi/2024\/wp-json\/wp\/v2\/types\/page"}],"author":[{"embeddable":true,"href":"https:\/\/www.suviseurat.fi/2024\/wp-json\/wp\/v2\/users\/19"}],"replies":[{"embeddable":true,"href":"https:\/\/www.suviseurat.fi/2024\/wp-json\/wp\/v2\/comments?post=888"}],"version-history":[{"count":12,"href":"https:\/\/www.suviseurat.fi/2024\/wp-json\/wp\/v2\/pages\/888\/revisions"}],"predecessor-version":[{"id":19588,"href":"https:\/\/www.suviseurat.fi/2024\/wp-json\/wp\/v2\/pages\/888\/revisions\/19588"}],"up":[{"embeddable":true,"href":"https:\/\/www.suviseurat.fi/2024\/wp-json\/wp\/v2\/pages\/857"}],"wp:attachment":[{"href":"https:\/\/www.suviseurat.fi/2024\/wp-json\/wp\/v2\/media?parent=888"}],"curies":[{"name":"wp","href":"https:\/\/api.w.org\/{rel}","templated":true}]}}