{"id":901,"date":"2024-05-14T15:16:37","date_gmt":"2024-05-14T12:16:37","guid":{"rendered":"https:\/\/www.suviseurat.fi/2024\/?page_id=901"},"modified":"2024-05-14T15:16:38","modified_gmt":"2024-05-14T12:16:38","slug":"lasten-hoivapalvelut","status":"publish","type":"page","link":"https:\/\/www.suviseurat.fi/2024\/palvelut\/lasten-hoivapalvelut\/","title":{"rendered":"Lasten hoivapalvelut"},"content":{"rendered":"<h3><strong>Eksyneet lapset<\/strong><\/h3>\n<p>Yhteydenotot <span style=\"font-weight: 400\">eksyneest\u00e4 lapsesta p. <strong>040 132 0745<\/strong><\/span><\/p>\n<p><span style=\"font-weight: 400\">Kiinnit\u00e4 lapsesi vaatteisiin nimilappu tai hanki h\u00e4nelle ranneke, jossa on vanhempien puhelinnumerot. Rannekkeita myyd\u00e4\u00e4n infossa ja myym\u00e4l\u00e4ss\u00e4.<\/span><\/p>\n<p><span style=\"font-weight: 400\"><strong>Eksyneiden lasten hoivapaikan kiinni ollessa ota yhteys turvatoimiston turvap\u00e4ivystykseen p. 040 132 0763<\/strong> ja saata lapsi turvatoimistoon tai l\u00e4himm\u00e4n j\u00e4rjestyksenvalvojan luo.<\/span><\/p>\n<table style=\"width: 69.5341%\">\n<tbody>\n<tr>\n<td style=\"background-color: #f0f0f0;width: 30.1452%;text-align: left\"><strong>Eksyneiden lasten hoivapaikka avoinna<\/strong><\/td>\n<td style=\"background-color: #f0f0f0;text-align: center;width: 8.55596%\"><\/td>\n<\/tr>\n<tr>\n<td style=\"width: 30.1452%\">torstai<\/td>\n<td style=\"width: 8.55596%;text-align: left\">klo 10\u201324<\/td>\n<\/tr>\n<tr>\n<td style=\"width: 30.1452%\">perjantai\u2013sunnuntai<\/td>\n<td style=\"width: 8.55596%;text-align: left\">klo 10\u201324<\/td>\n<\/tr>\n<tr>\n<td style=\"width: 30.1452%\">maanantai<\/td>\n<td style=\"width: 8.55596%;text-align: left\">klo 10\u201315<\/td>\n<\/tr>\n<tr>\n<td style=\"width: 30.1452%\"><\/td>\n<td style=\"width: 8.55596%;text-align: left\"><\/td>\n<\/tr>\n<tr>\n<td style=\"width: 30.1452%\"><\/td>\n<td style=\"width: 8.55596%;text-align: left\"><\/td>\n<\/tr>\n<\/tbody>\n<\/table>\n<p>\u200e<\/p>\n<h3><strong>Pienten lasten rintaruokinta, lastenruokien l\u00e4mmitys- ja ruokailutila.<\/strong><\/h3>\n<table style=\"width: 68.8095%;height: 154px\">\n<tbody>\n<tr style=\"height: 27px\">\n<td style=\"background-color: #f0f0f0;width: 67.8571%;text-align: left;height: 27px\" colspan=\"2\"><strong>Pienten lasten ruokailutila avoinna<\/strong><\/td>\n<\/tr>\n<tr style=\"height: 27px\">\n<td style=\"width: 53.4524%;height: 27px\">torstai<\/td>\n<td style=\"width: 14.4047%;height: 27px;text-align: left\">klo 11\u201323<\/td>\n<\/tr>\n<tr style=\"height: 27px\">\n<td style=\"width: 53.4524%;height: 27px\">perjantai\u2013sunnuntai<\/td>\n<td style=\"width: 14.4047%;height: 27px;text-align: left\">klo 10\u201323<\/td>\n<\/tr>\n<tr style=\"height: 27px\">\n<td style=\"width: 53.4524%;height: 27px\">maanantai<\/td>\n<td style=\"width: 14.4047%;height: 27px;text-align: left\">klo 10\u201314<\/td>\n<\/tr>\n<tr style=\"height: 23px\">\n<td style=\"width: 53.4524%;height: 23px\"><\/td>\n<td style=\"width: 14.4047%;text-align: left;height: 23px\"><\/td>\n<\/tr>\n<tr style=\"height: 23px\">\n<td style=\"width: 53.4524%;height: 23px\"><\/td>\n<td style=\"width: 14.4047%;text-align: left;height: 23px\"><\/td>\n<\/tr>\n<\/tbody>\n<\/table>\n<p>\u200e<\/p>\n<h3><strong>Lasten pesupaikka<\/strong><\/h3>\n<p><span style=\"font-weight: 400\">Pesupaikat on tarkoitettu vaippaik\u00e4isille lapsille. Ripulia sairastaville on oma pesutila. Otathan omat suoja-alustat, pyyhkeet, vaipat ja pesuaineet mukaan.<\/span><\/p>\n<table style=\"height: 122px;width: 69.7619%\" width=\"404\">\n<tbody>\n<tr>\n<td style=\"background-color: #f0f0f0;width: 52.0315%;text-align: left\"><strong>Lasten pesupaikat avoinna<\/strong><\/td>\n<td style=\"background-color: #f0f0f0;text-align: center;width: 16.1114%\"><\/td>\n<\/tr>\n<tr>\n<td style=\"width: 52.0315%\">keskiviikko (vain keskuskent\u00e4n pesupaikka)<\/td>\n<td style=\"width: 16.1114%;text-align: left\">klo 11\u201323<\/td>\n<\/tr>\n<tr>\n<td style=\"width: 52.0315%\">torstai<\/td>\n<td style=\"width: 16.1114%;text-align: left\">klo 11\u201323<\/td>\n<\/tr>\n<tr>\n<td style=\"width: 52.0315%\">perjantai\u2013sunnuntai<\/td>\n<td style=\"width: 16.1114%;text-align: left\">klo 9\u201323<\/td>\n<\/tr>\n<tr>\n<td style=\"width: 52.0315%\">maanantai<\/td>\n<td style=\"width: 16.1114%;text-align: left\">klo 9\u201314<\/td>\n<\/tr>\n<\/tbody>\n<\/table>\n<p>Pesupaikkojen sijainti: WC 1\u20138, WC 10<\/p>\n<p>\u200e<\/p>\n<h3><strong>Kentt\u00e4aikuiset<\/strong><\/h3>\n<p>Kentt\u00e4aikuisten teht\u00e4v\u00e4n\u00e4 on kohdata lapsia ja nuoria seura-alueella ilta- ja y\u00f6aikana. Tarkoituksena on toimia turvallisina ja helposti l\u00e4hestytt\u00e4vin\u00e4 aikuisina ja keskustelukavereina.<\/p>\n","protected":false},"excerpt":{"rendered":"<p>Eksyneet lapset Yhteydenotot eksyneest\u00e4 lapsesta p. 040 132 0745 Kiinnit\u00e4 lapsesi vaatteisiin nimilappu tai hanki<a class=\"moretag\" href=\"https:\/\/www.suviseurat.fi/2024\/palvelut\/lasten-hoivapalvelut\/\">Jatka lukemista ><\/a><\/p>\n","protected":false},"author":19,"featured_media":0,"parent":857,"menu_order":8,"comment_status":"closed","ping_status":"closed","template":"","meta":{"_acf_changed":false,"footnotes":""},"class_list":["post-901","page","type-page","status-publish","hentry"],"acf":[],"yoast_head":"<!-- This site is optimized with the Yoast SEO plugin v23.3 - https:\/\/yoast.com\/wordpress\/plugins\/seo\/ -->\n<title>Lasten hoivapalvelut - SRK:n Suviseurat Pudasj\u00e4rvell\u00e4 2024<\/title>\n<meta name=\"description\" content=\"Eksyneet lapset Yhteydenotot eksyneest\u00e4 lapsesta p. 040 132 0745 Kiinnit\u00e4 lapsesi vaatteisiin nimilappu tai hanki h\u00e4nelle ranneke, jossa on vanhempien\" \/>\n<meta name=\"robots\" content=\"index, follow, max-snippet:-1, max-image-preview:large, max-video-preview:-1\" \/>\n<link rel=\"canonical\" href=\"https:\/\/www.suviseurat.fi/2024\/palvelut\/lasten-hoivapalvelut\/\" \/>\n<meta property=\"og:locale\" content=\"fi_FI\" \/>\n<meta property=\"og:type\" content=\"article\" \/>\n<meta property=\"og:title\" content=\"Lasten hoivapalvelut - SRK:n Suviseurat Pudasj\u00e4rvell\u00e4 2024\" \/>\n<meta property=\"og:description\" content=\"Eksyneet lapset Yhteydenotot eksyneest\u00e4 lapsesta p. 040 132 0745 Kiinnit\u00e4 lapsesi vaatteisiin nimilappu tai hanki h\u00e4nelle ranneke, jossa on vanhempien\" \/>\n<meta property=\"og:url\" content=\"https:\/\/www.suviseurat.fi/2024\/palvelut\/lasten-hoivapalvelut\/\" \/>\n<meta property=\"og:site_name\" content=\"SRK:n Suviseurat Pudasj\u00e4rvell\u00e4 2024\" \/>\n<meta property=\"article:publisher\" content=\"https:\/\/www.facebook.com\/SRKryNyt\/\" \/>\n<meta property=\"article:modified_time\" content=\"2024-05-14T12:16:38+00:00\" \/>\n<meta name=\"twitter:card\" content=\"summary_large_image\" \/>\n<meta name=\"twitter:site\" content=\"@Suviseurat\" \/>\n<meta name=\"twitter:label1\" content=\"Arvioitu lukuaika\" \/>\n\t<meta name=\"twitter:data1\" content=\"2 minuuttia\" \/>\n<script type=\"application\/ld+json\" class=\"yoast-schema-graph\">{\"@context\":\"https:\/\/schema.org\",\"@graph\":[{\"@type\":\"WebPage\",\"@id\":\"https:\/\/www.suviseurat.fi/2024\/palvelut\/lasten-hoivapalvelut\/\",\"url\":\"https:\/\/www.suviseurat.fi/2024\/palvelut\/lasten-hoivapalvelut\/\",\"name\":\"Lasten hoivapalvelut - SRK:n Suviseurat Pudasj\u00e4rvell\u00e4 2024\",\"isPartOf\":{\"@id\":\"https:\/\/www.suviseurat.fi/2024\/#website\"},\"datePublished\":\"2024-05-14T12:16:37+00:00\",\"dateModified\":\"2024-05-14T12:16:38+00:00\",\"description\":\"Eksyneet lapset Yhteydenotot eksyneest\u00e4 lapsesta p. 040 132 0745 Kiinnit\u00e4 lapsesi vaatteisiin nimilappu tai hanki h\u00e4nelle ranneke, jossa on vanhempien\",\"breadcrumb\":{\"@id\":\"https:\/\/www.suviseurat.fi/2024\/palvelut\/lasten-hoivapalvelut\/#breadcrumb\"},\"inLanguage\":\"fi\",\"potentialAction\":[{\"@type\":\"ReadAction\",\"target\":[\"https:\/\/www.suviseurat.fi/2024\/palvelut\/lasten-hoivapalvelut\/\"]}]},{\"@type\":\"BreadcrumbList\",\"@id\":\"https:\/\/www.suviseurat.fi/2024\/palvelut\/lasten-hoivapalvelut\/#breadcrumb\",\"itemListElement\":[{\"@type\":\"ListItem\",\"position\":1,\"name\":\"Etusivu\",\"item\":\"https:\/\/www.suviseurat.fi/2024\/\"},{\"@type\":\"ListItem\",\"position\":2,\"name\":\"Palvelut\",\"item\":\"https:\/\/www.suviseurat.fi/2024\/palvelut\/\"},{\"@type\":\"ListItem\",\"position\":3,\"name\":\"Lasten hoivapalvelut\"}]},{\"@type\":\"WebSite\",\"@id\":\"https:\/\/www.suviseurat.fi/2024\/#website\",\"url\":\"https:\/\/www.suviseurat.fi/2024\/\",\"name\":\"SRK:n Suviseurat Pudasj\u00e4rvell\u00e4 2024\",\"description\":\"Olenko min\u00e4 sinulle rakas?\",\"publisher\":{\"@id\":\"https:\/\/www.suviseurat.fi/2024\/#organization\"},\"potentialAction\":[{\"@type\":\"SearchAction\",\"target\":{\"@type\":\"EntryPoint\",\"urlTemplate\":\"https:\/\/www.suviseurat.fi/2024\/?s={search_term_string}\"},\"query-input\":\"required name=search_term_string\"}],\"inLanguage\":\"fi\"},{\"@type\":\"Organization\",\"@id\":\"https:\/\/www.suviseurat.fi/2024\/#organization\",\"name\":\"Suviseurat\",\"url\":\"https:\/\/www.suviseurat.fi/2024\/\",\"logo\":{\"@type\":\"ImageObject\",\"inLanguage\":\"fi\",\"@id\":\"https:\/\/www.suviseurat.fi/2024\/#\/schema\/logo\/image\/\",\"url\":\"https:\/\/www.suviseurat.fi/2024\/wp-content\/uploads\/2023\/10\/tunnus-nelio.jpg\",\"contentUrl\":\"https:\/\/www.suviseurat.fi/2024\/wp-content\/uploads\/2023\/10\/tunnus-nelio.jpg\",\"width\":1000,\"height\":1000,\"caption\":\"Suviseurat\"},\"image\":{\"@id\":\"https:\/\/www.suviseurat.fi/2024\/#\/schema\/logo\/image\/\"},\"sameAs\":[\"https:\/\/www.facebook.com\/SRKryNyt\/\",\"https:\/\/x.com\/Suviseurat\",\"https:\/\/www.facebook.com\/srksuviseurat\/\",\"https:\/\/www.youtube.com\/@SRKnyt\",\"https:\/\/www.instagram.com\/srk_nyt\/\",\"https:\/\/www.flickr.com\/photos\/suviseurat\"]}]}<\/script>\n<!-- \/ Yoast SEO plugin. -->","yoast_head_json":{"title":"Lasten hoivapalvelut - SRK:n Suviseurat Pudasj\u00e4rvell\u00e4 2024","description":"Eksyneet lapset Yhteydenotot eksyneest\u00e4 lapsesta p. 040 132 0745 Kiinnit\u00e4 lapsesi vaatteisiin nimilappu tai hanki h\u00e4nelle ranneke, jossa on vanhempien","robots":{"index":"index","follow":"follow","max-snippet":"max-snippet:-1","max-image-preview":"max-image-preview:large","max-video-preview":"max-video-preview:-1"},"canonical":"https:\/\/www.suviseurat.fi/2024\/palvelut\/lasten-hoivapalvelut\/","og_locale":"fi_FI","og_type":"article","og_title":"Lasten hoivapalvelut - SRK:n Suviseurat Pudasj\u00e4rvell\u00e4 2024","og_description":"Eksyneet lapset Yhteydenotot eksyneest\u00e4 lapsesta p. 040 132 0745 Kiinnit\u00e4 lapsesi vaatteisiin nimilappu tai hanki h\u00e4nelle ranneke, jossa on vanhempien","og_url":"https:\/\/www.suviseurat.fi/2024\/palvelut\/lasten-hoivapalvelut\/","og_site_name":"SRK:n Suviseurat Pudasj\u00e4rvell\u00e4 2024","article_publisher":"https:\/\/www.facebook.com\/SRKryNyt\/","article_modified_time":"2024-05-14T12:16:38+00:00","twitter_card":"summary_large_image","twitter_site":"@Suviseurat","twitter_misc":{"Arvioitu lukuaika":"2 minuuttia"},"schema":{"@context":"https:\/\/schema.org","@graph":[{"@type":"WebPage","@id":"https:\/\/www.suviseurat.fi/2024\/palvelut\/lasten-hoivapalvelut\/","url":"https:\/\/www.suviseurat.fi/2024\/palvelut\/lasten-hoivapalvelut\/","name":"Lasten hoivapalvelut - SRK:n Suviseurat Pudasj\u00e4rvell\u00e4 2024","isPartOf":{"@id":"https:\/\/www.suviseurat.fi/2024\/#website"},"datePublished":"2024-05-14T12:16:37+00:00","dateModified":"2024-05-14T12:16:38+00:00","description":"Eksyneet lapset Yhteydenotot eksyneest\u00e4 lapsesta p. 040 132 0745 Kiinnit\u00e4 lapsesi vaatteisiin nimilappu tai hanki h\u00e4nelle ranneke, jossa on vanhempien","breadcrumb":{"@id":"https:\/\/www.suviseurat.fi/2024\/palvelut\/lasten-hoivapalvelut\/#breadcrumb"},"inLanguage":"fi","potentialAction":[{"@type":"ReadAction","target":["https:\/\/www.suviseurat.fi/2024\/palvelut\/lasten-hoivapalvelut\/"]}]},{"@type":"BreadcrumbList","@id":"https:\/\/www.suviseurat.fi/2024\/palvelut\/lasten-hoivapalvelut\/#breadcrumb","itemListElement":[{"@type":"ListItem","position":1,"name":"Etusivu","item":"https:\/\/www.suviseurat.fi/2024\/"},{"@type":"ListItem","position":2,"name":"Palvelut","item":"https:\/\/www.suviseurat.fi/2024\/palvelut\/"},{"@type":"ListItem","position":3,"name":"Lasten hoivapalvelut"}]},{"@type":"WebSite","@id":"https:\/\/www.suviseurat.fi/2024\/#website","url":"https:\/\/www.suviseurat.fi/2024\/","name":"SRK:n Suviseurat Pudasj\u00e4rvell\u00e4 2024","description":"Olenko min\u00e4 sinulle rakas?","publisher":{"@id":"https:\/\/www.suviseurat.fi/2024\/#organization"},"potentialAction":[{"@type":"SearchAction","target":{"@type":"EntryPoint","urlTemplate":"https:\/\/www.suviseurat.fi/2024\/?s={search_term_string}"},"query-input":"required name=search_term_string"}],"inLanguage":"fi"},{"@type":"Organization","@id":"https:\/\/www.suviseurat.fi/2024\/#organization","name":"Suviseurat","url":"https:\/\/www.suviseurat.fi/2024\/","logo":{"@type":"ImageObject","inLanguage":"fi","@id":"https:\/\/www.suviseurat.fi/2024\/#\/schema\/logo\/image\/","url":"https:\/\/www.suviseurat.fi/2024\/wp-content\/uploads\/2023\/10\/tunnus-nelio.jpg","contentUrl":"https:\/\/www.suviseurat.fi/2024\/wp-content\/uploads\/2023\/10\/tunnus-nelio.jpg","width":1000,"height":1000,"caption":"Suviseurat"},"image":{"@id":"https:\/\/www.suviseurat.fi/2024\/#\/schema\/logo\/image\/"},"sameAs":["https:\/\/www.facebook.com\/SRKryNyt\/","https:\/\/x.com\/Suviseurat","https:\/\/www.facebook.com\/srksuviseurat\/","https:\/\/www.youtube.com\/@SRKnyt","https:\/\/www.instagram.com\/srk_nyt\/","https:\/\/www.flickr.com\/photos\/suviseurat"]}]}},"_links":{"self":[{"href":"https:\/\/www.suviseurat.fi/2024\/wp-json\/wp\/v2\/pages\/901"}],"collection":[{"href":"https:\/\/www.suviseurat.fi/2024\/wp-json\/wp\/v2\/pages"}],"about":[{"href":"https:\/\/www.suviseurat.fi/2024\/wp-json\/wp\/v2\/types\/page"}],"author":[{"embeddable":true,"href":"https:\/\/www.suviseurat.fi/2024\/wp-json\/wp\/v2\/users\/19"}],"replies":[{"embeddable":true,"href":"https:\/\/www.suviseurat.fi/2024\/wp-json\/wp\/v2\/comments?post=901"}],"version-history":[{"count":26,"href":"https:\/\/www.suviseurat.fi/2024\/wp-json\/wp\/v2\/pages\/901\/revisions"}],"predecessor-version":[{"id":19688,"href":"https:\/\/www.suviseurat.fi/2024\/wp-json\/wp\/v2\/pages\/901\/revisions\/19688"}],"up":[{"embeddable":true,"href":"https:\/\/www.suviseurat.fi/2024\/wp-json\/wp\/v2\/pages\/857"}],"wp:attachment":[{"href":"https:\/\/www.suviseurat.fi/2024\/wp-json\/wp\/v2\/media?parent=901"}],"curies":[{"name":"wp","href":"https:\/\/api.w.org\/{rel}","templated":true}]}}