{"id":9915,"date":"2022-06-04T11:58:02","date_gmt":"2022-06-04T08:58:02","guid":{"rendered":"https:\/\/www.suviseurat.fi/2024\/?page_id=9915"},"modified":"2024-01-16T10:00:26","modified_gmt":"2024-01-16T08:00:26","slug":"mediatiedotteet","status":"publish","type":"page","link":"https:\/\/www.suviseurat.fi/2024\/medialle\/mediatiedotteet\/","title":{"rendered":"Mediatiedotteet"},"content":{"rendered":"\n<h2>Mediatiedotteet<\/h2>\n\n\n\n<div class=\"wp-block-columns is-layout-flex wp-container-core-columns-is-layout-2 wp-block-columns-is-layout-flex\">\n<div class=\"wp-block-column is-layout-flow wp-block-column-is-layout-flow\" style=\"flex-basis:50%\"><ul class=\"wp-block-latest-posts__list has-dates wp-block-latest-posts\"><li><a class=\"wp-block-latest-posts__post-title\" href=\"https:\/\/www.suviseurat.fi/2024\/suviseura-alueella-pidettiin-luovutustarkastus\/\">Suviseura-alueella pidettiin luovutustarkastus<\/a><time datetime=\"2024-07-05T18:24:30+03:00\" class=\"wp-block-latest-posts__post-date\">05.07.2024<\/time><\/li>\n<li><a class=\"wp-block-latest-posts__post-title\" href=\"https:\/\/www.suviseurat.fi/2024\/suviseurat-lopella-2025\/\">Suviseurat Lopella 2025<\/a><time datetime=\"2024-07-01T15:22:35+03:00\" class=\"wp-block-latest-posts__post-date\">01.07.2024<\/time><\/li>\n<li><a class=\"wp-block-latest-posts__post-title\" href=\"https:\/\/www.suviseurat.fi/2024\/suviseura-alueella-vakavasti-loukkaantunut-on-menehtynyt\/\">Suviseura-alueella vakavasti loukkaantunut on menehtynyt<\/a><time datetime=\"2024-06-29T19:33:44+03:00\" class=\"wp-block-latest-posts__post-date\">29.06.2024<\/time><\/li>\n<li><a class=\"wp-block-latest-posts__post-title\" href=\"https:\/\/www.suviseurat.fi/2024\/mediatiedote-suviseurat-2024\/\">Mediatiedote: Suviseurat 2024<\/a><time datetime=\"2024-06-29T15:18:18+03:00\" class=\"wp-block-latest-posts__post-date\">29.06.2024<\/time><\/li>\n<li><a class=\"wp-block-latest-posts__post-title\" href=\"https:\/\/www.suviseurat.fi/2024\/srk-n-suviseurat-pudasjarvella-ovat-alkaneet\/\">SRK:n Suviseurat Pudasj\u00e4rvell\u00e4 ovat alkaneet<\/a><time datetime=\"2024-06-28T11:36:26+03:00\" class=\"wp-block-latest-posts__post-date\">28.06.2024<\/time><\/li>\n<li><a class=\"wp-block-latest-posts__post-title\" href=\"https:\/\/www.suviseurat.fi/2024\/suviseuroissa-esiteltiin-uusia-kirjoja-ja-musiikkiaanitteita\/\">Suviseuroissa esiteltiin uusia kirjoja ja musiikki\u00e4\u00e4nitteit\u00e4<\/a><time datetime=\"2024-06-27T18:36:59+03:00\" class=\"wp-block-latest-posts__post-date\">27.06.2024<\/time><\/li>\n<li><a class=\"wp-block-latest-posts__post-title\" href=\"https:\/\/www.suviseurat.fi/2024\/pudasjarvella-jarjestettavat-suviseurat-nakyvat-liikenteessa\/\">Pudasj\u00e4rvell\u00e4 j\u00e4rjestett\u00e4v\u00e4t Suviseurat n\u00e4kyv\u00e4t liikenteess\u00e4<\/a><time datetime=\"2024-06-17T08:00:00+03:00\" class=\"wp-block-latest-posts__post-date\">17.06.2024<\/time><\/li>\n<li><a class=\"wp-block-latest-posts__post-title\" href=\"https:\/\/www.suviseurat.fi/2024\/kutsu-medialle-mediakeskus-palvelee-suviseuroissa-tervetuloa\/\">Kutsu medialle: Mediakeskus palvelee Suviseuroissa &#8211; tervetuloa!<\/a><time datetime=\"2024-06-14T08:56:52+03:00\" class=\"wp-block-latest-posts__post-date\">14.06.2024<\/time><\/li>\n<li><a class=\"wp-block-latest-posts__post-title\" href=\"https:\/\/www.suviseurat.fi/2024\/suviseurat-on-vuoden-suurin-matkailutapahtuma-pudasjarvella\/\">Suviseurat on vuoden suurin matkailutapahtuma Pudasj\u00e4rvell\u00e4<\/a><time datetime=\"2024-05-06T20:00:42+03:00\" class=\"wp-block-latest-posts__post-date\">06.05.2024<\/time><\/li>\n<li><a class=\"wp-block-latest-posts__post-title\" href=\"https:\/\/www.suviseurat.fi/2024\/mediatiedote-1-3-2024-suviseurojen-majoituspalvelu-tuo-yhteen-vuokranantajat-ja-vuokralaiset\/\">Mediatiedote 1.3.2024: Suviseurojen majoituspalvelu tuo yhteen vuokranantajat ja vuokralaiset<\/a><time datetime=\"2024-03-03T15:07:24+02:00\" class=\"wp-block-latest-posts__post-date\">03.03.2024<\/time><\/li>\n<li><a class=\"wp-block-latest-posts__post-title\" href=\"https:\/\/www.suviseurat.fi/2024\/mediatiedote-3-7-2023-suviseurat-pudasjarvella-2024\/\">Mediatiedote 3.7.2023: Suviseurat Pudasj\u00e4rvell\u00e4 2024<\/a><time datetime=\"2023-07-03T18:04:00+03:00\" class=\"wp-block-latest-posts__post-date\">03.07.2023<\/time><\/li>\n<\/ul>\n\n\n<div class=\"wp-block-columns is-layout-flex wp-container-core-columns-is-layout-1 wp-block-columns-is-layout-flex\">\n<div class=\"wp-block-column is-layout-flow wp-block-column-is-layout-flow\" style=\"flex-basis:100%\"><\/div>\n<\/div>\n<\/div>\n\n\n\n<div class=\"wp-block-column is-layout-flow wp-block-column-is-layout-flow\" style=\"flex-basis:50%\">\n<figure class=\"wp-block-image size-full\"><img loading=\"lazy\" decoding=\"async\" width=\"427\" height=\"427\" src=\"https:\/\/www.suviseurat.fi/2024\/wp-content\/uploads\/2022\/03\/Suviseurakuva-blogiin-edited.jpeg\" alt=\"\" class=\"wp-image-9392\" srcset=\"https:\/\/www.suviseurat.fi/2024\/wp-content\/uploads\/2022\/03\/Suviseurakuva-blogiin-edited.jpeg 427w, https:\/\/www.suviseurat.fi/2024\/wp-content\/uploads\/2022\/03\/Suviseurakuva-blogiin-edited-275x275.jpeg 275w\" sizes=\"(max-width: 427px) 100vw, 427px\" \/><figcaption>Suviseurakentt\u00e4<\/figcaption><\/figure>\n<\/div>\n<\/div>\n","protected":false},"excerpt":{"rendered":"<p>Mediatiedotteet<\/p>\n","protected":false},"author":21,"featured_media":0,"parent":2831,"menu_order":0,"comment_status":"closed","ping_status":"closed","template":"","meta":{"_acf_changed":false,"footnotes":""},"class_list":["post-9915","page","type-page","status-publish","hentry"],"acf":[],"yoast_head":"<!-- This site is optimized with the Yoast SEO plugin v23.3 - https:\/\/yoast.com\/wordpress\/plugins\/seo\/ -->\n<title>Mediatiedotteet - SRK:n Suviseurat Pudasj\u00e4rvell\u00e4 2024<\/title>\n<meta name=\"description\" content=\"Mediatiedotteet        Suviseurakentt\u00e4\" \/>\n<meta name=\"robots\" content=\"index, follow, max-snippet:-1, max-image-preview:large, max-video-preview:-1\" \/>\n<link rel=\"canonical\" href=\"https:\/\/www.suviseurat.fi/2024\/medialle\/mediatiedotteet\/\" \/>\n<meta property=\"og:locale\" content=\"fi_FI\" \/>\n<meta property=\"og:type\" content=\"article\" \/>\n<meta property=\"og:title\" content=\"Mediatiedotteet - SRK:n Suviseurat Pudasj\u00e4rvell\u00e4 2024\" \/>\n<meta property=\"og:description\" content=\"Mediatiedotteet        Suviseurakentt\u00e4\" \/>\n<meta property=\"og:url\" content=\"https:\/\/www.suviseurat.fi/2024\/medialle\/mediatiedotteet\/\" \/>\n<meta property=\"og:site_name\" content=\"SRK:n Suviseurat Pudasj\u00e4rvell\u00e4 2024\" \/>\n<meta property=\"article:publisher\" content=\"https:\/\/www.facebook.com\/SRKryNyt\/\" \/>\n<meta property=\"article:modified_time\" content=\"2024-01-16T08:00:26+00:00\" \/>\n<meta property=\"og:image\" content=\"https:\/\/www.suviseurat.fi/2024\/wp-content\/uploads\/2022\/03\/Suviseurakuva-blogiin-edited.jpeg\" \/>\n<meta name=\"twitter:card\" content=\"summary_large_image\" \/>\n<meta name=\"twitter:site\" content=\"@Suviseurat\" \/>\n<meta name=\"twitter:label1\" content=\"Arvioitu lukuaika\" \/>\n\t<meta name=\"twitter:data1\" content=\"1 minuutti\" \/>\n<script type=\"application\/ld+json\" class=\"yoast-schema-graph\">{\"@context\":\"https:\/\/schema.org\",\"@graph\":[{\"@type\":\"WebPage\",\"@id\":\"https:\/\/www.suviseurat.fi/2024\/medialle\/mediatiedotteet\/\",\"url\":\"https:\/\/www.suviseurat.fi/2024\/medialle\/mediatiedotteet\/\",\"name\":\"Mediatiedotteet - SRK:n Suviseurat Pudasj\u00e4rvell\u00e4 2024\",\"isPartOf\":{\"@id\":\"https:\/\/www.suviseurat.fi/2024\/#website\"},\"primaryImageOfPage\":{\"@id\":\"https:\/\/www.suviseurat.fi/2024\/medialle\/mediatiedotteet\/#primaryimage\"},\"image\":{\"@id\":\"https:\/\/www.suviseurat.fi/2024\/medialle\/mediatiedotteet\/#primaryimage\"},\"thumbnailUrl\":\"https:\/\/www.suviseurat.fi/2024\/wp-content\/uploads\/2022\/03\/Suviseurakuva-blogiin-edited.jpeg\",\"datePublished\":\"2022-06-04T08:58:02+00:00\",\"dateModified\":\"2024-01-16T08:00:26+00:00\",\"description\":\"Mediatiedotteet Suviseurakentt\u00e4\",\"breadcrumb\":{\"@id\":\"https:\/\/www.suviseurat.fi/2024\/medialle\/mediatiedotteet\/#breadcrumb\"},\"inLanguage\":\"fi\",\"potentialAction\":[{\"@type\":\"ReadAction\",\"target\":[\"https:\/\/www.suviseurat.fi/2024\/medialle\/mediatiedotteet\/\"]}]},{\"@type\":\"ImageObject\",\"inLanguage\":\"fi\",\"@id\":\"https:\/\/www.suviseurat.fi/2024\/medialle\/mediatiedotteet\/#primaryimage\",\"url\":\"https:\/\/www.suviseurat.fi/2024\/wp-content\/uploads\/2022\/03\/Suviseurakuva-blogiin-edited.jpeg\",\"contentUrl\":\"https:\/\/www.suviseurat.fi/2024\/wp-content\/uploads\/2022\/03\/Suviseurakuva-blogiin-edited.jpeg\",\"width\":427,\"height\":427},{\"@type\":\"BreadcrumbList\",\"@id\":\"https:\/\/www.suviseurat.fi/2024\/medialle\/mediatiedotteet\/#breadcrumb\",\"itemListElement\":[{\"@type\":\"ListItem\",\"position\":1,\"name\":\"Etusivu\",\"item\":\"https:\/\/www.suviseurat.fi/2024\/\"},{\"@type\":\"ListItem\",\"position\":2,\"name\":\"Medialle\",\"item\":\"https:\/\/www.suviseurat.fi/2024\/medialle\/\"},{\"@type\":\"ListItem\",\"position\":3,\"name\":\"Mediatiedotteet\"}]},{\"@type\":\"WebSite\",\"@id\":\"https:\/\/www.suviseurat.fi/2024\/#website\",\"url\":\"https:\/\/www.suviseurat.fi/2024\/\",\"name\":\"SRK:n Suviseurat Pudasj\u00e4rvell\u00e4 2024\",\"description\":\"Olenko min\u00e4 sinulle rakas?\",\"publisher\":{\"@id\":\"https:\/\/www.suviseurat.fi/2024\/#organization\"},\"potentialAction\":[{\"@type\":\"SearchAction\",\"target\":{\"@type\":\"EntryPoint\",\"urlTemplate\":\"https:\/\/www.suviseurat.fi/2024\/?s={search_term_string}\"},\"query-input\":\"required name=search_term_string\"}],\"inLanguage\":\"fi\"},{\"@type\":\"Organization\",\"@id\":\"https:\/\/www.suviseurat.fi/2024\/#organization\",\"name\":\"Suviseurat\",\"url\":\"https:\/\/www.suviseurat.fi/2024\/\",\"logo\":{\"@type\":\"ImageObject\",\"inLanguage\":\"fi\",\"@id\":\"https:\/\/www.suviseurat.fi/2024\/#\/schema\/logo\/image\/\",\"url\":\"https:\/\/www.suviseurat.fi/2024\/wp-content\/uploads\/2023\/10\/tunnus-nelio.jpg\",\"contentUrl\":\"https:\/\/www.suviseurat.fi/2024\/wp-content\/uploads\/2023\/10\/tunnus-nelio.jpg\",\"width\":1000,\"height\":1000,\"caption\":\"Suviseurat\"},\"image\":{\"@id\":\"https:\/\/www.suviseurat.fi/2024\/#\/schema\/logo\/image\/\"},\"sameAs\":[\"https:\/\/www.facebook.com\/SRKryNyt\/\",\"https:\/\/x.com\/Suviseurat\",\"https:\/\/www.facebook.com\/srksuviseurat\/\",\"https:\/\/www.youtube.com\/@SRKnyt\",\"https:\/\/www.instagram.com\/srk_nyt\/\",\"https:\/\/www.flickr.com\/photos\/suviseurat\"]}]}<\/script>\n<!-- \/ Yoast SEO plugin. -->","yoast_head_json":{"title":"Mediatiedotteet - SRK:n Suviseurat Pudasj\u00e4rvell\u00e4 2024","description":"Mediatiedotteet        Suviseurakentt\u00e4","robots":{"index":"index","follow":"follow","max-snippet":"max-snippet:-1","max-image-preview":"max-image-preview:large","max-video-preview":"max-video-preview:-1"},"canonical":"https:\/\/www.suviseurat.fi/2024\/medialle\/mediatiedotteet\/","og_locale":"fi_FI","og_type":"article","og_title":"Mediatiedotteet - SRK:n Suviseurat Pudasj\u00e4rvell\u00e4 2024","og_description":"Mediatiedotteet        Suviseurakentt\u00e4","og_url":"https:\/\/www.suviseurat.fi/2024\/medialle\/mediatiedotteet\/","og_site_name":"SRK:n Suviseurat Pudasj\u00e4rvell\u00e4 2024","article_publisher":"https:\/\/www.facebook.com\/SRKryNyt\/","article_modified_time":"2024-01-16T08:00:26+00:00","og_image":[{"url":"https:\/\/www.suviseurat.fi/2024\/wp-content\/uploads\/2022\/03\/Suviseurakuva-blogiin-edited.jpeg"}],"twitter_card":"summary_large_image","twitter_site":"@Suviseurat","twitter_misc":{"Arvioitu lukuaika":"1 minuutti"},"schema":{"@context":"https:\/\/schema.org","@graph":[{"@type":"WebPage","@id":"https:\/\/www.suviseurat.fi/2024\/medialle\/mediatiedotteet\/","url":"https:\/\/www.suviseurat.fi/2024\/medialle\/mediatiedotteet\/","name":"Mediatiedotteet - SRK:n Suviseurat Pudasj\u00e4rvell\u00e4 2024","isPartOf":{"@id":"https:\/\/www.suviseurat.fi/2024\/#website"},"primaryImageOfPage":{"@id":"https:\/\/www.suviseurat.fi/2024\/medialle\/mediatiedotteet\/#primaryimage"},"image":{"@id":"https:\/\/www.suviseurat.fi/2024\/medialle\/mediatiedotteet\/#primaryimage"},"thumbnailUrl":"https:\/\/www.suviseurat.fi/2024\/wp-content\/uploads\/2022\/03\/Suviseurakuva-blogiin-edited.jpeg","datePublished":"2022-06-04T08:58:02+00:00","dateModified":"2024-01-16T08:00:26+00:00","description":"Mediatiedotteet Suviseurakentt\u00e4","breadcrumb":{"@id":"https:\/\/www.suviseurat.fi/2024\/medialle\/mediatiedotteet\/#breadcrumb"},"inLanguage":"fi","potentialAction":[{"@type":"ReadAction","target":["https:\/\/www.suviseurat.fi/2024\/medialle\/mediatiedotteet\/"]}]},{"@type":"ImageObject","inLanguage":"fi","@id":"https:\/\/www.suviseurat.fi/2024\/medialle\/mediatiedotteet\/#primaryimage","url":"https:\/\/www.suviseurat.fi/2024\/wp-content\/uploads\/2022\/03\/Suviseurakuva-blogiin-edited.jpeg","contentUrl":"https:\/\/www.suviseurat.fi/2024\/wp-content\/uploads\/2022\/03\/Suviseurakuva-blogiin-edited.jpeg","width":427,"height":427},{"@type":"BreadcrumbList","@id":"https:\/\/www.suviseurat.fi/2024\/medialle\/mediatiedotteet\/#breadcrumb","itemListElement":[{"@type":"ListItem","position":1,"name":"Etusivu","item":"https:\/\/www.suviseurat.fi/2024\/"},{"@type":"ListItem","position":2,"name":"Medialle","item":"https:\/\/www.suviseurat.fi/2024\/medialle\/"},{"@type":"ListItem","position":3,"name":"Mediatiedotteet"}]},{"@type":"WebSite","@id":"https:\/\/www.suviseurat.fi/2024\/#website","url":"https:\/\/www.suviseurat.fi/2024\/","name":"SRK:n Suviseurat Pudasj\u00e4rvell\u00e4 2024","description":"Olenko min\u00e4 sinulle rakas?","publisher":{"@id":"https:\/\/www.suviseurat.fi/2024\/#organization"},"potentialAction":[{"@type":"SearchAction","target":{"@type":"EntryPoint","urlTemplate":"https:\/\/www.suviseurat.fi/2024\/?s={search_term_string}"},"query-input":"required name=search_term_string"}],"inLanguage":"fi"},{"@type":"Organization","@id":"https:\/\/www.suviseurat.fi/2024\/#organization","name":"Suviseurat","url":"https:\/\/www.suviseurat.fi/2024\/","logo":{"@type":"ImageObject","inLanguage":"fi","@id":"https:\/\/www.suviseurat.fi/2024\/#\/schema\/logo\/image\/","url":"https:\/\/www.suviseurat.fi/2024\/wp-content\/uploads\/2023\/10\/tunnus-nelio.jpg","contentUrl":"https:\/\/www.suviseurat.fi/2024\/wp-content\/uploads\/2023\/10\/tunnus-nelio.jpg","width":1000,"height":1000,"caption":"Suviseurat"},"image":{"@id":"https:\/\/www.suviseurat.fi/2024\/#\/schema\/logo\/image\/"},"sameAs":["https:\/\/www.facebook.com\/SRKryNyt\/","https:\/\/x.com\/Suviseurat","https:\/\/www.facebook.com\/srksuviseurat\/","https:\/\/www.youtube.com\/@SRKnyt","https:\/\/www.instagram.com\/srk_nyt\/","https:\/\/www.flickr.com\/photos\/suviseurat"]}]}},"_links":{"self":[{"href":"https:\/\/www.suviseurat.fi/2024\/wp-json\/wp\/v2\/pages\/9915"}],"collection":[{"href":"https:\/\/www.suviseurat.fi/2024\/wp-json\/wp\/v2\/pages"}],"about":[{"href":"https:\/\/www.suviseurat.fi/2024\/wp-json\/wp\/v2\/types\/page"}],"author":[{"embeddable":true,"href":"https:\/\/www.suviseurat.fi/2024\/wp-json\/wp\/v2\/users\/21"}],"replies":[{"embeddable":true,"href":"https:\/\/www.suviseurat.fi/2024\/wp-json\/wp\/v2\/comments?post=9915"}],"version-history":[{"count":9,"href":"https:\/\/www.suviseurat.fi/2024\/wp-json\/wp\/v2\/pages\/9915\/revisions"}],"predecessor-version":[{"id":12319,"href":"https:\/\/www.suviseurat.fi/2024\/wp-json\/wp\/v2\/pages\/9915\/revisions\/12319"}],"up":[{"embeddable":true,"href":"https:\/\/www.suviseurat.fi/2024\/wp-json\/wp\/v2\/pages\/2831"}],"wp:attachment":[{"href":"https:\/\/www.suviseurat.fi/2024\/wp-json\/wp\/v2\/media?parent=9915"}],"curies":[{"name":"wp","href":"https:\/\/api.w.org\/{rel}","templated":true}]}}