{"id":9973,"date":"2020-06-11T13:27:28","date_gmt":"2020-06-11T10:27:28","guid":{"rendered":"https:\/\/www.suviseurat.fi/2024\/?page_id=9973"},"modified":"2024-06-09T11:28:45","modified_gmt":"2024-06-09T08:28:45","slug":"seuraohjelman-lisatietoja","status":"publish","type":"page","link":"https:\/\/www.suviseurat.fi/2024\/ohjelma\/seuraohjelman-lisatietoja\/","title":{"rendered":"Seuraohjelman lis\u00e4tietoja"},"content":{"rendered":"\n<h2>Jumalanpalvelukset 30.6.2024<\/h2>\n<p>Jumalanpalvelukset l\u00e4hialueiden kirkoissa sunnuntaina<\/p>\n<table style=\"border-collapse: collapse;width: 74.8809%;height: 330px\">\n<tbody>\n<tr style=\"height: 23px\">\n<td style=\"width: 26.0638%;height: 17px\"><strong><span style=\"font-weight: 400\"><strong>Kiimingin<\/strong> <\/span>kirkko<\/strong><\/td>\n<td style=\"width: 4.74981%;height: 17px\">klo 10<\/td>\n<td style=\"width: 18.9483%;height: 17px\">Sakari Typp\u00f6<\/td>\n<\/tr>\n<tr style=\"height: 23px\">\n<td style=\"width: 26.0638%;height: 23px\"><strong><span style=\"font-weight: 400\"><strong>Kuusamon<\/strong> <\/span>kirkko<\/strong><\/td>\n<td style=\"width: 4.74981%;height: 23px\">klo 10<\/td>\n<td style=\"width: 18.9483%;height: 23px\">Mauno Hepola<\/td>\n<\/tr>\n<tr style=\"height: 23px\">\n<td style=\"width: 26.0638%;height: 23px\"><strong><span style=\"font-weight: 400\"><strong>Posion<\/strong> <\/span>kirkko<\/strong><\/td>\n<td style=\"width: 4.74981%;height: 23px\">klo 10<\/td>\n<td style=\"width: 18.9483%;height: 23px\">Pauli Kivioja<\/td>\n<\/tr>\n<tr style=\"height: 23px\">\n<td style=\"width: 26.0638%;height: 23px\"><strong><span style=\"font-weight: 400\"><strong>Pudasj\u00e4rven<\/strong> <\/span>kirkko<\/strong><\/td>\n<td style=\"width: 4.74981%;height: 23px\">klo 10<\/td>\n<td style=\"width: 18.9483%;height: 23px\">Valtteri Laitila<\/td>\n<\/tr>\n<tr style=\"height: 23px\">\n<td style=\"width: 26.0638%;height: 23px\"><strong>Pudasj\u00e4rven Sarakyl\u00e4n kappeli<\/strong><\/td>\n<td style=\"width: 4.74981%;height: 23px\">klo 13<\/td>\n<td style=\"width: 18.9483%;height: 23px\">Mika Niskanen<\/td>\n<\/tr>\n<tr style=\"height: 23px\">\n<td style=\"width: 26.0638%;height: 23px\"><strong>Pudasj\u00e4rven seurakuntatalo (englanninkielinen)<\/strong><\/td>\n<td style=\"width: 4.74981%;height: 23px\">klo 10<\/td>\n<td style=\"width: 18.9483%;height: 23px\">Matti Kontkanen<\/td>\n<\/tr>\n<tr style=\"height: 23px\">\n<td style=\"width: 26.0638%;height: 23px\"><strong><span style=\"font-weight: 400\"><strong>Ranuan<\/strong> <\/span>kirkko<\/strong><\/td>\n<td style=\"width: 4.74981%;height: 23px\">klo 10<\/td>\n<td style=\"width: 18.9483%;height: 23px\">Pentti Kallioranta<\/td>\n<\/tr>\n<tr style=\"height: 23px\">\n<td style=\"width: 26.0638%;height: 23px\"><strong>Taivalkosken kirkko<\/strong><\/td>\n<td style=\"width: 4.74981%;height: 23px\">klo 10<\/td>\n<td style=\"width: 18.9483%;height: 23px\">Jukka Kolmonen<\/td>\n<\/tr>\n<tr style=\"height: 23px\">\n<td style=\"width: 26.0638%;height: 23px\"><strong>Yli-Iin kirkko<\/strong><\/td>\n<td style=\"width: 4.74981%;height: 23px\">klo 10<\/td>\n<td style=\"width: 18.9483%;height: 23px\">Tuomas T\u00f6lli<\/td>\n<\/tr>\n<tr style=\"height: 23px\">\n<td style=\"width: 26.0638%;height: 23px\"><strong><span style=\"font-weight: 400\"><strong>Ylikiimingin<\/strong> <\/span>kirkko<\/strong><\/td>\n<td style=\"width: 4.74981%;height: 23px\">klo 13<\/td>\n<td style=\"width: 18.9483%;height: 23px\">Matti Hanhisuanto<\/td>\n<\/tr>\n<\/tbody>\n<\/table>\n<p>\u00a0<\/p>\n<h2>Tulkkaukset<\/h2>\n<p><span style=\"font-weight: 400\">Kaikki seurapuheet torstaista maanantaihin tulkataan <a href=\"https:\/\/www.suviseurat.fi\/en\/program\/\">englanniksi<\/a> ja <a href=\"https:\/\/www.suviseurat.fi\/sv\/program\/\">ruotsiksi<\/a>. Lis\u00e4ksi useita seurapuheita tulkataan <a href=\"https:\/\/www.suviseurat.fi\/et\/kokkutulekukava\/\">viron<\/a>, <a href=\"https:\/\/www.suviseurat.fi\/ru\/programma-sobraniya\/\">ven\u00e4j\u00e4n<\/a>, <a href=\"https:\/\/www.suviseurat.fi\/fr\/programme\/\">ranskan<\/a>, <a href=\"https:\/\/www.suviseurat.fi\/es\/el-programa\/\">espanjan<\/a>, <a href=\"https:\/\/www.suviseurat.fi\/hu\/a-seurat-programja\/\">unkarin<\/a> ja <a href=\"https:\/\/www.suviseurat.fi\/de\/programm\/\">saksan<\/a> kielell\u00e4. <a href=\"https:\/\/www.suviseurat.fi/2024\/wp-content\/uploads\/2024\/06\/KV-seuraohjelma.pdf\" target=\"_blank\" rel=\"noopener\">Lataa KV-ohjelma PDF-tiedostona.<\/a><\/span><\/p>\n<p><span style=\"font-weight: 400\">Lis\u00e4tietoa tulkkauksista verkkosivujen p\u00e4iv\u00e4kohtaisesta ohjelmasta sek\u00e4 Kansainv\u00e4lisyyspalvelusta. Kansainv\u00e4lisyyspalvelu on auki torstaista sunnuntaihin klo 9.00\u201321.00 ja maanantaina klo 9\u201315.<br \/><br \/><\/span><\/p>\n<h2>Seurapuheiden videointi<\/h2>\n<p><span style=\"font-weight: 400\">Kaikki seurapuheet videoidaan SRKnyt Youtube-kanavalle seuravieraiden yksityisyytt\u00e4 kunnioittaen. Videot ovat katsottavissa Suviseurojen verkkosivuilla elokuun loppuun saakka. Seurapuheet tuotetaan videol\u00e4hetyksin\u00e4 my\u00f6s viittomakielell\u00e4 sek\u00e4 ruotsiksi ja englanniksi.<\/span><\/p>\n<p><span style=\"font-weight: 400\">Seuravieraiden toivotaan v\u00e4ltt\u00e4v\u00e4n seurateltasta l\u00e4hetett\u00e4vien striimausten katsomista seura-alueella matkapuhelinverkon ylikuormittumisen vuoksi.<br \/><br \/><\/span><\/p>\n<h2>Seura-alueen kentt\u00e4radion taajuudet (MHz)<\/h2>\n<table style=\"border-collapse: collapse;width: 32.2446%\">\n<tbody>\n<tr>\n<td style=\"width: 15.1701%\">Suomi<\/td>\n<td style=\"width: 17.0748%\">88,4<\/td>\n<\/tr>\n<tr>\n<td style=\"width: 15.1701%\">Englanti<\/td>\n<td style=\"width: 17.0748%\">91,2<\/td>\n<\/tr>\n<tr>\n<td style=\"width: 15.1701%\">Ruotsi<\/td>\n<td style=\"width: 17.0748%\">92,9<\/td>\n<\/tr>\n<tr>\n<td style=\"width: 15.1701%\">Ven\u00e4j\u00e4 \/ Unkari<\/td>\n<td style=\"width: 17.0748%\">104,4<\/td>\n<\/tr>\n<tr>\n<td style=\"width: 15.1701%\">Viro \/ Espanja<\/td>\n<td style=\"width: 17.0748%\">95,2<\/td>\n<\/tr>\n<tr>\n<td style=\"width: 15.1701%\">Saksa \/ Ranska<\/td>\n<td style=\"width: 17.0748%\">99,8<\/td>\n<\/tr>\n<\/tbody>\n<\/table>\n<p>\u00a0<\/p>\n<h2>Suviseurakanttorit<\/h2>\n<p><span style=\"font-weight: 400\">Jukka Jaakkola, Kuusamo<br \/><\/span><span style=\"font-weight: 400\">Vesa Kajava, Siilinj\u00e4rvi<br \/><\/span><span style=\"font-weight: 400\">Ossi Kajava, Muhos<br \/><\/span><span style=\"font-weight: 400\">Lauri-Kalle Kallunki, Muhos<br \/><\/span><span style=\"font-weight: 400\">Mika Kotkaranta, Liminka<br \/><\/span><span style=\"font-weight: 400\">Viena Kontkanen, Kouvola<br \/><\/span><span style=\"font-weight: 400\">Ari Lohi, Kuhmo<br \/><\/span><span style=\"font-weight: 400\">Jarkko Mets\u00e4nheimo, Kiiminki<br \/><\/span><span style=\"font-weight: 400\">Jouni Pietil\u00e4inen, Raahe<br \/><\/span><span style=\"font-weight: 400\">Laura Piilonen, Kuusamo<br \/><\/span><span style=\"font-weight: 400\">Raakel P\u00f6yht\u00e4ri, Haukipudas<br \/><\/span><span style=\"font-weight: 400\">Veli-Matti Rautakoski, Ranua<br \/><\/span><span style=\"font-weight: 400\">Katri Sippola, Oulu<br \/><\/span><span style=\"font-weight: 400\">Henna-Mari Sivula, Oulu<br \/><\/span><span style=\"font-weight: 400\">Hannu Virpi, Iisalmi<\/span><\/p>\n","protected":false},"excerpt":{"rendered":"<p>Jumalanpalvelukset 30.6.2024 Jumalanpalvelukset l\u00e4hialueiden kirkoissa sunnuntaina Kiimingin kirkko klo 10 Sakari Typp\u00f6 Kuusamon kirkko klo<a class=\"moretag\" href=\"https:\/\/www.suviseurat.fi/2024\/ohjelma\/seuraohjelman-lisatietoja\/\">Jatka lukemista ><\/a><\/p>\n","protected":false},"author":21,"featured_media":0,"parent":21,"menu_order":0,"comment_status":"closed","ping_status":"closed","template":"","meta":{"_acf_changed":false,"footnotes":""},"class_list":["post-9973","page","type-page","status-publish","hentry"],"acf":[],"yoast_head":"<!-- This site is optimized with the Yoast SEO plugin v23.3 - https:\/\/yoast.com\/wordpress\/plugins\/seo\/ -->\n<title>Seuraohjelman lis\u00e4tietoja - SRK:n Suviseurat Pudasj\u00e4rvell\u00e4 2024<\/title>\n<meta name=\"description\" content=\"Jumalanpalvelukset 30.6.2024 Jumalanpalvelukset l\u00e4hialueiden kirkoissa sunnuntaina Kiimingin kirkko klo 10 Sakari Typp\u00f6 Kuusamon kirkko klo 10 Mauno\" \/>\n<meta name=\"robots\" content=\"index, follow, max-snippet:-1, max-image-preview:large, max-video-preview:-1\" \/>\n<link rel=\"canonical\" href=\"https:\/\/www.suviseurat.fi/2024\/ohjelma\/seuraohjelman-lisatietoja\/\" \/>\n<meta property=\"og:locale\" content=\"fi_FI\" \/>\n<meta property=\"og:type\" content=\"article\" \/>\n<meta property=\"og:title\" content=\"Seuraohjelman lis\u00e4tietoja - SRK:n Suviseurat Pudasj\u00e4rvell\u00e4 2024\" \/>\n<meta property=\"og:description\" content=\"Jumalanpalvelukset 30.6.2024 Jumalanpalvelukset l\u00e4hialueiden kirkoissa sunnuntaina Kiimingin kirkko klo 10 Sakari Typp\u00f6 Kuusamon kirkko klo 10 Mauno\" \/>\n<meta property=\"og:url\" content=\"https:\/\/www.suviseurat.fi/2024\/ohjelma\/seuraohjelman-lisatietoja\/\" \/>\n<meta property=\"og:site_name\" content=\"SRK:n Suviseurat Pudasj\u00e4rvell\u00e4 2024\" \/>\n<meta property=\"article:publisher\" content=\"https:\/\/www.facebook.com\/SRKryNyt\/\" \/>\n<meta property=\"article:modified_time\" content=\"2024-06-09T08:28:45+00:00\" \/>\n<meta name=\"twitter:card\" content=\"summary_large_image\" \/>\n<meta name=\"twitter:site\" content=\"@Suviseurat\" \/>\n<meta name=\"twitter:label1\" content=\"Arvioitu lukuaika\" \/>\n\t<meta name=\"twitter:data1\" content=\"2 minuuttia\" \/>\n<script type=\"application\/ld+json\" class=\"yoast-schema-graph\">{\"@context\":\"https:\/\/schema.org\",\"@graph\":[{\"@type\":\"WebPage\",\"@id\":\"https:\/\/www.suviseurat.fi/2024\/ohjelma\/seuraohjelman-lisatietoja\/\",\"url\":\"https:\/\/www.suviseurat.fi/2024\/ohjelma\/seuraohjelman-lisatietoja\/\",\"name\":\"Seuraohjelman lis\u00e4tietoja - SRK:n Suviseurat Pudasj\u00e4rvell\u00e4 2024\",\"isPartOf\":{\"@id\":\"https:\/\/www.suviseurat.fi/2024\/#website\"},\"datePublished\":\"2020-06-11T10:27:28+00:00\",\"dateModified\":\"2024-06-09T08:28:45+00:00\",\"description\":\"Jumalanpalvelukset 30.6.2024 Jumalanpalvelukset l\u00e4hialueiden kirkoissa sunnuntaina Kiimingin kirkko klo 10 Sakari Typp\u00f6 Kuusamon kirkko klo 10 Mauno\",\"breadcrumb\":{\"@id\":\"https:\/\/www.suviseurat.fi/2024\/ohjelma\/seuraohjelman-lisatietoja\/#breadcrumb\"},\"inLanguage\":\"fi\",\"potentialAction\":[{\"@type\":\"ReadAction\",\"target\":[\"https:\/\/www.suviseurat.fi/2024\/ohjelma\/seuraohjelman-lisatietoja\/\"]}]},{\"@type\":\"BreadcrumbList\",\"@id\":\"https:\/\/www.suviseurat.fi/2024\/ohjelma\/seuraohjelman-lisatietoja\/#breadcrumb\",\"itemListElement\":[{\"@type\":\"ListItem\",\"position\":1,\"name\":\"Etusivu\",\"item\":\"https:\/\/www.suviseurat.fi/2024\/\"},{\"@type\":\"ListItem\",\"position\":2,\"name\":\"Ohjelma\",\"item\":\"https:\/\/www.suviseurat.fi/2024\/ohjelma\/\"},{\"@type\":\"ListItem\",\"position\":3,\"name\":\"Seuraohjelman lis\u00e4tietoja\"}]},{\"@type\":\"WebSite\",\"@id\":\"https:\/\/www.suviseurat.fi/2024\/#website\",\"url\":\"https:\/\/www.suviseurat.fi/2024\/\",\"name\":\"SRK:n Suviseurat Pudasj\u00e4rvell\u00e4 2024\",\"description\":\"Olenko min\u00e4 sinulle rakas?\",\"publisher\":{\"@id\":\"https:\/\/www.suviseurat.fi/2024\/#organization\"},\"potentialAction\":[{\"@type\":\"SearchAction\",\"target\":{\"@type\":\"EntryPoint\",\"urlTemplate\":\"https:\/\/www.suviseurat.fi/2024\/?s={search_term_string}\"},\"query-input\":\"required name=search_term_string\"}],\"inLanguage\":\"fi\"},{\"@type\":\"Organization\",\"@id\":\"https:\/\/www.suviseurat.fi/2024\/#organization\",\"name\":\"Suviseurat\",\"url\":\"https:\/\/www.suviseurat.fi/2024\/\",\"logo\":{\"@type\":\"ImageObject\",\"inLanguage\":\"fi\",\"@id\":\"https:\/\/www.suviseurat.fi/2024\/#\/schema\/logo\/image\/\",\"url\":\"https:\/\/www.suviseurat.fi/2024\/wp-content\/uploads\/2023\/10\/tunnus-nelio.jpg\",\"contentUrl\":\"https:\/\/www.suviseurat.fi/2024\/wp-content\/uploads\/2023\/10\/tunnus-nelio.jpg\",\"width\":1000,\"height\":1000,\"caption\":\"Suviseurat\"},\"image\":{\"@id\":\"https:\/\/www.suviseurat.fi/2024\/#\/schema\/logo\/image\/\"},\"sameAs\":[\"https:\/\/www.facebook.com\/SRKryNyt\/\",\"https:\/\/x.com\/Suviseurat\",\"https:\/\/www.facebook.com\/srksuviseurat\/\",\"https:\/\/www.youtube.com\/@SRKnyt\",\"https:\/\/www.instagram.com\/srk_nyt\/\",\"https:\/\/www.flickr.com\/photos\/suviseurat\"]}]}<\/script>\n<!-- \/ Yoast SEO plugin. -->","yoast_head_json":{"title":"Seuraohjelman lis\u00e4tietoja - SRK:n Suviseurat Pudasj\u00e4rvell\u00e4 2024","description":"Jumalanpalvelukset 30.6.2024 Jumalanpalvelukset l\u00e4hialueiden kirkoissa sunnuntaina Kiimingin kirkko klo 10 Sakari Typp\u00f6 Kuusamon kirkko klo 10 Mauno","robots":{"index":"index","follow":"follow","max-snippet":"max-snippet:-1","max-image-preview":"max-image-preview:large","max-video-preview":"max-video-preview:-1"},"canonical":"https:\/\/www.suviseurat.fi/2024\/ohjelma\/seuraohjelman-lisatietoja\/","og_locale":"fi_FI","og_type":"article","og_title":"Seuraohjelman lis\u00e4tietoja - SRK:n Suviseurat Pudasj\u00e4rvell\u00e4 2024","og_description":"Jumalanpalvelukset 30.6.2024 Jumalanpalvelukset l\u00e4hialueiden kirkoissa sunnuntaina Kiimingin kirkko klo 10 Sakari Typp\u00f6 Kuusamon kirkko klo 10 Mauno","og_url":"https:\/\/www.suviseurat.fi/2024\/ohjelma\/seuraohjelman-lisatietoja\/","og_site_name":"SRK:n Suviseurat Pudasj\u00e4rvell\u00e4 2024","article_publisher":"https:\/\/www.facebook.com\/SRKryNyt\/","article_modified_time":"2024-06-09T08:28:45+00:00","twitter_card":"summary_large_image","twitter_site":"@Suviseurat","twitter_misc":{"Arvioitu lukuaika":"2 minuuttia"},"schema":{"@context":"https:\/\/schema.org","@graph":[{"@type":"WebPage","@id":"https:\/\/www.suviseurat.fi/2024\/ohjelma\/seuraohjelman-lisatietoja\/","url":"https:\/\/www.suviseurat.fi/2024\/ohjelma\/seuraohjelman-lisatietoja\/","name":"Seuraohjelman lis\u00e4tietoja - SRK:n Suviseurat Pudasj\u00e4rvell\u00e4 2024","isPartOf":{"@id":"https:\/\/www.suviseurat.fi/2024\/#website"},"datePublished":"2020-06-11T10:27:28+00:00","dateModified":"2024-06-09T08:28:45+00:00","description":"Jumalanpalvelukset 30.6.2024 Jumalanpalvelukset l\u00e4hialueiden kirkoissa sunnuntaina Kiimingin kirkko klo 10 Sakari Typp\u00f6 Kuusamon kirkko klo 10 Mauno","breadcrumb":{"@id":"https:\/\/www.suviseurat.fi/2024\/ohjelma\/seuraohjelman-lisatietoja\/#breadcrumb"},"inLanguage":"fi","potentialAction":[{"@type":"ReadAction","target":["https:\/\/www.suviseurat.fi/2024\/ohjelma\/seuraohjelman-lisatietoja\/"]}]},{"@type":"BreadcrumbList","@id":"https:\/\/www.suviseurat.fi/2024\/ohjelma\/seuraohjelman-lisatietoja\/#breadcrumb","itemListElement":[{"@type":"ListItem","position":1,"name":"Etusivu","item":"https:\/\/www.suviseurat.fi/2024\/"},{"@type":"ListItem","position":2,"name":"Ohjelma","item":"https:\/\/www.suviseurat.fi/2024\/ohjelma\/"},{"@type":"ListItem","position":3,"name":"Seuraohjelman lis\u00e4tietoja"}]},{"@type":"WebSite","@id":"https:\/\/www.suviseurat.fi/2024\/#website","url":"https:\/\/www.suviseurat.fi/2024\/","name":"SRK:n Suviseurat Pudasj\u00e4rvell\u00e4 2024","description":"Olenko min\u00e4 sinulle rakas?","publisher":{"@id":"https:\/\/www.suviseurat.fi/2024\/#organization"},"potentialAction":[{"@type":"SearchAction","target":{"@type":"EntryPoint","urlTemplate":"https:\/\/www.suviseurat.fi/2024\/?s={search_term_string}"},"query-input":"required name=search_term_string"}],"inLanguage":"fi"},{"@type":"Organization","@id":"https:\/\/www.suviseurat.fi/2024\/#organization","name":"Suviseurat","url":"https:\/\/www.suviseurat.fi/2024\/","logo":{"@type":"ImageObject","inLanguage":"fi","@id":"https:\/\/www.suviseurat.fi/2024\/#\/schema\/logo\/image\/","url":"https:\/\/www.suviseurat.fi/2024\/wp-content\/uploads\/2023\/10\/tunnus-nelio.jpg","contentUrl":"https:\/\/www.suviseurat.fi/2024\/wp-content\/uploads\/2023\/10\/tunnus-nelio.jpg","width":1000,"height":1000,"caption":"Suviseurat"},"image":{"@id":"https:\/\/www.suviseurat.fi/2024\/#\/schema\/logo\/image\/"},"sameAs":["https:\/\/www.facebook.com\/SRKryNyt\/","https:\/\/x.com\/Suviseurat","https:\/\/www.facebook.com\/srksuviseurat\/","https:\/\/www.youtube.com\/@SRKnyt","https:\/\/www.instagram.com\/srk_nyt\/","https:\/\/www.flickr.com\/photos\/suviseurat"]}]}},"_links":{"self":[{"href":"https:\/\/www.suviseurat.fi/2024\/wp-json\/wp\/v2\/pages\/9973"}],"collection":[{"href":"https:\/\/www.suviseurat.fi/2024\/wp-json\/wp\/v2\/pages"}],"about":[{"href":"https:\/\/www.suviseurat.fi/2024\/wp-json\/wp\/v2\/types\/page"}],"author":[{"embeddable":true,"href":"https:\/\/www.suviseurat.fi/2024\/wp-json\/wp\/v2\/users\/21"}],"replies":[{"embeddable":true,"href":"https:\/\/www.suviseurat.fi/2024\/wp-json\/wp\/v2\/comments?post=9973"}],"version-history":[{"count":27,"href":"https:\/\/www.suviseurat.fi/2024\/wp-json\/wp\/v2\/pages\/9973\/revisions"}],"predecessor-version":[{"id":20252,"href":"https:\/\/www.suviseurat.fi/2024\/wp-json\/wp\/v2\/pages\/9973\/revisions\/20252"}],"up":[{"embeddable":true,"href":"https:\/\/www.suviseurat.fi/2024\/wp-json\/wp\/v2\/pages\/21"}],"wp:attachment":[{"href":"https:\/\/www.suviseurat.fi/2024\/wp-json\/wp\/v2\/media?parent=9973"}],"curies":[{"name":"wp","href":"https:\/\/api.w.org\/{rel}","templated":true}]}}