{"id":25017,"date":"2024-09-03T23:40:01","date_gmt":"2024-09-03T20:40:01","guid":{"rendered":"https:\/\/www.suviseurat.fi\/die-sommerversammlung\/blog-ber-die-vorbereitungen-der-sommerversammlung\/"},"modified":"2026-03-10T18:31:28","modified_gmt":"2026-03-10T16:31:28","slug":"blog-ber-die-vorbereitungen-der-sommerversammlung","status":"publish","type":"page","link":"https:\/\/www.suviseurat.fi\/de\/die-sommerversammlung\/blog-ber-die-vorbereitungen-der-sommerversammlung\/","title":{"rendered":"Blog \u00fcber die Vorbereitungen der Sommerversammlung"},"content":{"rendered":"\n<table style=\"height: 91px;width: 100%;color: #1b1b1b;border-radius: 20px;border-collapse: separate;border-style: solid;border-color: #5e7f00\" cellpadding=\"10px\">\n<tbody>\n<tr style=\"height: 160px\">\n<td class=\"rounded-img\" style=\"width: 8rem;padding: 10px;height: 91px\"><img loading=\"lazy\" decoding=\"async\" class=\"alignnone wp-image-24279 size-full\" src=\"https:\/\/www.suviseurat.fi\/wp-content\/uploads\/2025\/09\/Kuvake.png\" alt=\"\" width=\"200\" height=\"200\"><\/td>\n<td style=\"padding: 15px;height: 91px\">\n<h5><strong>Vorbereitungen f\u00fcr die Sommerversammlung in Kauhava<\/strong><\/h5>\n<p style=\"margin-bottom: 0\">Die Sommerversammlung 2026 wird in Kauhava stattfinden. Die Vorbereitungen werden im Fr\u00fchjahr und im Sommer intensiviert. Das Kommunikationsteam wird eine Reihe von Blogeintr\u00e4gen ver\u00f6ffentlichen, die uns Einblick in die Vorbereitungen und Ideen hinter den Sommerversammlungen geben werden.  <\/p>\n<\/td>\n<\/tr>\n<\/tbody>\n<\/table>\n<p> <\/p>\n<ul class=\"wp-block-latest-posts__list has-dates wp-block-latest-posts\"><li><a class=\"wp-block-latest-posts__post-title\" href=\"https:\/\/www.suviseurat.fi\/de\/viele-erfahrungen-gleiches-vertrauen\/\">Viele Erfahrungen &#8211; gleiches Vertrauen<\/a><time datetime=\"2026-03-22T11:27:13+02:00\" class=\"wp-block-latest-posts__post-date\">22.03.2026<\/time><div class=\"wp-block-latest-posts__post-excerpt\">Hilkka Saulio Die Familie Saulio an der Sommerversammlung in Kruunupyy 1999. Auf dem Foto fehlt<a class=\"moretag\" href=\"https:\/\/www.suviseurat.fi\/de\/viele-erfahrungen-gleiches-vertrauen\/\">Weiterlesen &gt;<\/a><\/div><\/li>\n<li><a class=\"wp-block-latest-posts__post-title\" href=\"https:\/\/www.suviseurat.fi\/de\/sommerversammungen-eine-gl-ckliche-und-grossartige-sache\/\">Sommerversammungen, eine gl\u00fcckliche und grossartige Sache<\/a><time datetime=\"2026-02-19T16:48:44+02:00\" class=\"wp-block-latest-posts__post-date\">19.02.2026<\/time><div class=\"wp-block-latest-posts__post-excerpt\">Kimmo Heikkil\u00e4 Die Sommerversammlung in Ylivieska 1963 war meine erste Sommerversammlungs-Erfahrung. Die Anreise von Pudasj\u00e4rvi<a class=\"moretag\" href=\"https:\/\/www.suviseurat.fi\/de\/sommerversammungen-eine-gl-ckliche-und-grossartige-sache\/\">Weiterlesen &gt;<\/a><\/div><\/li>\n<li><a class=\"wp-block-latest-posts__post-title\" href=\"https:\/\/www.suviseurat.fi\/de\/ver-nderung-und-unver-nderlichkeit\/\">Ver\u00e4nderung und Unver\u00e4nderlichkeit<\/a><time datetime=\"2026-01-23T20:56:49+02:00\" class=\"wp-block-latest-posts__post-date\">23.01.2026<\/time><div class=\"wp-block-latest-posts__post-excerpt\">Ritva Nauha Aila Kotilainen:Ich habe Erinnerungen an die Sommerversammlungen aus meinem ganzen Leben, denn schon<a class=\"moretag\" href=\"https:\/\/www.suviseurat.fi\/de\/ver-nderung-und-unver-nderlichkeit\/\">Weiterlesen &gt;<\/a><\/div><\/li>\n<\/ul>\n","protected":false},"excerpt":{"rendered":"<p>Vorbereitungen f\u00fcr die Sommerversammlung in Kauhava Die Sommerversammlung 2026 wird in Kauhava stattfinden. Die Vorbereitungen<a class=\"moretag\" href=\"https:\/\/www.suviseurat.fi\/de\/die-sommerversammlung\/blog-ber-die-vorbereitungen-der-sommerversammlung\/\">Weiterlesen &gt;<\/a><\/p>\n","protected":false},"author":17,"featured_media":0,"parent":20282,"menu_order":4,"comment_status":"closed","ping_status":"closed","template":"","meta":{"_acf_changed":false,"footnotes":""},"class_list":["post-25017","page","type-page","status-publish","hentry"],"acf":[],"yoast_head":"<!-- This site is optimized with the Yoast SEO plugin v27.5 - https:\/\/yoast.com\/product\/yoast-seo-wordpress\/ -->\n<title>Blog \u00fcber die Vorbereitungen der Sommerversammlung - SRK:n Suviseurat Kauhavalla 2026<\/title>\n<meta name=\"description\" content=\"Vorbereitungen f\u00fcr die Sommerversammlung in Kauhava Die Sommerversammlung 2026 wird in Kauhava stattfinden. Die Vorbereitungen werden im Fr\u00fchjahr und im\" \/>\n<meta name=\"robots\" content=\"index, follow, max-snippet:-1, max-image-preview:large, max-video-preview:-1\" \/>\n<link rel=\"canonical\" href=\"https:\/\/www.suviseurat.fi\/de\/die-sommerversammlung\/blog-ber-die-vorbereitungen-der-sommerversammlung\/\" \/>\n<meta property=\"og:locale\" content=\"de_DE\" \/>\n<meta property=\"og:type\" content=\"article\" \/>\n<meta property=\"og:title\" content=\"Blog \u00fcber die Vorbereitungen der Sommerversammlung - SRK:n Suviseurat Kauhavalla 2026\" \/>\n<meta property=\"og:description\" content=\"Vorbereitungen f\u00fcr die Sommerversammlung in Kauhava Die Sommerversammlung 2026 wird in Kauhava stattfinden. Die Vorbereitungen werden im Fr\u00fchjahr und im\" \/>\n<meta property=\"og:url\" content=\"https:\/\/www.suviseurat.fi\/de\/die-sommerversammlung\/blog-ber-die-vorbereitungen-der-sommerversammlung\/\" \/>\n<meta property=\"og:site_name\" content=\"SRK:n Suviseurat Kauhavalla 2026\" \/>\n<meta property=\"article:publisher\" content=\"https:\/\/www.facebook.com\/SRKryNyt\/\" \/>\n<meta property=\"article:modified_time\" content=\"2026-03-10T16:31:28+00:00\" \/>\n<meta property=\"og:image\" content=\"https:\/\/www.suviseurat.fi\/wp-content\/uploads\/2025\/09\/Kuvake.png\" \/>\n\t<meta property=\"og:image:width\" content=\"200\" \/>\n\t<meta property=\"og:image:height\" content=\"200\" \/>\n\t<meta property=\"og:image:type\" content=\"image\/png\" \/>\n<meta name=\"twitter:card\" content=\"summary_large_image\" \/>\n<meta name=\"twitter:site\" content=\"@Suviseurat\" \/>\n<script type=\"application\/ld+json\" class=\"yoast-schema-graph\">{\"@context\":\"https:\\\/\\\/schema.org\",\"@graph\":[{\"@type\":\"WebPage\",\"@id\":\"https:\\\/\\\/www.suviseurat.fi\\\/de\\\/die-sommerversammlung\\\/blog-ber-die-vorbereitungen-der-sommerversammlung\\\/\",\"url\":\"https:\\\/\\\/www.suviseurat.fi\\\/de\\\/die-sommerversammlung\\\/blog-ber-die-vorbereitungen-der-sommerversammlung\\\/\",\"name\":\"Blog \u00fcber die Vorbereitungen der Sommerversammlung - SRK:n Suviseurat Kauhavalla 2026\",\"isPartOf\":{\"@id\":\"https:\\\/\\\/www.suviseurat.fi\\\/#website\"},\"primaryImageOfPage\":{\"@id\":\"https:\\\/\\\/www.suviseurat.fi\\\/de\\\/die-sommerversammlung\\\/blog-ber-die-vorbereitungen-der-sommerversammlung\\\/#primaryimage\"},\"image\":{\"@id\":\"https:\\\/\\\/www.suviseurat.fi\\\/de\\\/die-sommerversammlung\\\/blog-ber-die-vorbereitungen-der-sommerversammlung\\\/#primaryimage\"},\"thumbnailUrl\":\"https:\\\/\\\/www.suviseurat.fi\\\/wp-content\\\/uploads\\\/2025\\\/09\\\/Kuvake.png\",\"datePublished\":\"2024-09-03T20:40:01+00:00\",\"dateModified\":\"2026-03-10T16:31:28+00:00\",\"description\":\"Vorbereitungen f\u00fcr die Sommerversammlung in Kauhava Die Sommerversammlung 2026 wird in Kauhava stattfinden. Die Vorbereitungen werden im Fr\u00fchjahr und im\",\"breadcrumb\":{\"@id\":\"https:\\\/\\\/www.suviseurat.fi\\\/de\\\/die-sommerversammlung\\\/blog-ber-die-vorbereitungen-der-sommerversammlung\\\/#breadcrumb\"},\"inLanguage\":\"de-DE\",\"potentialAction\":[{\"@type\":\"ReadAction\",\"target\":[\"https:\\\/\\\/www.suviseurat.fi\\\/de\\\/die-sommerversammlung\\\/blog-ber-die-vorbereitungen-der-sommerversammlung\\\/\"]}]},{\"@type\":\"ImageObject\",\"inLanguage\":\"de-DE\",\"@id\":\"https:\\\/\\\/www.suviseurat.fi\\\/de\\\/die-sommerversammlung\\\/blog-ber-die-vorbereitungen-der-sommerversammlung\\\/#primaryimage\",\"url\":\"https:\\\/\\\/www.suviseurat.fi\\\/wp-content\\\/uploads\\\/2025\\\/09\\\/Kuvake.png\",\"contentUrl\":\"https:\\\/\\\/www.suviseurat.fi\\\/wp-content\\\/uploads\\\/2025\\\/09\\\/Kuvake.png\"},{\"@type\":\"BreadcrumbList\",\"@id\":\"https:\\\/\\\/www.suviseurat.fi\\\/de\\\/die-sommerversammlung\\\/blog-ber-die-vorbereitungen-der-sommerversammlung\\\/#breadcrumb\",\"itemListElement\":[{\"@type\":\"ListItem\",\"position\":1,\"name\":\"Etusivu\",\"item\":\"https:\\\/\\\/www.suviseurat.fi\\\/de\\\/\"},{\"@type\":\"ListItem\",\"position\":2,\"name\":\"Die Sommerversammlung\",\"item\":\"https:\\\/\\\/www.suviseurat.fi\\\/de\\\/die-sommerversammlung\\\/\"},{\"@type\":\"ListItem\",\"position\":3,\"name\":\"Blog \u00fcber die Vorbereitungen der Sommerversammlung\"}]},{\"@type\":\"WebSite\",\"@id\":\"https:\\\/\\\/www.suviseurat.fi\\\/#website\",\"url\":\"https:\\\/\\\/www.suviseurat.fi\\\/\",\"name\":\"SRK:n Suviseurat Kauhavalla 2026\",\"description\":\"Herra, t\u00e4ss\u00e4 on meid\u00e4n hyv\u00e4 olla\",\"publisher\":{\"@id\":\"https:\\\/\\\/www.suviseurat.fi\\\/#organization\"},\"potentialAction\":[{\"@type\":\"SearchAction\",\"target\":{\"@type\":\"EntryPoint\",\"urlTemplate\":\"https:\\\/\\\/www.suviseurat.fi\\\/?s={search_term_string}\"},\"query-input\":{\"@type\":\"PropertyValueSpecification\",\"valueRequired\":true,\"valueName\":\"search_term_string\"}}],\"inLanguage\":\"de-DE\"},{\"@type\":\"Organization\",\"@id\":\"https:\\\/\\\/www.suviseurat.fi\\\/#organization\",\"name\":\"Suviseurat\",\"url\":\"https:\\\/\\\/www.suviseurat.fi\\\/\",\"logo\":{\"@type\":\"ImageObject\",\"inLanguage\":\"de-DE\",\"@id\":\"https:\\\/\\\/www.suviseurat.fi\\\/#\\\/schema\\\/logo\\\/image\\\/\",\"url\":\"https:\\\/\\\/www.suviseurat.fi\\\/wp-content\\\/uploads\\\/2023\\\/10\\\/tunnus-nelio.jpg\",\"contentUrl\":\"https:\\\/\\\/www.suviseurat.fi\\\/wp-content\\\/uploads\\\/2023\\\/10\\\/tunnus-nelio.jpg\",\"width\":1000,\"height\":1000,\"caption\":\"Suviseurat\"},\"image\":{\"@id\":\"https:\\\/\\\/www.suviseurat.fi\\\/#\\\/schema\\\/logo\\\/image\\\/\"},\"sameAs\":[\"https:\\\/\\\/www.facebook.com\\\/SRKryNyt\\\/\",\"https:\\\/\\\/x.com\\\/Suviseurat\",\"https:\\\/\\\/www.facebook.com\\\/srksuviseurat\\\/\",\"https:\\\/\\\/www.youtube.com\\\/@SRKnyt\",\"https:\\\/\\\/www.instagram.com\\\/srk_nyt\\\/\",\"https:\\\/\\\/www.flickr.com\\\/photos\\\/suviseurat\"]}]}<\/script>\n<!-- \/ Yoast SEO plugin. -->","yoast_head_json":{"title":"Blog \u00fcber die Vorbereitungen der Sommerversammlung - SRK:n Suviseurat Kauhavalla 2026","description":"Vorbereitungen f\u00fcr die Sommerversammlung in Kauhava Die Sommerversammlung 2026 wird in Kauhava stattfinden. Die Vorbereitungen werden im Fr\u00fchjahr und im","robots":{"index":"index","follow":"follow","max-snippet":"max-snippet:-1","max-image-preview":"max-image-preview:large","max-video-preview":"max-video-preview:-1"},"canonical":"https:\/\/www.suviseurat.fi\/de\/die-sommerversammlung\/blog-ber-die-vorbereitungen-der-sommerversammlung\/","og_locale":"de_DE","og_type":"article","og_title":"Blog \u00fcber die Vorbereitungen der Sommerversammlung - SRK:n Suviseurat Kauhavalla 2026","og_description":"Vorbereitungen f\u00fcr die Sommerversammlung in Kauhava Die Sommerversammlung 2026 wird in Kauhava stattfinden. Die Vorbereitungen werden im Fr\u00fchjahr und im","og_url":"https:\/\/www.suviseurat.fi\/de\/die-sommerversammlung\/blog-ber-die-vorbereitungen-der-sommerversammlung\/","og_site_name":"SRK:n Suviseurat Kauhavalla 2026","article_publisher":"https:\/\/www.facebook.com\/SRKryNyt\/","article_modified_time":"2026-03-10T16:31:28+00:00","og_image":[{"width":200,"height":200,"url":"https:\/\/www.suviseurat.fi\/wp-content\/uploads\/2025\/09\/Kuvake.png","type":"image\/png"}],"twitter_card":"summary_large_image","twitter_site":"@Suviseurat","schema":{"@context":"https:\/\/schema.org","@graph":[{"@type":"WebPage","@id":"https:\/\/www.suviseurat.fi\/de\/die-sommerversammlung\/blog-ber-die-vorbereitungen-der-sommerversammlung\/","url":"https:\/\/www.suviseurat.fi\/de\/die-sommerversammlung\/blog-ber-die-vorbereitungen-der-sommerversammlung\/","name":"Blog \u00fcber die Vorbereitungen der Sommerversammlung - SRK:n Suviseurat Kauhavalla 2026","isPartOf":{"@id":"https:\/\/www.suviseurat.fi\/#website"},"primaryImageOfPage":{"@id":"https:\/\/www.suviseurat.fi\/de\/die-sommerversammlung\/blog-ber-die-vorbereitungen-der-sommerversammlung\/#primaryimage"},"image":{"@id":"https:\/\/www.suviseurat.fi\/de\/die-sommerversammlung\/blog-ber-die-vorbereitungen-der-sommerversammlung\/#primaryimage"},"thumbnailUrl":"https:\/\/www.suviseurat.fi\/wp-content\/uploads\/2025\/09\/Kuvake.png","datePublished":"2024-09-03T20:40:01+00:00","dateModified":"2026-03-10T16:31:28+00:00","description":"Vorbereitungen f\u00fcr die Sommerversammlung in Kauhava Die Sommerversammlung 2026 wird in Kauhava stattfinden. Die Vorbereitungen werden im Fr\u00fchjahr und im","breadcrumb":{"@id":"https:\/\/www.suviseurat.fi\/de\/die-sommerversammlung\/blog-ber-die-vorbereitungen-der-sommerversammlung\/#breadcrumb"},"inLanguage":"de-DE","potentialAction":[{"@type":"ReadAction","target":["https:\/\/www.suviseurat.fi\/de\/die-sommerversammlung\/blog-ber-die-vorbereitungen-der-sommerversammlung\/"]}]},{"@type":"ImageObject","inLanguage":"de-DE","@id":"https:\/\/www.suviseurat.fi\/de\/die-sommerversammlung\/blog-ber-die-vorbereitungen-der-sommerversammlung\/#primaryimage","url":"https:\/\/www.suviseurat.fi\/wp-content\/uploads\/2025\/09\/Kuvake.png","contentUrl":"https:\/\/www.suviseurat.fi\/wp-content\/uploads\/2025\/09\/Kuvake.png"},{"@type":"BreadcrumbList","@id":"https:\/\/www.suviseurat.fi\/de\/die-sommerversammlung\/blog-ber-die-vorbereitungen-der-sommerversammlung\/#breadcrumb","itemListElement":[{"@type":"ListItem","position":1,"name":"Etusivu","item":"https:\/\/www.suviseurat.fi\/de\/"},{"@type":"ListItem","position":2,"name":"Die Sommerversammlung","item":"https:\/\/www.suviseurat.fi\/de\/die-sommerversammlung\/"},{"@type":"ListItem","position":3,"name":"Blog \u00fcber die Vorbereitungen der Sommerversammlung"}]},{"@type":"WebSite","@id":"https:\/\/www.suviseurat.fi\/#website","url":"https:\/\/www.suviseurat.fi\/","name":"SRK:n Suviseurat Kauhavalla 2026","description":"Herra, t\u00e4ss\u00e4 on meid\u00e4n hyv\u00e4 olla","publisher":{"@id":"https:\/\/www.suviseurat.fi\/#organization"},"potentialAction":[{"@type":"SearchAction","target":{"@type":"EntryPoint","urlTemplate":"https:\/\/www.suviseurat.fi\/?s={search_term_string}"},"query-input":{"@type":"PropertyValueSpecification","valueRequired":true,"valueName":"search_term_string"}}],"inLanguage":"de-DE"},{"@type":"Organization","@id":"https:\/\/www.suviseurat.fi\/#organization","name":"Suviseurat","url":"https:\/\/www.suviseurat.fi\/","logo":{"@type":"ImageObject","inLanguage":"de-DE","@id":"https:\/\/www.suviseurat.fi\/#\/schema\/logo\/image\/","url":"https:\/\/www.suviseurat.fi\/wp-content\/uploads\/2023\/10\/tunnus-nelio.jpg","contentUrl":"https:\/\/www.suviseurat.fi\/wp-content\/uploads\/2023\/10\/tunnus-nelio.jpg","width":1000,"height":1000,"caption":"Suviseurat"},"image":{"@id":"https:\/\/www.suviseurat.fi\/#\/schema\/logo\/image\/"},"sameAs":["https:\/\/www.facebook.com\/SRKryNyt\/","https:\/\/x.com\/Suviseurat","https:\/\/www.facebook.com\/srksuviseurat\/","https:\/\/www.youtube.com\/@SRKnyt","https:\/\/www.instagram.com\/srk_nyt\/","https:\/\/www.flickr.com\/photos\/suviseurat"]}]}},"_links":{"self":[{"href":"https:\/\/www.suviseurat.fi\/de\/wp-json\/wp\/v2\/pages\/25017","targetHints":{"allow":["GET"]}}],"collection":[{"href":"https:\/\/www.suviseurat.fi\/de\/wp-json\/wp\/v2\/pages"}],"about":[{"href":"https:\/\/www.suviseurat.fi\/de\/wp-json\/wp\/v2\/types\/page"}],"author":[{"embeddable":true,"href":"https:\/\/www.suviseurat.fi\/de\/wp-json\/wp\/v2\/users\/17"}],"replies":[{"embeddable":true,"href":"https:\/\/www.suviseurat.fi\/de\/wp-json\/wp\/v2\/comments?post=25017"}],"version-history":[{"count":2,"href":"https:\/\/www.suviseurat.fi\/de\/wp-json\/wp\/v2\/pages\/25017\/revisions"}],"predecessor-version":[{"id":25152,"href":"https:\/\/www.suviseurat.fi\/de\/wp-json\/wp\/v2\/pages\/25017\/revisions\/25152"}],"up":[{"embeddable":true,"href":"https:\/\/www.suviseurat.fi\/de\/wp-json\/wp\/v2\/pages\/20282"}],"wp:attachment":[{"href":"https:\/\/www.suviseurat.fi\/de\/wp-json\/wp\/v2\/media?parent=25017"}],"curies":[{"name":"wp","href":"https:\/\/api.w.org\/{rel}","templated":true}]}}