{"id":25019,"date":"2024-09-03T23:42:50","date_gmt":"2024-09-03T20:42:50","guid":{"rendered":"https:\/\/www.suviseurat.fi\/datenschutz\/"},"modified":"2026-04-30T12:32:26","modified_gmt":"2026-04-30T09:32:26","slug":"datenschutz","status":"publish","type":"page","link":"https:\/\/www.suviseurat.fi\/de\/datenschutz\/","title":{"rendered":"Datenschutz"},"content":{"rendered":"<h2>Datenschutz<\/h2>\n<p>Die neue EU-Datenschutzverordnung ist am 25. Mai 2018 in Kraft getreten. Wir haben die neue Verordnung bei der Verarbeitung personenbezogener Daten und bei unseren Datenschutzpraktiken in den von uns bereitgestellten Systemen und Dienstleistungen ber\u00fccksichtigt. <\/p>\n<p>Die aktualisierten Datenschutzerkl\u00e4rungen finden Sie auf diesen Systemen.<\/p>\n<p>Bitte lesen Sie die <a href=\"\/wp-content\/uploads\/2020\/10\/tietosuojaseloste-suvivuorot-artikla-13.pdf\">Datenschutzbestimmungen der Sommerversammlung f\u00fcr die Arbeitsbeschaffung<\/a> und die <a href=\"https:\/\/www.suviseurat.fi\/wp-content\/uploads\/2024\/06\/Tallentavan-kameravalvonnan-rekisteriseloste.pdf\">Datenschutzbestimmungen f\u00fcr die Kamera\u00fcberwachung<\/a>.<\/p>\n<h2><a href=\"https:\/\/www.suviseurat.fi\/evastekaytanto-eu\/\">Cookies<\/a><\/h2>\n<p>Ein Cookie ist eine kleine Textdatei, die der Browser auf dem Ger\u00e4t des Benutzers speichert. Das Cookie schadet dem Ger\u00e4t in keiner Weise. Cookies werden auf Websites verwendet, um zum Beispiel technische Informationen bereitzustellen und die Nutzung des Dienstes zu erleichtern.  <\/p>\n<p>Suviseurat.fi verwendet Cookies, um Statistiken \u00fcber Besucherzahlen zu sammeln (Google Analytics). Die Statistiken k\u00f6nnen keinen einzelnen Benutzer identifizieren, sondern die Daten werden anonym gespeichert. <\/p>\n<p>Sie k\u00f6nnen die Verwendung von Cookies in den Einstellungen Ihres Internetbrowsers akzeptieren oder ablehnen. Die \u00c4nderung der Einstellung h\u00e4ngt von dem von Ihnen verwendeten Internetbrowser ab. Bitte beachten Sie, dass die Deaktivierung von Cookies dazu f\u00fchren kann, dass einige der Funktionen oder Dienste auf der Website nicht mehr funktionieren.  <\/p>\n<p>Sie k\u00f6nnen mehr \u00fcber Cookies lesen, zum Beispiel <a href=\"https:\/\/www.viestintavirasto.fi\/kyberturvallisuus\/tietoturvaohjeet\/palveluidenturvallinenkaytto\/evasteet.html\" target=\"_blank\" rel=\"noopener noreferrer\">auf der Website der Kommunikationsagentur<\/a>.<\/p>\n","protected":false},"excerpt":{"rendered":"<p>Datenschutz Die neue EU-Datenschutzverordnung ist am 25. Mai 2018 in Kraft getreten. Wir haben die<a class=\"moretag\" href=\"https:\/\/www.suviseurat.fi\/de\/datenschutz\/\">Weiterlesen &gt;<\/a><\/p>\n","protected":false},"author":19,"featured_media":0,"parent":0,"menu_order":0,"comment_status":"closed","ping_status":"closed","template":"","meta":{"_acf_changed":false,"footnotes":""},"class_list":["post-25019","page","type-page","status-publish","hentry"],"acf":[],"yoast_head":"<!-- This site is optimized with the Yoast SEO plugin v27.5 - https:\/\/yoast.com\/product\/yoast-seo-wordpress\/ -->\n<title>Datenschutz - SRK:n Suviseurat Kauhavalla 2026<\/title>\n<meta name=\"description\" content=\"Datenschutz Die neue EU-Datenschutzverordnung ist am 25. Mai 2018 in Kraft getreten. Wir haben die neue Verordnung bei der Verarbeitung personenbezogener\" \/>\n<meta name=\"robots\" content=\"index, follow, max-snippet:-1, max-image-preview:large, max-video-preview:-1\" \/>\n<link rel=\"canonical\" href=\"https:\/\/www.suviseurat.fi\/de\/datenschutz\/\" \/>\n<meta property=\"og:locale\" content=\"de_DE\" \/>\n<meta property=\"og:type\" content=\"article\" \/>\n<meta property=\"og:title\" content=\"Datenschutz - SRK:n Suviseurat Kauhavalla 2026\" \/>\n<meta property=\"og:description\" content=\"Datenschutz Die neue EU-Datenschutzverordnung ist am 25. Mai 2018 in Kraft getreten. Wir haben die neue Verordnung bei der Verarbeitung personenbezogener\" \/>\n<meta property=\"og:url\" content=\"https:\/\/www.suviseurat.fi\/de\/datenschutz\/\" \/>\n<meta property=\"og:site_name\" content=\"SRK:n Suviseurat Kauhavalla 2026\" \/>\n<meta property=\"article:publisher\" content=\"https:\/\/www.facebook.com\/SRKryNyt\/\" \/>\n<meta property=\"article:modified_time\" content=\"2026-04-30T09:32:26+00:00\" \/>\n<meta name=\"twitter:card\" content=\"summary_large_image\" \/>\n<meta name=\"twitter:site\" content=\"@Suviseurat\" \/>\n<meta name=\"twitter:label1\" content=\"Gesch\u00e4tzte Lesezeit\" \/>\n\t<meta name=\"twitter:data1\" content=\"1 minute\" \/>\n<script type=\"application\/ld+json\" class=\"yoast-schema-graph\">{\"@context\":\"https:\\\/\\\/schema.org\",\"@graph\":[{\"@type\":\"WebPage\",\"@id\":\"https:\\\/\\\/www.suviseurat.fi\\\/de\\\/datenschutz\\\/\",\"url\":\"https:\\\/\\\/www.suviseurat.fi\\\/de\\\/datenschutz\\\/\",\"name\":\"Datenschutz - SRK:n Suviseurat Kauhavalla 2026\",\"isPartOf\":{\"@id\":\"https:\\\/\\\/www.suviseurat.fi\\\/#website\"},\"datePublished\":\"2024-09-03T20:42:50+00:00\",\"dateModified\":\"2026-04-30T09:32:26+00:00\",\"description\":\"Datenschutz Die neue EU-Datenschutzverordnung ist am 25. Mai 2018 in Kraft getreten. Wir haben die neue Verordnung bei der Verarbeitung personenbezogener\",\"breadcrumb\":{\"@id\":\"https:\\\/\\\/www.suviseurat.fi\\\/de\\\/datenschutz\\\/#breadcrumb\"},\"inLanguage\":\"de-DE\",\"potentialAction\":[{\"@type\":\"ReadAction\",\"target\":[\"https:\\\/\\\/www.suviseurat.fi\\\/de\\\/datenschutz\\\/\"]}]},{\"@type\":\"BreadcrumbList\",\"@id\":\"https:\\\/\\\/www.suviseurat.fi\\\/de\\\/datenschutz\\\/#breadcrumb\",\"itemListElement\":[{\"@type\":\"ListItem\",\"position\":1,\"name\":\"Etusivu\",\"item\":\"https:\\\/\\\/www.suviseurat.fi\\\/de\\\/\"},{\"@type\":\"ListItem\",\"position\":2,\"name\":\"Datenschutz\"}]},{\"@type\":\"WebSite\",\"@id\":\"https:\\\/\\\/www.suviseurat.fi\\\/#website\",\"url\":\"https:\\\/\\\/www.suviseurat.fi\\\/\",\"name\":\"SRK:n Suviseurat Kauhavalla 2026\",\"description\":\"Herra, t\u00e4ss\u00e4 on meid\u00e4n hyv\u00e4 olla\",\"publisher\":{\"@id\":\"https:\\\/\\\/www.suviseurat.fi\\\/#organization\"},\"potentialAction\":[{\"@type\":\"SearchAction\",\"target\":{\"@type\":\"EntryPoint\",\"urlTemplate\":\"https:\\\/\\\/www.suviseurat.fi\\\/?s={search_term_string}\"},\"query-input\":{\"@type\":\"PropertyValueSpecification\",\"valueRequired\":true,\"valueName\":\"search_term_string\"}}],\"inLanguage\":\"de-DE\"},{\"@type\":\"Organization\",\"@id\":\"https:\\\/\\\/www.suviseurat.fi\\\/#organization\",\"name\":\"Suviseurat\",\"url\":\"https:\\\/\\\/www.suviseurat.fi\\\/\",\"logo\":{\"@type\":\"ImageObject\",\"inLanguage\":\"de-DE\",\"@id\":\"https:\\\/\\\/www.suviseurat.fi\\\/#\\\/schema\\\/logo\\\/image\\\/\",\"url\":\"https:\\\/\\\/www.suviseurat.fi\\\/wp-content\\\/uploads\\\/2023\\\/10\\\/tunnus-nelio.jpg\",\"contentUrl\":\"https:\\\/\\\/www.suviseurat.fi\\\/wp-content\\\/uploads\\\/2023\\\/10\\\/tunnus-nelio.jpg\",\"width\":1000,\"height\":1000,\"caption\":\"Suviseurat\"},\"image\":{\"@id\":\"https:\\\/\\\/www.suviseurat.fi\\\/#\\\/schema\\\/logo\\\/image\\\/\"},\"sameAs\":[\"https:\\\/\\\/www.facebook.com\\\/SRKryNyt\\\/\",\"https:\\\/\\\/x.com\\\/Suviseurat\",\"https:\\\/\\\/www.facebook.com\\\/srksuviseurat\\\/\",\"https:\\\/\\\/www.youtube.com\\\/@SRKnyt\",\"https:\\\/\\\/www.instagram.com\\\/srk_nyt\\\/\",\"https:\\\/\\\/www.flickr.com\\\/photos\\\/suviseurat\"]}]}<\/script>\n<!-- \/ Yoast SEO plugin. -->","yoast_head_json":{"title":"Datenschutz - SRK:n Suviseurat Kauhavalla 2026","description":"Datenschutz Die neue EU-Datenschutzverordnung ist am 25. Mai 2018 in Kraft getreten. Wir haben die neue Verordnung bei der Verarbeitung personenbezogener","robots":{"index":"index","follow":"follow","max-snippet":"max-snippet:-1","max-image-preview":"max-image-preview:large","max-video-preview":"max-video-preview:-1"},"canonical":"https:\/\/www.suviseurat.fi\/de\/datenschutz\/","og_locale":"de_DE","og_type":"article","og_title":"Datenschutz - SRK:n Suviseurat Kauhavalla 2026","og_description":"Datenschutz Die neue EU-Datenschutzverordnung ist am 25. Mai 2018 in Kraft getreten. Wir haben die neue Verordnung bei der Verarbeitung personenbezogener","og_url":"https:\/\/www.suviseurat.fi\/de\/datenschutz\/","og_site_name":"SRK:n Suviseurat Kauhavalla 2026","article_publisher":"https:\/\/www.facebook.com\/SRKryNyt\/","article_modified_time":"2026-04-30T09:32:26+00:00","twitter_card":"summary_large_image","twitter_site":"@Suviseurat","twitter_misc":{"Gesch\u00e4tzte Lesezeit":"1 minute"},"schema":{"@context":"https:\/\/schema.org","@graph":[{"@type":"WebPage","@id":"https:\/\/www.suviseurat.fi\/de\/datenschutz\/","url":"https:\/\/www.suviseurat.fi\/de\/datenschutz\/","name":"Datenschutz - SRK:n Suviseurat Kauhavalla 2026","isPartOf":{"@id":"https:\/\/www.suviseurat.fi\/#website"},"datePublished":"2024-09-03T20:42:50+00:00","dateModified":"2026-04-30T09:32:26+00:00","description":"Datenschutz Die neue EU-Datenschutzverordnung ist am 25. Mai 2018 in Kraft getreten. Wir haben die neue Verordnung bei der Verarbeitung personenbezogener","breadcrumb":{"@id":"https:\/\/www.suviseurat.fi\/de\/datenschutz\/#breadcrumb"},"inLanguage":"de-DE","potentialAction":[{"@type":"ReadAction","target":["https:\/\/www.suviseurat.fi\/de\/datenschutz\/"]}]},{"@type":"BreadcrumbList","@id":"https:\/\/www.suviseurat.fi\/de\/datenschutz\/#breadcrumb","itemListElement":[{"@type":"ListItem","position":1,"name":"Etusivu","item":"https:\/\/www.suviseurat.fi\/de\/"},{"@type":"ListItem","position":2,"name":"Datenschutz"}]},{"@type":"WebSite","@id":"https:\/\/www.suviseurat.fi\/#website","url":"https:\/\/www.suviseurat.fi\/","name":"SRK:n Suviseurat Kauhavalla 2026","description":"Herra, t\u00e4ss\u00e4 on meid\u00e4n hyv\u00e4 olla","publisher":{"@id":"https:\/\/www.suviseurat.fi\/#organization"},"potentialAction":[{"@type":"SearchAction","target":{"@type":"EntryPoint","urlTemplate":"https:\/\/www.suviseurat.fi\/?s={search_term_string}"},"query-input":{"@type":"PropertyValueSpecification","valueRequired":true,"valueName":"search_term_string"}}],"inLanguage":"de-DE"},{"@type":"Organization","@id":"https:\/\/www.suviseurat.fi\/#organization","name":"Suviseurat","url":"https:\/\/www.suviseurat.fi\/","logo":{"@type":"ImageObject","inLanguage":"de-DE","@id":"https:\/\/www.suviseurat.fi\/#\/schema\/logo\/image\/","url":"https:\/\/www.suviseurat.fi\/wp-content\/uploads\/2023\/10\/tunnus-nelio.jpg","contentUrl":"https:\/\/www.suviseurat.fi\/wp-content\/uploads\/2023\/10\/tunnus-nelio.jpg","width":1000,"height":1000,"caption":"Suviseurat"},"image":{"@id":"https:\/\/www.suviseurat.fi\/#\/schema\/logo\/image\/"},"sameAs":["https:\/\/www.facebook.com\/SRKryNyt\/","https:\/\/x.com\/Suviseurat","https:\/\/www.facebook.com\/srksuviseurat\/","https:\/\/www.youtube.com\/@SRKnyt","https:\/\/www.instagram.com\/srk_nyt\/","https:\/\/www.flickr.com\/photos\/suviseurat"]}]}},"_links":{"self":[{"href":"https:\/\/www.suviseurat.fi\/de\/wp-json\/wp\/v2\/pages\/25019","targetHints":{"allow":["GET"]}}],"collection":[{"href":"https:\/\/www.suviseurat.fi\/de\/wp-json\/wp\/v2\/pages"}],"about":[{"href":"https:\/\/www.suviseurat.fi\/de\/wp-json\/wp\/v2\/types\/page"}],"author":[{"embeddable":true,"href":"https:\/\/www.suviseurat.fi\/de\/wp-json\/wp\/v2\/users\/19"}],"replies":[{"embeddable":true,"href":"https:\/\/www.suviseurat.fi\/de\/wp-json\/wp\/v2\/comments?post=25019"}],"version-history":[{"count":1,"href":"https:\/\/www.suviseurat.fi\/de\/wp-json\/wp\/v2\/pages\/25019\/revisions"}],"predecessor-version":[{"id":25745,"href":"https:\/\/www.suviseurat.fi\/de\/wp-json\/wp\/v2\/pages\/25019\/revisions\/25745"}],"wp:attachment":[{"href":"https:\/\/www.suviseurat.fi\/de\/wp-json\/wp\/v2\/media?parent=25019"}],"curies":[{"name":"wp","href":"https:\/\/api.w.org\/{rel}","templated":true}]}}