{"id":21588,"date":"2024-09-03T23:40:01","date_gmt":"2024-09-03T20:40:01","guid":{"rendered":"https:\/\/www.suviseurat.fi\/los-servicios-de-verano\/hacia-el-blog-de-los-clubes-de-verano\/"},"modified":"2026-03-10T18:57:32","modified_gmt":"2026-03-10T16:57:32","slug":"hacia-el-blog-de-los-clubes-de-verano","status":"publish","type":"page","link":"https:\/\/www.suviseurat.fi\/es\/los-servicios-de-verano\/hacia-el-blog-de-los-clubes-de-verano\/","title":{"rendered":"Hacia los Servicios de Verano \u2013 Blog"},"content":{"rendered":"\n<table style=\"height: 91px;width: 100%;color: #1b1b1b;border-radius: 20px;border-collapse: separate;border-style: solid;border-color: #5e7f00\" cellpadding=\"10px\">\n<tbody>\n<tr style=\"height: 160px\">\n<td class=\"rounded-img\" style=\"width: 8rem;padding: 10px;height: 91px\"><img loading=\"lazy\" decoding=\"async\" class=\"alignnone wp-image-24279 size-full\" src=\"https:\/\/www.suviseurat.fi\/wp-content\/uploads\/2025\/09\/Kuvake.png\" alt=\"\" width=\"200\" height=\"200\"><\/td>\n<td style=\"padding: 15px;height: 91px\">\n<h5><strong>Hacia los Servicios de Verano en Kauhava<\/strong><\/h5>\n<p style=\"margin-bottom: 0\">Se est\u00e1n preparando los Servicios de Verano 2026 en Kauhava. Los preparativos se intensificar\u00e1n a lo largo de la primavera y con la llegada del verano.<br>A trav\u00e9s de la serie de blogs publicada por el Comit\u00e9 de Comunicaci\u00f3n, podr\u00e1s conocer m\u00e1s sobre los preparativos del evento y las reflexiones relacionadas con ellos.  <\/p>\n<\/td>\n<\/tr>\n<\/tbody>\n<\/table>\n<p> <\/p>\n<ul class=\"wp-block-latest-posts__list has-dates wp-block-latest-posts\"><li><a class=\"wp-block-latest-posts__post-title\" href=\"https:\/\/www.suviseurat.fi\/es\/servicios-de-verano-una-gran-y-alegre-bendici-n\/\">Servicios de Verano, una gran y alegre bendici\u00f3n<\/a><time datetime=\"2026-02-19T16:48:44+02:00\" class=\"wp-block-latest-posts__post-date\">19.02.2026<\/time><div class=\"wp-block-latest-posts__post-excerpt\">Kimmo Heikkil\u00e4 Los Servicios de Verano de Ylivieska en 1963 fue mi primera experiencia en<a class=\"moretag\" href=\"https:\/\/www.suviseurat.fi\/es\/servicios-de-verano-una-gran-y-alegre-bendici-n\/\">Continuar leyendo &gt;<\/a><\/div><\/li>\n<li><a class=\"wp-block-latest-posts__post-title\" href=\"https:\/\/www.suviseurat.fi\/es\/cambios-y-permanencia\/\">Cambios y permanencia<\/a><time datetime=\"2026-01-23T20:56:49+02:00\" class=\"wp-block-latest-posts__post-date\">23.01.2026<\/time><div class=\"wp-block-latest-posts__post-excerpt\">Ritva Nauha Aila Kotilainen:Tengo recuerdos de los Servicos de Verano de toda la vida, porque<a class=\"moretag\" href=\"https:\/\/www.suviseurat.fi\/es\/cambios-y-permanencia\/\">Continuar leyendo &gt;<\/a><\/div><\/li>\n<\/ul>\n","protected":false},"excerpt":{"rendered":"<p>Hacia los Servicios de Verano en Kauhava Se est\u00e1n preparando los Servicios de Verano 2026<a class=\"moretag\" href=\"https:\/\/www.suviseurat.fi\/es\/los-servicios-de-verano\/hacia-el-blog-de-los-clubes-de-verano\/\">Continuar leyendo &gt;<\/a><\/p>\n","protected":false},"author":17,"featured_media":0,"parent":20556,"menu_order":4,"comment_status":"closed","ping_status":"closed","template":"","meta":{"_acf_changed":false,"footnotes":""},"class_list":["post-21588","page","type-page","status-publish","hentry"],"acf":[],"yoast_head":"<!-- This site is optimized with the Yoast SEO plugin v27.5 - https:\/\/yoast.com\/product\/yoast-seo-wordpress\/ -->\n<title>Hacia los Servicios de Verano \u2013 Blog - SRK:n Suviseurat Kauhavalla 2026<\/title>\n<meta name=\"description\" content=\"Hacia los Servicios de Verano en Kauhava Se est\u00e1n preparando los Servicios de Verano 2026 en Kauhava. Los preparativos se intensificar\u00e1n a lo largo de la\" \/>\n<meta name=\"robots\" content=\"index, follow, max-snippet:-1, max-image-preview:large, max-video-preview:-1\" \/>\n<link rel=\"canonical\" href=\"https:\/\/www.suviseurat.fi\/es\/los-servicios-de-verano\/hacia-el-blog-de-los-clubes-de-verano\/\" \/>\n<meta property=\"og:locale\" content=\"es_ES\" \/>\n<meta property=\"og:type\" content=\"article\" \/>\n<meta property=\"og:title\" content=\"Hacia los Servicios de Verano \u2013 Blog - SRK:n Suviseurat Kauhavalla 2026\" \/>\n<meta property=\"og:description\" content=\"Hacia los Servicios de Verano en Kauhava Se est\u00e1n preparando los Servicios de Verano 2026 en Kauhava. Los preparativos se intensificar\u00e1n a lo largo de la\" \/>\n<meta property=\"og:url\" content=\"https:\/\/www.suviseurat.fi\/es\/los-servicios-de-verano\/hacia-el-blog-de-los-clubes-de-verano\/\" \/>\n<meta property=\"og:site_name\" content=\"SRK:n Suviseurat Kauhavalla 2026\" \/>\n<meta property=\"article:publisher\" content=\"https:\/\/www.facebook.com\/SRKryNyt\/\" \/>\n<meta property=\"article:modified_time\" content=\"2026-03-10T16:57:32+00:00\" \/>\n<meta property=\"og:image\" content=\"https:\/\/www.suviseurat.fi\/wp-content\/uploads\/2025\/09\/Kuvake.png\" \/>\n\t<meta property=\"og:image:width\" content=\"200\" \/>\n\t<meta property=\"og:image:height\" content=\"200\" \/>\n\t<meta property=\"og:image:type\" content=\"image\/png\" \/>\n<meta name=\"twitter:card\" content=\"summary_large_image\" \/>\n<meta name=\"twitter:site\" content=\"@Suviseurat\" \/>\n<script type=\"application\/ld+json\" class=\"yoast-schema-graph\">{\"@context\":\"https:\\\/\\\/schema.org\",\"@graph\":[{\"@type\":\"WebPage\",\"@id\":\"https:\\\/\\\/www.suviseurat.fi\\\/es\\\/los-servicios-de-verano\\\/hacia-el-blog-de-los-clubes-de-verano\\\/\",\"url\":\"https:\\\/\\\/www.suviseurat.fi\\\/es\\\/los-servicios-de-verano\\\/hacia-el-blog-de-los-clubes-de-verano\\\/\",\"name\":\"Hacia los Servicios de Verano \u2013 Blog - SRK:n Suviseurat Kauhavalla 2026\",\"isPartOf\":{\"@id\":\"https:\\\/\\\/www.suviseurat.fi\\\/#website\"},\"primaryImageOfPage\":{\"@id\":\"https:\\\/\\\/www.suviseurat.fi\\\/es\\\/los-servicios-de-verano\\\/hacia-el-blog-de-los-clubes-de-verano\\\/#primaryimage\"},\"image\":{\"@id\":\"https:\\\/\\\/www.suviseurat.fi\\\/es\\\/los-servicios-de-verano\\\/hacia-el-blog-de-los-clubes-de-verano\\\/#primaryimage\"},\"thumbnailUrl\":\"https:\\\/\\\/www.suviseurat.fi\\\/wp-content\\\/uploads\\\/2025\\\/09\\\/Kuvake.png\",\"datePublished\":\"2024-09-03T20:40:01+00:00\",\"dateModified\":\"2026-03-10T16:57:32+00:00\",\"description\":\"Hacia los Servicios de Verano en Kauhava Se est\u00e1n preparando los Servicios de Verano 2026 en Kauhava. Los preparativos se intensificar\u00e1n a lo largo de la\",\"breadcrumb\":{\"@id\":\"https:\\\/\\\/www.suviseurat.fi\\\/es\\\/los-servicios-de-verano\\\/hacia-el-blog-de-los-clubes-de-verano\\\/#breadcrumb\"},\"inLanguage\":\"es-ES\",\"potentialAction\":[{\"@type\":\"ReadAction\",\"target\":[\"https:\\\/\\\/www.suviseurat.fi\\\/es\\\/los-servicios-de-verano\\\/hacia-el-blog-de-los-clubes-de-verano\\\/\"]}]},{\"@type\":\"ImageObject\",\"inLanguage\":\"es-ES\",\"@id\":\"https:\\\/\\\/www.suviseurat.fi\\\/es\\\/los-servicios-de-verano\\\/hacia-el-blog-de-los-clubes-de-verano\\\/#primaryimage\",\"url\":\"https:\\\/\\\/www.suviseurat.fi\\\/wp-content\\\/uploads\\\/2025\\\/09\\\/Kuvake.png\",\"contentUrl\":\"https:\\\/\\\/www.suviseurat.fi\\\/wp-content\\\/uploads\\\/2025\\\/09\\\/Kuvake.png\"},{\"@type\":\"BreadcrumbList\",\"@id\":\"https:\\\/\\\/www.suviseurat.fi\\\/es\\\/los-servicios-de-verano\\\/hacia-el-blog-de-los-clubes-de-verano\\\/#breadcrumb\",\"itemListElement\":[{\"@type\":\"ListItem\",\"position\":1,\"name\":\"Etusivu\",\"item\":\"https:\\\/\\\/www.suviseurat.fi\\\/es\\\/\"},{\"@type\":\"ListItem\",\"position\":2,\"name\":\"Servicios de Verano\",\"item\":\"https:\\\/\\\/www.suviseurat.fi\\\/suviseurat\\\/\"},{\"@type\":\"ListItem\",\"position\":3,\"name\":\"Hacia los Servicios de Verano \u2013 Blog\"}]},{\"@type\":\"WebSite\",\"@id\":\"https:\\\/\\\/www.suviseurat.fi\\\/#website\",\"url\":\"https:\\\/\\\/www.suviseurat.fi\\\/\",\"name\":\"SRK:n Suviseurat Kauhavalla 2026\",\"description\":\"Herra, t\u00e4ss\u00e4 on meid\u00e4n hyv\u00e4 olla\",\"publisher\":{\"@id\":\"https:\\\/\\\/www.suviseurat.fi\\\/#organization\"},\"potentialAction\":[{\"@type\":\"SearchAction\",\"target\":{\"@type\":\"EntryPoint\",\"urlTemplate\":\"https:\\\/\\\/www.suviseurat.fi\\\/?s={search_term_string}\"},\"query-input\":{\"@type\":\"PropertyValueSpecification\",\"valueRequired\":true,\"valueName\":\"search_term_string\"}}],\"inLanguage\":\"es-ES\"},{\"@type\":\"Organization\",\"@id\":\"https:\\\/\\\/www.suviseurat.fi\\\/#organization\",\"name\":\"Suviseurat\",\"url\":\"https:\\\/\\\/www.suviseurat.fi\\\/\",\"logo\":{\"@type\":\"ImageObject\",\"inLanguage\":\"es-ES\",\"@id\":\"https:\\\/\\\/www.suviseurat.fi\\\/#\\\/schema\\\/logo\\\/image\\\/\",\"url\":\"https:\\\/\\\/www.suviseurat.fi\\\/wp-content\\\/uploads\\\/2023\\\/10\\\/tunnus-nelio.jpg\",\"contentUrl\":\"https:\\\/\\\/www.suviseurat.fi\\\/wp-content\\\/uploads\\\/2023\\\/10\\\/tunnus-nelio.jpg\",\"width\":1000,\"height\":1000,\"caption\":\"Suviseurat\"},\"image\":{\"@id\":\"https:\\\/\\\/www.suviseurat.fi\\\/#\\\/schema\\\/logo\\\/image\\\/\"},\"sameAs\":[\"https:\\\/\\\/www.facebook.com\\\/SRKryNyt\\\/\",\"https:\\\/\\\/x.com\\\/Suviseurat\",\"https:\\\/\\\/www.facebook.com\\\/srksuviseurat\\\/\",\"https:\\\/\\\/www.youtube.com\\\/@SRKnyt\",\"https:\\\/\\\/www.instagram.com\\\/srk_nyt\\\/\",\"https:\\\/\\\/www.flickr.com\\\/photos\\\/suviseurat\"]}]}<\/script>\n<!-- \/ Yoast SEO plugin. -->","yoast_head_json":{"title":"Hacia los Servicios de Verano \u2013 Blog - SRK:n Suviseurat Kauhavalla 2026","description":"Hacia los Servicios de Verano en Kauhava Se est\u00e1n preparando los Servicios de Verano 2026 en Kauhava. Los preparativos se intensificar\u00e1n a lo largo de la","robots":{"index":"index","follow":"follow","max-snippet":"max-snippet:-1","max-image-preview":"max-image-preview:large","max-video-preview":"max-video-preview:-1"},"canonical":"https:\/\/www.suviseurat.fi\/es\/los-servicios-de-verano\/hacia-el-blog-de-los-clubes-de-verano\/","og_locale":"es_ES","og_type":"article","og_title":"Hacia los Servicios de Verano \u2013 Blog - SRK:n Suviseurat Kauhavalla 2026","og_description":"Hacia los Servicios de Verano en Kauhava Se est\u00e1n preparando los Servicios de Verano 2026 en Kauhava. Los preparativos se intensificar\u00e1n a lo largo de la","og_url":"https:\/\/www.suviseurat.fi\/es\/los-servicios-de-verano\/hacia-el-blog-de-los-clubes-de-verano\/","og_site_name":"SRK:n Suviseurat Kauhavalla 2026","article_publisher":"https:\/\/www.facebook.com\/SRKryNyt\/","article_modified_time":"2026-03-10T16:57:32+00:00","og_image":[{"width":200,"height":200,"url":"https:\/\/www.suviseurat.fi\/wp-content\/uploads\/2025\/09\/Kuvake.png","type":"image\/png"}],"twitter_card":"summary_large_image","twitter_site":"@Suviseurat","schema":{"@context":"https:\/\/schema.org","@graph":[{"@type":"WebPage","@id":"https:\/\/www.suviseurat.fi\/es\/los-servicios-de-verano\/hacia-el-blog-de-los-clubes-de-verano\/","url":"https:\/\/www.suviseurat.fi\/es\/los-servicios-de-verano\/hacia-el-blog-de-los-clubes-de-verano\/","name":"Hacia los Servicios de Verano \u2013 Blog - SRK:n Suviseurat Kauhavalla 2026","isPartOf":{"@id":"https:\/\/www.suviseurat.fi\/#website"},"primaryImageOfPage":{"@id":"https:\/\/www.suviseurat.fi\/es\/los-servicios-de-verano\/hacia-el-blog-de-los-clubes-de-verano\/#primaryimage"},"image":{"@id":"https:\/\/www.suviseurat.fi\/es\/los-servicios-de-verano\/hacia-el-blog-de-los-clubes-de-verano\/#primaryimage"},"thumbnailUrl":"https:\/\/www.suviseurat.fi\/wp-content\/uploads\/2025\/09\/Kuvake.png","datePublished":"2024-09-03T20:40:01+00:00","dateModified":"2026-03-10T16:57:32+00:00","description":"Hacia los Servicios de Verano en Kauhava Se est\u00e1n preparando los Servicios de Verano 2026 en Kauhava. Los preparativos se intensificar\u00e1n a lo largo de la","breadcrumb":{"@id":"https:\/\/www.suviseurat.fi\/es\/los-servicios-de-verano\/hacia-el-blog-de-los-clubes-de-verano\/#breadcrumb"},"inLanguage":"es-ES","potentialAction":[{"@type":"ReadAction","target":["https:\/\/www.suviseurat.fi\/es\/los-servicios-de-verano\/hacia-el-blog-de-los-clubes-de-verano\/"]}]},{"@type":"ImageObject","inLanguage":"es-ES","@id":"https:\/\/www.suviseurat.fi\/es\/los-servicios-de-verano\/hacia-el-blog-de-los-clubes-de-verano\/#primaryimage","url":"https:\/\/www.suviseurat.fi\/wp-content\/uploads\/2025\/09\/Kuvake.png","contentUrl":"https:\/\/www.suviseurat.fi\/wp-content\/uploads\/2025\/09\/Kuvake.png"},{"@type":"BreadcrumbList","@id":"https:\/\/www.suviseurat.fi\/es\/los-servicios-de-verano\/hacia-el-blog-de-los-clubes-de-verano\/#breadcrumb","itemListElement":[{"@type":"ListItem","position":1,"name":"Etusivu","item":"https:\/\/www.suviseurat.fi\/es\/"},{"@type":"ListItem","position":2,"name":"Servicios de Verano","item":"https:\/\/www.suviseurat.fi\/suviseurat\/"},{"@type":"ListItem","position":3,"name":"Hacia los Servicios de Verano \u2013 Blog"}]},{"@type":"WebSite","@id":"https:\/\/www.suviseurat.fi\/#website","url":"https:\/\/www.suviseurat.fi\/","name":"SRK:n Suviseurat Kauhavalla 2026","description":"Herra, t\u00e4ss\u00e4 on meid\u00e4n hyv\u00e4 olla","publisher":{"@id":"https:\/\/www.suviseurat.fi\/#organization"},"potentialAction":[{"@type":"SearchAction","target":{"@type":"EntryPoint","urlTemplate":"https:\/\/www.suviseurat.fi\/?s={search_term_string}"},"query-input":{"@type":"PropertyValueSpecification","valueRequired":true,"valueName":"search_term_string"}}],"inLanguage":"es-ES"},{"@type":"Organization","@id":"https:\/\/www.suviseurat.fi\/#organization","name":"Suviseurat","url":"https:\/\/www.suviseurat.fi\/","logo":{"@type":"ImageObject","inLanguage":"es-ES","@id":"https:\/\/www.suviseurat.fi\/#\/schema\/logo\/image\/","url":"https:\/\/www.suviseurat.fi\/wp-content\/uploads\/2023\/10\/tunnus-nelio.jpg","contentUrl":"https:\/\/www.suviseurat.fi\/wp-content\/uploads\/2023\/10\/tunnus-nelio.jpg","width":1000,"height":1000,"caption":"Suviseurat"},"image":{"@id":"https:\/\/www.suviseurat.fi\/#\/schema\/logo\/image\/"},"sameAs":["https:\/\/www.facebook.com\/SRKryNyt\/","https:\/\/x.com\/Suviseurat","https:\/\/www.facebook.com\/srksuviseurat\/","https:\/\/www.youtube.com\/@SRKnyt","https:\/\/www.instagram.com\/srk_nyt\/","https:\/\/www.flickr.com\/photos\/suviseurat"]}]}},"_links":{"self":[{"href":"https:\/\/www.suviseurat.fi\/es\/wp-json\/wp\/v2\/pages\/21588","targetHints":{"allow":["GET"]}}],"collection":[{"href":"https:\/\/www.suviseurat.fi\/es\/wp-json\/wp\/v2\/pages"}],"about":[{"href":"https:\/\/www.suviseurat.fi\/es\/wp-json\/wp\/v2\/types\/page"}],"author":[{"embeddable":true,"href":"https:\/\/www.suviseurat.fi\/es\/wp-json\/wp\/v2\/users\/17"}],"replies":[{"embeddable":true,"href":"https:\/\/www.suviseurat.fi\/es\/wp-json\/wp\/v2\/comments?post=21588"}],"version-history":[{"count":9,"href":"https:\/\/www.suviseurat.fi\/es\/wp-json\/wp\/v2\/pages\/21588\/revisions"}],"predecessor-version":[{"id":25161,"href":"https:\/\/www.suviseurat.fi\/es\/wp-json\/wp\/v2\/pages\/21588\/revisions\/25161"}],"up":[{"embeddable":true,"href":"https:\/\/www.suviseurat.fi\/es\/wp-json\/wp\/v2\/pages\/20556"}],"wp:attachment":[{"href":"https:\/\/www.suviseurat.fi\/es\/wp-json\/wp\/v2\/media?parent=21588"}],"curies":[{"name":"wp","href":"https:\/\/api.w.org\/{rel}","templated":true}]}}