{"id":24989,"date":"2024-09-03T23:42:50","date_gmt":"2024-09-03T20:42:50","guid":{"rendered":"https:\/\/www.suviseurat.fi\/proteccion-de-datos\/"},"modified":"2026-02-14T13:47:24","modified_gmt":"2026-02-14T11:47:24","slug":"proteccion-de-datos","status":"publish","type":"page","link":"https:\/\/www.suviseurat.fi\/es\/proteccion-de-datos\/","title":{"rendered":"Protecci\u00f3n de datos"},"content":{"rendered":"<h2>Protecci\u00f3n de datos<\/h2>\n<p>El nuevo reglamento de protecci\u00f3n de datos de la UE entr\u00f3 en vigor el 25 de mayo de 2018. Hemos tenido en cuenta el nuevo reglamento en el tratamiento de datos personales y en las pr\u00e1cticas de protecci\u00f3n de datos relacionadas con los sistemas y servicios que ofrecemos. <\/p>\n<p>Las declaraciones de protecci\u00f3n de datos actualizadas se encuentran en los respectivos sistemas.<\/p>\n<p>Consulta la <a href=\"\/wp-content\/uploads\/2020\/10\/tietosuojaseloste-suvivuorot-artikla-13.pdf\">Pol\u00edtica de Privacidad de datos de la contrataci\u00f3n de personal <\/a>para los Servicios de Verano y <a href=\"https:\/\/www.suviseurat.fi\/wp-content\/uploads\/2024\/06\/Tallentavan-kameravalvonnan-rekisteriseloste.pdf\">la declaraci\u00f3n sobre la videovigilancia.<\/a><\/p>\n<h2>Cookies<\/h2>\n<p>Una cookie es un peque\u00f1o archivo de texto que el navegador guarda en el dispositivo del usuario. La cookie no causa ning\u00fan da\u00f1o al dispositivo. Las cookies se utilizan en los sitios web, entre otras cosas, para transmitir informaci\u00f3n de manera t\u00e9cnica y facilitar el uso del servicio.  <\/p>\n<p>Suviseurat.fi utiliza cookies, entre otras cosas, para recopilar estad\u00edsticas sobre el n\u00famero de visitantes (Google Analytics). Con estas estad\u00edsticas no es posible identificar a un usuario individual, ya que los datos se almacenan de forma an\u00f3nima. <\/p>\n<p>El usuario puede aceptar o no el uso de cookies desde la configuraci\u00f3n de su navegador de internet. Cambiar esta configuraci\u00f3n depende del navegador que se est\u00e9 utilizando. Cabe tener en cuenta que desactivar las cookies puede hacer que algunas funciones o servicios del sitio dejen de funcionar.  <\/p>\n<p>Puedes leer m\u00e1s sobre las cookies, por ejemplo, <a href=\"https:\/\/www.viestintavirasto.fi\/kyberturvallisuus\/tietoturvaohjeet\/palveluidenturvallinenkaytto\/evasteet.html\" target=\"_blank\" rel=\"noopener noreferrer\">en el sitio web de la Autoridad de Comunicaciones.<\/a><br \/>Puedes obtener m\u00e1s informaci\u00f3n sobre las cookies, por ejemplo, en el sitio web de la Agencia de Comunicaci\u00f3n.<\/p>\n","protected":false},"excerpt":{"rendered":"<p>Protecci\u00f3n de datos El nuevo reglamento de protecci\u00f3n de datos de la UE entr\u00f3 en<a class=\"moretag\" href=\"https:\/\/www.suviseurat.fi\/es\/proteccion-de-datos\/\">Continuar leyendo &gt;<\/a><\/p>\n","protected":false},"author":19,"featured_media":0,"parent":0,"menu_order":0,"comment_status":"closed","ping_status":"closed","template":"","meta":{"_acf_changed":false,"footnotes":""},"class_list":["post-24989","page","type-page","status-publish","hentry"],"acf":[],"yoast_head":"<!-- This site is optimized with the Yoast SEO plugin v27.5 - https:\/\/yoast.com\/product\/yoast-seo-wordpress\/ -->\n<title>Protecci\u00f3n de datos - SRK:n Suviseurat Kauhavalla 2026<\/title>\n<meta name=\"description\" content=\"Protecci\u00f3n de datos El nuevo reglamento de protecci\u00f3n de datos de la UE entr\u00f3 en vigor el 25 de mayo de 2018. Hemos tenido en cuenta el nuevo reglamento\" \/>\n<meta name=\"robots\" content=\"index, follow, max-snippet:-1, max-image-preview:large, max-video-preview:-1\" \/>\n<link rel=\"canonical\" href=\"https:\/\/www.suviseurat.fi\/es\/proteccion-de-datos\/\" \/>\n<meta property=\"og:locale\" content=\"es_ES\" \/>\n<meta property=\"og:type\" content=\"article\" \/>\n<meta property=\"og:title\" content=\"Protecci\u00f3n de datos - SRK:n Suviseurat Kauhavalla 2026\" \/>\n<meta property=\"og:description\" content=\"Protecci\u00f3n de datos El nuevo reglamento de protecci\u00f3n de datos de la UE entr\u00f3 en vigor el 25 de mayo de 2018. Hemos tenido en cuenta el nuevo reglamento\" \/>\n<meta property=\"og:url\" content=\"https:\/\/www.suviseurat.fi\/es\/proteccion-de-datos\/\" \/>\n<meta property=\"og:site_name\" content=\"SRK:n Suviseurat Kauhavalla 2026\" \/>\n<meta property=\"article:publisher\" content=\"https:\/\/www.facebook.com\/SRKryNyt\/\" \/>\n<meta property=\"article:modified_time\" content=\"2026-02-14T11:47:24+00:00\" \/>\n<meta name=\"twitter:card\" content=\"summary_large_image\" \/>\n<meta name=\"twitter:site\" content=\"@Suviseurat\" \/>\n<meta name=\"twitter:label1\" content=\"Tiempo de lectura\" \/>\n\t<meta name=\"twitter:data1\" content=\"1 minute\" \/>\n<script type=\"application\/ld+json\" class=\"yoast-schema-graph\">{\"@context\":\"https:\\\/\\\/schema.org\",\"@graph\":[{\"@type\":\"WebPage\",\"@id\":\"https:\\\/\\\/www.suviseurat.fi\\\/es\\\/proteccion-de-datos\\\/\",\"url\":\"https:\\\/\\\/www.suviseurat.fi\\\/es\\\/proteccion-de-datos\\\/\",\"name\":\"Protecci\u00f3n de datos - SRK:n Suviseurat Kauhavalla 2026\",\"isPartOf\":{\"@id\":\"https:\\\/\\\/www.suviseurat.fi\\\/#website\"},\"datePublished\":\"2024-09-03T20:42:50+00:00\",\"dateModified\":\"2026-02-14T11:47:24+00:00\",\"description\":\"Protecci\u00f3n de datos El nuevo reglamento de protecci\u00f3n de datos de la UE entr\u00f3 en vigor el 25 de mayo de 2018. Hemos tenido en cuenta el nuevo reglamento\",\"breadcrumb\":{\"@id\":\"https:\\\/\\\/www.suviseurat.fi\\\/es\\\/proteccion-de-datos\\\/#breadcrumb\"},\"inLanguage\":\"es-ES\",\"potentialAction\":[{\"@type\":\"ReadAction\",\"target\":[\"https:\\\/\\\/www.suviseurat.fi\\\/es\\\/proteccion-de-datos\\\/\"]}]},{\"@type\":\"BreadcrumbList\",\"@id\":\"https:\\\/\\\/www.suviseurat.fi\\\/es\\\/proteccion-de-datos\\\/#breadcrumb\",\"itemListElement\":[{\"@type\":\"ListItem\",\"position\":1,\"name\":\"Etusivu\",\"item\":\"https:\\\/\\\/www.suviseurat.fi\\\/es\\\/\"},{\"@type\":\"ListItem\",\"position\":2,\"name\":\"Protecci\u00f3n de datos\"}]},{\"@type\":\"WebSite\",\"@id\":\"https:\\\/\\\/www.suviseurat.fi\\\/#website\",\"url\":\"https:\\\/\\\/www.suviseurat.fi\\\/\",\"name\":\"SRK:n Suviseurat Kauhavalla 2026\",\"description\":\"Herra, t\u00e4ss\u00e4 on meid\u00e4n hyv\u00e4 olla\",\"publisher\":{\"@id\":\"https:\\\/\\\/www.suviseurat.fi\\\/#organization\"},\"potentialAction\":[{\"@type\":\"SearchAction\",\"target\":{\"@type\":\"EntryPoint\",\"urlTemplate\":\"https:\\\/\\\/www.suviseurat.fi\\\/?s={search_term_string}\"},\"query-input\":{\"@type\":\"PropertyValueSpecification\",\"valueRequired\":true,\"valueName\":\"search_term_string\"}}],\"inLanguage\":\"es-ES\"},{\"@type\":\"Organization\",\"@id\":\"https:\\\/\\\/www.suviseurat.fi\\\/#organization\",\"name\":\"Suviseurat\",\"url\":\"https:\\\/\\\/www.suviseurat.fi\\\/\",\"logo\":{\"@type\":\"ImageObject\",\"inLanguage\":\"es-ES\",\"@id\":\"https:\\\/\\\/www.suviseurat.fi\\\/#\\\/schema\\\/logo\\\/image\\\/\",\"url\":\"https:\\\/\\\/www.suviseurat.fi\\\/wp-content\\\/uploads\\\/2023\\\/10\\\/tunnus-nelio.jpg\",\"contentUrl\":\"https:\\\/\\\/www.suviseurat.fi\\\/wp-content\\\/uploads\\\/2023\\\/10\\\/tunnus-nelio.jpg\",\"width\":1000,\"height\":1000,\"caption\":\"Suviseurat\"},\"image\":{\"@id\":\"https:\\\/\\\/www.suviseurat.fi\\\/#\\\/schema\\\/logo\\\/image\\\/\"},\"sameAs\":[\"https:\\\/\\\/www.facebook.com\\\/SRKryNyt\\\/\",\"https:\\\/\\\/x.com\\\/Suviseurat\",\"https:\\\/\\\/www.facebook.com\\\/srksuviseurat\\\/\",\"https:\\\/\\\/www.youtube.com\\\/@SRKnyt\",\"https:\\\/\\\/www.instagram.com\\\/srk_nyt\\\/\",\"https:\\\/\\\/www.flickr.com\\\/photos\\\/suviseurat\"]}]}<\/script>\n<!-- \/ Yoast SEO plugin. -->","yoast_head_json":{"title":"Protecci\u00f3n de datos - SRK:n Suviseurat Kauhavalla 2026","description":"Protecci\u00f3n de datos El nuevo reglamento de protecci\u00f3n de datos de la UE entr\u00f3 en vigor el 25 de mayo de 2018. Hemos tenido en cuenta el nuevo reglamento","robots":{"index":"index","follow":"follow","max-snippet":"max-snippet:-1","max-image-preview":"max-image-preview:large","max-video-preview":"max-video-preview:-1"},"canonical":"https:\/\/www.suviseurat.fi\/es\/proteccion-de-datos\/","og_locale":"es_ES","og_type":"article","og_title":"Protecci\u00f3n de datos - SRK:n Suviseurat Kauhavalla 2026","og_description":"Protecci\u00f3n de datos El nuevo reglamento de protecci\u00f3n de datos de la UE entr\u00f3 en vigor el 25 de mayo de 2018. Hemos tenido en cuenta el nuevo reglamento","og_url":"https:\/\/www.suviseurat.fi\/es\/proteccion-de-datos\/","og_site_name":"SRK:n Suviseurat Kauhavalla 2026","article_publisher":"https:\/\/www.facebook.com\/SRKryNyt\/","article_modified_time":"2026-02-14T11:47:24+00:00","twitter_card":"summary_large_image","twitter_site":"@Suviseurat","twitter_misc":{"Tiempo de lectura":"1 minute"},"schema":{"@context":"https:\/\/schema.org","@graph":[{"@type":"WebPage","@id":"https:\/\/www.suviseurat.fi\/es\/proteccion-de-datos\/","url":"https:\/\/www.suviseurat.fi\/es\/proteccion-de-datos\/","name":"Protecci\u00f3n de datos - SRK:n Suviseurat Kauhavalla 2026","isPartOf":{"@id":"https:\/\/www.suviseurat.fi\/#website"},"datePublished":"2024-09-03T20:42:50+00:00","dateModified":"2026-02-14T11:47:24+00:00","description":"Protecci\u00f3n de datos El nuevo reglamento de protecci\u00f3n de datos de la UE entr\u00f3 en vigor el 25 de mayo de 2018. Hemos tenido en cuenta el nuevo reglamento","breadcrumb":{"@id":"https:\/\/www.suviseurat.fi\/es\/proteccion-de-datos\/#breadcrumb"},"inLanguage":"es-ES","potentialAction":[{"@type":"ReadAction","target":["https:\/\/www.suviseurat.fi\/es\/proteccion-de-datos\/"]}]},{"@type":"BreadcrumbList","@id":"https:\/\/www.suviseurat.fi\/es\/proteccion-de-datos\/#breadcrumb","itemListElement":[{"@type":"ListItem","position":1,"name":"Etusivu","item":"https:\/\/www.suviseurat.fi\/es\/"},{"@type":"ListItem","position":2,"name":"Protecci\u00f3n de datos"}]},{"@type":"WebSite","@id":"https:\/\/www.suviseurat.fi\/#website","url":"https:\/\/www.suviseurat.fi\/","name":"SRK:n Suviseurat Kauhavalla 2026","description":"Herra, t\u00e4ss\u00e4 on meid\u00e4n hyv\u00e4 olla","publisher":{"@id":"https:\/\/www.suviseurat.fi\/#organization"},"potentialAction":[{"@type":"SearchAction","target":{"@type":"EntryPoint","urlTemplate":"https:\/\/www.suviseurat.fi\/?s={search_term_string}"},"query-input":{"@type":"PropertyValueSpecification","valueRequired":true,"valueName":"search_term_string"}}],"inLanguage":"es-ES"},{"@type":"Organization","@id":"https:\/\/www.suviseurat.fi\/#organization","name":"Suviseurat","url":"https:\/\/www.suviseurat.fi\/","logo":{"@type":"ImageObject","inLanguage":"es-ES","@id":"https:\/\/www.suviseurat.fi\/#\/schema\/logo\/image\/","url":"https:\/\/www.suviseurat.fi\/wp-content\/uploads\/2023\/10\/tunnus-nelio.jpg","contentUrl":"https:\/\/www.suviseurat.fi\/wp-content\/uploads\/2023\/10\/tunnus-nelio.jpg","width":1000,"height":1000,"caption":"Suviseurat"},"image":{"@id":"https:\/\/www.suviseurat.fi\/#\/schema\/logo\/image\/"},"sameAs":["https:\/\/www.facebook.com\/SRKryNyt\/","https:\/\/x.com\/Suviseurat","https:\/\/www.facebook.com\/srksuviseurat\/","https:\/\/www.youtube.com\/@SRKnyt","https:\/\/www.instagram.com\/srk_nyt\/","https:\/\/www.flickr.com\/photos\/suviseurat"]}]}},"_links":{"self":[{"href":"https:\/\/www.suviseurat.fi\/es\/wp-json\/wp\/v2\/pages\/24989","targetHints":{"allow":["GET"]}}],"collection":[{"href":"https:\/\/www.suviseurat.fi\/es\/wp-json\/wp\/v2\/pages"}],"about":[{"href":"https:\/\/www.suviseurat.fi\/es\/wp-json\/wp\/v2\/types\/page"}],"author":[{"embeddable":true,"href":"https:\/\/www.suviseurat.fi\/es\/wp-json\/wp\/v2\/users\/19"}],"replies":[{"embeddable":true,"href":"https:\/\/www.suviseurat.fi\/es\/wp-json\/wp\/v2\/comments?post=24989"}],"version-history":[{"count":1,"href":"https:\/\/www.suviseurat.fi\/es\/wp-json\/wp\/v2\/pages\/24989\/revisions"}],"predecessor-version":[{"id":25054,"href":"https:\/\/www.suviseurat.fi\/es\/wp-json\/wp\/v2\/pages\/24989\/revisions\/25054"}],"wp:attachment":[{"href":"https:\/\/www.suviseurat.fi\/es\/wp-json\/wp\/v2\/media?parent=24989"}],"curies":[{"name":"wp","href":"https:\/\/api.w.org\/{rel}","templated":true}]}}