{"id":19505,"date":"2024-09-03T23:40:01","date_gmt":"2024-09-03T20:40:01","guid":{"rendered":"https:\/\/www.suviseurat.fi\/kuvat\/"},"modified":"2026-03-10T18:22:09","modified_gmt":"2026-03-10T16:22:09","slug":"kuvat","status":"publish","type":"page","link":"https:\/\/www.suviseurat.fi\/et\/suvine-kokkutulek\/kuvat\/","title":{"rendered":"Pildid"},"content":{"rendered":"\n<h2><strong>Suvise kokkutuleku fototeeninduse fotopank<\/strong><\/h2>\n<p><span style=\"font-weight: 400\">Fotopank sisaldab fotosid 2026. aasta Suvise kokkutuleku ettevalmistustest ja varasematest kokkutulekutest.<\/span><\/p>\n<p><span style=\"font-weight: 400\">\u200e <\/span><a href=\"https:\/\/www.flickr.com\/photos\/suviseurat\" target=\"_blank\" rel=\"noopener\"><span style=\"font-weight: 400\">N\u00e4ita k\u00f5iki fotosid<\/span><\/a><span style=\"font-weight: 400\">.<\/span><\/p>\n<p><span style=\"font-weight: 400\">Suvise kokkutuleku fototeenuse fotod on lubatud avaltada. Fotograafi andmed: Kuvapalvelu\/Suviseurat. <\/span><\/p>\n<link rel='stylesheet' id='ff-dynamic-css2' type='text\/css' href='https:\/\/www.suviseurat.fi\/wp-content\/resources\/flow-flow\/css\/stream-id2.css?ver=1664212451'\/><!-- Flow-Flow \u2014 Social stream plugin for WordPress -->\n<div class=\"ff-stream\" data-plugin=\"flow_flow\" id=\"ff-stream-2\"><span class=\"ff-loader\"><span\n            class=\"ff-square\"><\/span><span class=\"ff-square\"><\/span><span class=\"ff-square ff-last\"><\/span><span\n            class=\"ff-square ff-clear\"><\/span><span class=\"ff-square\"><\/span><span\n            class=\"ff-square ff-last\"><\/span><span class=\"ff-square ff-clear\"><\/span><span\n            class=\"ff-square\"><\/span><span class=\"ff-square ff-last\"><\/span><\/span><\/div>\n<svg aria-hidden=\"true\" style=\"position: absolute; width: 0; height: 0; overflow: hidden;\" version=\"1.1\">\n    <defs>\n        <symbol id=\"ff-icon-heart\" viewBox=\"0 0 48 48\">\n            <path\n                d=\"M34.6 3.1c-4.5 0-7.9 1.8-10.6 5.6-2.7-3.7-6.1-5.5-10.6-5.5C6 3.1 0 9.6 0 17.6c0 7.3 5.4 12 10.6 16.5.6.5 1.3 1.1 1.9 1.7l2.3 2c4.4 3.9 6.6 5.9 7.6 6.5.5.3 1.1.5 1.6.5s1.1-.2 1.6-.5c1-.6 2.8-2.2 7.8-6.8l2-1.8c.7-.6 1.3-1.2 2-1.7C42.7 29.6 48 25 48 17.6c0-8-6-14.5-13.4-14.5z\">\n            <\/path>\n        <\/symbol>\n    <\/defs>\n<\/svg>\n\n\n<script>\n    window.flow_flow_streams = window.flow_flow_streams || [];\n    window.flow_flow_streams.push({\"id\":\"2\",\"hash\":\"1776538034.ab03a3d18a717ff6456e9c2df76eff21f0f40df80eab1c1cc63624dec60b443559a62f12ebc376b41a809435a0b4b7e5\",\"stream\":{\"name\":\"Kuvapalvelu\",\"cloud\":\"nope\",\"mod\":\"nope\",\"order\":\"compareByTime\",\"posts\":\"30\",\"page-posts\":\"9\",\"cache\":\"yep\",\"cache_lifetime\":\"10\",\"gallery\":\"yep\",\"gallery-type\":\"classic\",\"private\":\"nope\",\"hide-on-desktop\":\"nope\",\"hide-on-mobile\":\"nope\",\"max-res\":\"nope\",\"show-only-media-posts\":\"nope\",\"titles\":\"nope\",\"hidemeta\":\"nope\",\"hidetext\":\"nope\",\"headingcolor\":\"rgb(59, 61, 64)\",\"subheadingcolor\":\"rgb(114, 112, 114)\",\"hhalign\":\"center\",\"bgcolor\":\"rgba(255, 255, 255, 0)\",\"filter\":\"nope\",\"filtercolor\":\"rgb(205, 205, 205)\",\"mobileslider\":\"nope\",\"viewportin\":\"nope\",\"width\":\"260\",\"margin\":\"20\",\"layout\":\"masonry\",\"theme\":\"classic\",\"gc-style\":\"style-1\",\"upic-pos\":\"timestamp\",\"upic-style\":\"round\",\"bradius\":\"15\",\"icon-style\":\"label1\",\"icon-col\":\"colored\",\"cardcolor\":\"rgb(255, 255, 255)\",\"namecolor\":\"rgb(59, 61, 64)\",\"textcolor\":\"rgb(86, 86, 86)\",\"linkscolor\":\"rgb(86, 86, 86)\",\"restcolor\":\"rgb(132, 118, 129)\",\"shadow\":\"rgba(0, 0, 0, 0.1)\",\"bcolor\":\"rgba(0, 0, 0, 0.75)\",\"talign\":\"left\",\"icons-style\":\"outline\",\"cards-num\":\"3\",\"scrolltop\":\"yep\",\"c-desktop\":\"5\",\"c-laptop\":\"4\",\"c-tablet-l\":\"3\",\"c-tablet-p\":\"2\",\"c-smart-l\":\"2\",\"c-smart-p\":\"1\",\"s-desktop\":\"15\",\"s-laptop\":\"15\",\"s-tablet-l\":\"10\",\"s-tablet-p\":\"10\",\"s-smart-l\":\"5\",\"s-smart-p\":\"5\",\"m-c-desktop\":\"5\",\"m-c-laptop\":\"4\",\"m-c-tablet-l\":\"3\",\"m-c-tablet-p\":\"2\",\"m-c-smart-l\":\"2\",\"m-c-smart-p\":\"1\",\"m-s-desktop\":\"15\",\"m-s-laptop\":\"15\",\"m-s-tablet-l\":\"10\",\"m-s-tablet-p\":\"10\",\"m-s-smart-l\":\"5\",\"m-s-smart-p\":\"5\",\"j-h-desktop\":\"260\",\"j-h-laptop\":\"240\",\"j-h-tablet-l\":\"220\",\"j-h-tablet-p\":\"200\",\"j-h-smart-l\":\"180\",\"j-h-smart-p\":\"160\",\"j-s-desktop\":\"0\",\"j-s-laptop\":\"0\",\"j-s-tablet-l\":\"0\",\"j-s-tablet-p\":\"0\",\"j-s-smart-l\":\"0\",\"j-s-smart-p\":\"0\",\"c-r-desktop\":\"2\",\"c-r-laptop\":\"2\",\"c-r-tablet-l\":\"2\",\"c-r-tablet-p\":\"2\",\"c-r-smart-l\":\"2\",\"c-r-smart-p\":\"2\",\"c-c-desktop\":\"5\",\"c-c-laptop\":\"4\",\"c-c-tablet-l\":\"3\",\"c-c-tablet-p\":\"3\",\"c-c-smart-l\":\"2\",\"c-c-smart-p\":\"2\",\"c-s-desktop\":\"0\",\"c-s-laptop\":\"0\",\"c-s-tablet-l\":\"0\",\"c-s-tablet-p\":\"0\",\"c-s-smart-l\":\"0\",\"c-s-smart-p\":\"0\",\"c-arrows-always\":\"yep\",\"c-arrows-mob\":\"nope\",\"c-dots\":\"yep\",\"c-dots-mob\":\"nope\",\"wallvm\":\"20\",\"wallhm\":\"0\",\"wallcomments\":\"yep\",\"g-ratio-w\":\"1\",\"g-ratio-h\":\"2\",\"g-ratio-img\":\"1\\\/2\",\"g-overlay\":\"nope\",\"m-overlay\":\"nope\",\"css\":\"#ff-stream-2 {padding-top:0;}\",\"template\":[\"header\",\"text\",\"image\",\"meta\"],\"tv\":\"nope\",\"tv-int\":\"5\",\"big\":\"nope\",\"id\":\"2\",\"status\":\"1\",\"moderation\":\"nope\",\"last_changes\":1664212451,\"feeds\":[{\"id\":\"yw88585\",\"errors\":[],\"status\":\"1\",\"enabled\":\"yep\",\"last_update\":\"May 11 16:17\",\"cache_lifetime\":\"60\",\"system_enabled\":\"1\",\"boosted\":\"nope\",\"timeline-type\":\"user_timeline\",\"content\":\"suviseurat\",\"mod\":\"nope\",\"type\":\"flickr\",\"include\":\"\",\"filter-by-words\":\"\"}],\"preview\":false},\"ads\":false,\"js_opts\":{\"streams\":{},\"open_in_new\":\"yep\",\"filter_all\":\"All\",\"filter_search\":\"Search\",\"expand_text\":\"Expand\",\"collapse_text\":\"Collapse\",\"posted_on\":\"Posted on\",\"followers\":\"Followers\",\"following\":\"Following\",\"posts\":\"Posts\",\"show_more\":\"Show more\",\"date_style\":\"agoStyleDate\",\"dates\":{\"Yesterday\":\"Yesterday\",\"s\":\"s\",\"m\":\"m\",\"h\":\"h\",\"ago\":\"ago\",\"months\":[\"Jan\",\"Feb\",\"March\",\"April\",\"May\",\"June\",\"July\",\"Aug\",\"Sept\",\"Oct\",\"Nov\",\"Dec\"]},\"lightbox_navigate\":\"Navigate with arrow keys\",\"view_on\":\"View on\",\"view_on_site\":\"View on site\",\"view_all\":\"View all\",\"comments\":\"comments\",\"scroll\":\"Scroll for more\",\"no_comments\":\"No comments yet.\",\"check_comments\":\"Check all comments\",\"be_first\":\"Be the first!\",\"loading\":\"Loading\",\"server_time\":1778517150,\"forceHTTPS\":\"nope\",\"isAdmin\":false,\"ajaxurl\":\"https:\\\/\\\/www.suviseurat.fi\\\/wp-admin\\\/admin-ajax1.json\",\"isLog\":false,\"plugin_base\":\"https:\\\/\\\/www.suviseurat.fi\\\/wp-content\\\/plugins\\\/flow-flow\",\"plugin_ver\":\"4.9.86\",\"domain\":\"www.suviseurat.fi\",\"refresh_nonce\":\"3000e5447f\",\"token\":\"\"},\"domain\":\"www.suviseurat.fi\",\"plugin_directory\":\"https:\\\/\\\/www.suviseurat.fi\\\/wp-content\\\/plugins\\\/flow-flow\",\"plugin_base\":\"https:\\\/\\\/www.suviseurat.fi\\\/wp-content\\\/plugins\\\/flow-flow\",\"version\":\"4.9.86\",\"ajaxurl\":\"https:\\\/\\\/www.suviseurat.fi\\\/wp-admin\\\/admin-ajax1.json\",\"disableCache\":false,\"page\":\"0\",\"is_preview\":false,\"boosted\":false,\"moderation\":false,\"admin\":false,\"dependencies\":[]});\n<\/script>\n\n<script src=\"https:\/\/www.suviseurat.fi\/wp-content\/plugins\/flow-flow\/js\/stream-loader.js?ver=4.9.86\"><\/script>\n<!-- Flow-Flow \u2014 Social streams plugin for Wordpress -->\n\n\n<div class=\"icon-links-wrap multilingualfloat\">\n        <div class=\"icon-links-content\" style=\"max-width: 320px;margin-top:-30px\">\n        \t<div class=\"row\">\n                <div class=\"col icon-link suviseuratuotteet\"><a href=\"https:\/\/www.flickr.com\/photos\/suviseurat\/albums\/72177720323838336\/\" target=\"_blank\" rel=\"noopener\"><span class=\"icon-wrap\"><img decoding=\"async\" src=\"\/wp-content\/themes\/suviseurateema-2024\/images\/icons\/photos.svg\" \/><\/span><span class=\"icon-text\">N\u00e4ita k\u00f5iki fotosid<\/span><\/a><\/div>\n            <\/div>\n        <\/div>\n<\/div>\n","protected":false},"excerpt":{"rendered":"<p>Suvise kokkutuleku fototeeninduse fotopank Fotopank sisaldab fotosid 2026. aasta Suvise kokkutuleku ettevalmistustest ja varasematest kokkutulekutest.<a class=\"moretag\" href=\"https:\/\/www.suviseurat.fi\/et\/suvine-kokkutulek\/kuvat\/\"> J\u00e4tka lugemist &gt;<\/a><\/p>\n","protected":false},"author":19,"featured_media":18982,"parent":20089,"menu_order":2,"comment_status":"closed","ping_status":"closed","template":"","meta":{"_acf_changed":false,"footnotes":""},"class_list":["post-19505","page","type-page","status-publish","has-post-thumbnail","hentry"],"acf":[],"yoast_head":"<!-- This site is optimized with the Yoast SEO plugin v27.5 - https:\/\/yoast.com\/product\/yoast-seo-wordpress\/ -->\n<title>Pildid - SRK:n Suviseurat Kauhavalla 2026<\/title>\n<meta name=\"description\" content=\"Fotod Suvise kokkutuleku ettevalmistustest ja Suvisest kokkutulekust.\" \/>\n<meta name=\"robots\" content=\"index, follow, max-snippet:-1, max-image-preview:large, max-video-preview:-1\" \/>\n<link rel=\"canonical\" href=\"https:\/\/www.suviseurat.fi\/et\/suvine-kokkutulek\/kuvat\/\" \/>\n<meta property=\"og:locale\" content=\"et_EE\" \/>\n<meta property=\"og:type\" content=\"article\" \/>\n<meta property=\"og:title\" content=\"Pildid - SRK:n Suviseurat Kauhavalla 2026\" \/>\n<meta property=\"og:description\" content=\"Fotod Suvise kokkutuleku ettevalmistustest ja Suvisest kokkutulekust.\" \/>\n<meta property=\"og:url\" content=\"https:\/\/www.suviseurat.fi\/et\/suvine-kokkutulek\/kuvat\/\" \/>\n<meta property=\"og:site_name\" content=\"SRK:n Suviseurat Kauhavalla 2026\" \/>\n<meta property=\"article:publisher\" content=\"https:\/\/www.facebook.com\/SRKryNyt\/\" \/>\n<meta property=\"article:modified_time\" content=\"2026-03-10T16:22:09+00:00\" \/>\n<meta property=\"og:image\" content=\"https:\/\/www.suviseurat.fi\/wp-content\/uploads\/2023\/10\/cropped-pj2024-merkki-e1698044587903-1.jpg\" \/>\n\t<meta property=\"og:image:width\" content=\"512\" \/>\n\t<meta property=\"og:image:height\" content=\"512\" \/>\n\t<meta property=\"og:image:type\" content=\"image\/jpeg\" \/>\n<meta name=\"twitter:card\" content=\"summary_large_image\" \/>\n<meta name=\"twitter:site\" content=\"@Suviseurat\" \/>\n<meta name=\"twitter:label1\" content=\"Est. reading time\" \/>\n\t<meta name=\"twitter:data1\" content=\"1 minute\" \/>\n<script type=\"application\/ld+json\" class=\"yoast-schema-graph\">{\"@context\":\"https:\\\/\\\/schema.org\",\"@graph\":[{\"@type\":\"WebPage\",\"@id\":\"https:\\\/\\\/www.suviseurat.fi\\\/et\\\/suvine-kokkutulek\\\/kuvat\\\/\",\"url\":\"https:\\\/\\\/www.suviseurat.fi\\\/et\\\/suvine-kokkutulek\\\/kuvat\\\/\",\"name\":\"Pildid - SRK:n Suviseurat Kauhavalla 2026\",\"isPartOf\":{\"@id\":\"https:\\\/\\\/www.suviseurat.fi\\\/#website\"},\"primaryImageOfPage\":{\"@id\":\"https:\\\/\\\/www.suviseurat.fi\\\/et\\\/suvine-kokkutulek\\\/kuvat\\\/#primaryimage\"},\"image\":{\"@id\":\"https:\\\/\\\/www.suviseurat.fi\\\/et\\\/suvine-kokkutulek\\\/kuvat\\\/#primaryimage\"},\"thumbnailUrl\":\"https:\\\/\\\/www.suviseurat.fi\\\/wp-content\\\/uploads\\\/2023\\\/10\\\/cropped-pj2024-merkki-e1698044587903-1.jpg\",\"datePublished\":\"2024-09-03T20:40:01+00:00\",\"dateModified\":\"2026-03-10T16:22:09+00:00\",\"description\":\"Fotod Suvise kokkutuleku ettevalmistustest ja Suvisest kokkutulekust.\",\"breadcrumb\":{\"@id\":\"https:\\\/\\\/www.suviseurat.fi\\\/et\\\/suvine-kokkutulek\\\/kuvat\\\/#breadcrumb\"},\"inLanguage\":\"et\",\"potentialAction\":[{\"@type\":\"ReadAction\",\"target\":[\"https:\\\/\\\/www.suviseurat.fi\\\/et\\\/suvine-kokkutulek\\\/kuvat\\\/\"]}]},{\"@type\":\"ImageObject\",\"inLanguage\":\"et\",\"@id\":\"https:\\\/\\\/www.suviseurat.fi\\\/et\\\/suvine-kokkutulek\\\/kuvat\\\/#primaryimage\",\"url\":\"https:\\\/\\\/www.suviseurat.fi\\\/wp-content\\\/uploads\\\/2023\\\/10\\\/cropped-pj2024-merkki-e1698044587903-1.jpg\",\"contentUrl\":\"https:\\\/\\\/www.suviseurat.fi\\\/wp-content\\\/uploads\\\/2023\\\/10\\\/cropped-pj2024-merkki-e1698044587903-1.jpg\",\"width\":512,\"height\":512},{\"@type\":\"BreadcrumbList\",\"@id\":\"https:\\\/\\\/www.suviseurat.fi\\\/et\\\/suvine-kokkutulek\\\/kuvat\\\/#breadcrumb\",\"itemListElement\":[{\"@type\":\"ListItem\",\"position\":1,\"name\":\"Etusivu\",\"item\":\"https:\\\/\\\/www.suviseurat.fi\\\/et\\\/20091-2\\\/\"},{\"@type\":\"ListItem\",\"position\":2,\"name\":\"Suvine kokkutulek\",\"item\":\"https:\\\/\\\/www.suviseurat.fi\\\/et\\\/suvine-kokkutulek\\\/\"},{\"@type\":\"ListItem\",\"position\":3,\"name\":\"Pildid\"}]},{\"@type\":\"WebSite\",\"@id\":\"https:\\\/\\\/www.suviseurat.fi\\\/#website\",\"url\":\"https:\\\/\\\/www.suviseurat.fi\\\/\",\"name\":\"SRK:n Suviseurat Kauhavalla 2026\",\"description\":\"Herra, t\u00e4ss\u00e4 on meid\u00e4n hyv\u00e4 olla\",\"publisher\":{\"@id\":\"https:\\\/\\\/www.suviseurat.fi\\\/#organization\"},\"potentialAction\":[{\"@type\":\"SearchAction\",\"target\":{\"@type\":\"EntryPoint\",\"urlTemplate\":\"https:\\\/\\\/www.suviseurat.fi\\\/?s={search_term_string}\"},\"query-input\":{\"@type\":\"PropertyValueSpecification\",\"valueRequired\":true,\"valueName\":\"search_term_string\"}}],\"inLanguage\":\"et\"},{\"@type\":\"Organization\",\"@id\":\"https:\\\/\\\/www.suviseurat.fi\\\/#organization\",\"name\":\"Suviseurat\",\"url\":\"https:\\\/\\\/www.suviseurat.fi\\\/\",\"logo\":{\"@type\":\"ImageObject\",\"inLanguage\":\"et\",\"@id\":\"https:\\\/\\\/www.suviseurat.fi\\\/#\\\/schema\\\/logo\\\/image\\\/\",\"url\":\"https:\\\/\\\/www.suviseurat.fi\\\/wp-content\\\/uploads\\\/2023\\\/10\\\/tunnus-nelio.jpg\",\"contentUrl\":\"https:\\\/\\\/www.suviseurat.fi\\\/wp-content\\\/uploads\\\/2023\\\/10\\\/tunnus-nelio.jpg\",\"width\":1000,\"height\":1000,\"caption\":\"Suviseurat\"},\"image\":{\"@id\":\"https:\\\/\\\/www.suviseurat.fi\\\/#\\\/schema\\\/logo\\\/image\\\/\"},\"sameAs\":[\"https:\\\/\\\/www.facebook.com\\\/SRKryNyt\\\/\",\"https:\\\/\\\/x.com\\\/Suviseurat\",\"https:\\\/\\\/www.facebook.com\\\/srksuviseurat\\\/\",\"https:\\\/\\\/www.youtube.com\\\/@SRKnyt\",\"https:\\\/\\\/www.instagram.com\\\/srk_nyt\\\/\",\"https:\\\/\\\/www.flickr.com\\\/photos\\\/suviseurat\"]}]}<\/script>\n<!-- \/ Yoast SEO plugin. -->","yoast_head_json":{"title":"Pildid - SRK:n Suviseurat Kauhavalla 2026","description":"Fotod Suvise kokkutuleku ettevalmistustest ja Suvisest kokkutulekust.","robots":{"index":"index","follow":"follow","max-snippet":"max-snippet:-1","max-image-preview":"max-image-preview:large","max-video-preview":"max-video-preview:-1"},"canonical":"https:\/\/www.suviseurat.fi\/et\/suvine-kokkutulek\/kuvat\/","og_locale":"et_EE","og_type":"article","og_title":"Pildid - SRK:n Suviseurat Kauhavalla 2026","og_description":"Fotod Suvise kokkutuleku ettevalmistustest ja Suvisest kokkutulekust.","og_url":"https:\/\/www.suviseurat.fi\/et\/suvine-kokkutulek\/kuvat\/","og_site_name":"SRK:n Suviseurat Kauhavalla 2026","article_publisher":"https:\/\/www.facebook.com\/SRKryNyt\/","article_modified_time":"2026-03-10T16:22:09+00:00","og_image":[{"width":512,"height":512,"url":"https:\/\/www.suviseurat.fi\/wp-content\/uploads\/2023\/10\/cropped-pj2024-merkki-e1698044587903-1.jpg","type":"image\/jpeg"}],"twitter_card":"summary_large_image","twitter_site":"@Suviseurat","twitter_misc":{"Est. reading time":"1 minute"},"schema":{"@context":"https:\/\/schema.org","@graph":[{"@type":"WebPage","@id":"https:\/\/www.suviseurat.fi\/et\/suvine-kokkutulek\/kuvat\/","url":"https:\/\/www.suviseurat.fi\/et\/suvine-kokkutulek\/kuvat\/","name":"Pildid - SRK:n Suviseurat Kauhavalla 2026","isPartOf":{"@id":"https:\/\/www.suviseurat.fi\/#website"},"primaryImageOfPage":{"@id":"https:\/\/www.suviseurat.fi\/et\/suvine-kokkutulek\/kuvat\/#primaryimage"},"image":{"@id":"https:\/\/www.suviseurat.fi\/et\/suvine-kokkutulek\/kuvat\/#primaryimage"},"thumbnailUrl":"https:\/\/www.suviseurat.fi\/wp-content\/uploads\/2023\/10\/cropped-pj2024-merkki-e1698044587903-1.jpg","datePublished":"2024-09-03T20:40:01+00:00","dateModified":"2026-03-10T16:22:09+00:00","description":"Fotod Suvise kokkutuleku ettevalmistustest ja Suvisest kokkutulekust.","breadcrumb":{"@id":"https:\/\/www.suviseurat.fi\/et\/suvine-kokkutulek\/kuvat\/#breadcrumb"},"inLanguage":"et","potentialAction":[{"@type":"ReadAction","target":["https:\/\/www.suviseurat.fi\/et\/suvine-kokkutulek\/kuvat\/"]}]},{"@type":"ImageObject","inLanguage":"et","@id":"https:\/\/www.suviseurat.fi\/et\/suvine-kokkutulek\/kuvat\/#primaryimage","url":"https:\/\/www.suviseurat.fi\/wp-content\/uploads\/2023\/10\/cropped-pj2024-merkki-e1698044587903-1.jpg","contentUrl":"https:\/\/www.suviseurat.fi\/wp-content\/uploads\/2023\/10\/cropped-pj2024-merkki-e1698044587903-1.jpg","width":512,"height":512},{"@type":"BreadcrumbList","@id":"https:\/\/www.suviseurat.fi\/et\/suvine-kokkutulek\/kuvat\/#breadcrumb","itemListElement":[{"@type":"ListItem","position":1,"name":"Etusivu","item":"https:\/\/www.suviseurat.fi\/et\/20091-2\/"},{"@type":"ListItem","position":2,"name":"Suvine kokkutulek","item":"https:\/\/www.suviseurat.fi\/et\/suvine-kokkutulek\/"},{"@type":"ListItem","position":3,"name":"Pildid"}]},{"@type":"WebSite","@id":"https:\/\/www.suviseurat.fi\/#website","url":"https:\/\/www.suviseurat.fi\/","name":"SRK:n Suviseurat Kauhavalla 2026","description":"Herra, t\u00e4ss\u00e4 on meid\u00e4n hyv\u00e4 olla","publisher":{"@id":"https:\/\/www.suviseurat.fi\/#organization"},"potentialAction":[{"@type":"SearchAction","target":{"@type":"EntryPoint","urlTemplate":"https:\/\/www.suviseurat.fi\/?s={search_term_string}"},"query-input":{"@type":"PropertyValueSpecification","valueRequired":true,"valueName":"search_term_string"}}],"inLanguage":"et"},{"@type":"Organization","@id":"https:\/\/www.suviseurat.fi\/#organization","name":"Suviseurat","url":"https:\/\/www.suviseurat.fi\/","logo":{"@type":"ImageObject","inLanguage":"et","@id":"https:\/\/www.suviseurat.fi\/#\/schema\/logo\/image\/","url":"https:\/\/www.suviseurat.fi\/wp-content\/uploads\/2023\/10\/tunnus-nelio.jpg","contentUrl":"https:\/\/www.suviseurat.fi\/wp-content\/uploads\/2023\/10\/tunnus-nelio.jpg","width":1000,"height":1000,"caption":"Suviseurat"},"image":{"@id":"https:\/\/www.suviseurat.fi\/#\/schema\/logo\/image\/"},"sameAs":["https:\/\/www.facebook.com\/SRKryNyt\/","https:\/\/x.com\/Suviseurat","https:\/\/www.facebook.com\/srksuviseurat\/","https:\/\/www.youtube.com\/@SRKnyt","https:\/\/www.instagram.com\/srk_nyt\/","https:\/\/www.flickr.com\/photos\/suviseurat"]}]}},"_links":{"self":[{"href":"https:\/\/www.suviseurat.fi\/et\/wp-json\/wp\/v2\/pages\/19505","targetHints":{"allow":["GET"]}}],"collection":[{"href":"https:\/\/www.suviseurat.fi\/et\/wp-json\/wp\/v2\/pages"}],"about":[{"href":"https:\/\/www.suviseurat.fi\/et\/wp-json\/wp\/v2\/types\/page"}],"author":[{"embeddable":true,"href":"https:\/\/www.suviseurat.fi\/et\/wp-json\/wp\/v2\/users\/19"}],"replies":[{"embeddable":true,"href":"https:\/\/www.suviseurat.fi\/et\/wp-json\/wp\/v2\/comments?post=19505"}],"version-history":[{"count":3,"href":"https:\/\/www.suviseurat.fi\/et\/wp-json\/wp\/v2\/pages\/19505\/revisions"}],"predecessor-version":[{"id":25148,"href":"https:\/\/www.suviseurat.fi\/et\/wp-json\/wp\/v2\/pages\/19505\/revisions\/25148"}],"up":[{"embeddable":true,"href":"https:\/\/www.suviseurat.fi\/et\/wp-json\/wp\/v2\/pages\/20089"}],"wp:featuredmedia":[{"embeddable":true,"href":"https:\/\/www.suviseurat.fi\/et\/wp-json\/wp\/v2\/media\/18982"}],"wp:attachment":[{"href":"https:\/\/www.suviseurat.fi\/et\/wp-json\/wp\/v2\/media?parent=19505"}],"curies":[{"name":"wp","href":"https:\/\/api.w.org\/{rel}","templated":true}]}}