{"id":25110,"date":"2024-09-03T23:42:50","date_gmt":"2024-09-03T20:42:50","guid":{"rendered":"https:\/\/www.suviseurat.fi\/andmekaitse\/"},"modified":"2024-09-03T23:42:50","modified_gmt":"2024-09-03T20:42:50","slug":"andmekaitse","status":"publish","type":"page","link":"https:\/\/www.suviseurat.fi\/et\/andmekaitse\/","title":{"rendered":"Andmekaitse"},"content":{"rendered":"<h2>Andmekaitse<\/h2>\n<p>ELi uus andmekaitsem\u00e4\u00e4rus j\u00f5ustus 25. mail 2018. Oleme uut m\u00e4\u00e4rust arvesse v\u00f5tnud isikuandmete t\u00f6\u00f6tlemisel ning meie poolt pakutavate s\u00fcsteemide ja teenuste privaatsustavades. <\/p>\n<p>Ajakohastatud privaatsusavaldused on leitavad nendest s\u00fcsteemidest.<\/p>\n<p>Palun lugege Suvise kokkutuleku <a href=\"\/wp-content\/uploads\/2020\/10\/tietosuojaseloste-suvivuorot-artikla-13.pdf\">t\u00f6\u00f6j\u00f5uhangete privaatsuspoliitikat<\/a> ja <a href=\"https:\/\/www.suviseurat.fi\/wp-content\/uploads\/2024\/06\/Tallentavan-kameravalvonnan-rekisteriseloste.pdf\">kaameravalve privaatsuspoliitikat<\/a>.<\/p>\n<h2>K\u00fcpsised<\/h2>\n<p>K\u00fcpsis on v\u00e4ike tekstifail, mille brauser salvestab kasutaja seadmesse. K\u00fcpsis ei kahjusta seadet kuidagi. K\u00fcpsiseid kasutatakse veebisaitidel n\u00e4iteks tehnilise teabe edastamiseks ja teenuse kasutamise h\u00f5lbustamiseks.  <\/p>\n<p>Suviseurat.fi kasutab k\u00fcpsiseid k\u00fclastajate arvu statistika kogumiseks (Google Analytics). Statistika ei v\u00f5imalda individuaalset kasutajat tuvastada, vaid andmed salvestatakse anon\u00fc\u00fcmselt. <\/p>\n<p>K\u00fcpsiste kasutamist saate oma internetibrauseri seadetes heaks kiita v\u00f5i tagasi l\u00fckata. Seadistuse muutmine s\u00f5ltub kasutatavast internetibrauserist. Pange t\u00e4hele, et k\u00fcpsiste keelamine v\u00f5ib p\u00f5hjustada m\u00f5nede veebisaidi funktsioonide v\u00f5i teenuste t\u00f6\u00f6tamise lakkamist.  <\/p>\n<p>K\u00fcpsiste kohta saate t\u00e4psemalt lugeda n\u00e4iteks <a href=\"https:\/\/www.viestintavirasto.fi\/kyberturvallisuus\/tietoturvaohjeet\/palveluidenturvallinenkaytto\/evasteet.html\" target=\"_blank\" rel=\"noopener noreferrer\">Sideameti veebisaidilt<\/a>.<\/p>\n","protected":false},"excerpt":{"rendered":"<p>Andmekaitse ELi uus andmekaitsem\u00e4\u00e4rus j\u00f5ustus 25. mail 2018. Oleme uut m\u00e4\u00e4rust arvesse v\u00f5tnud isikuandmete t\u00f6\u00f6tlemisel<a class=\"moretag\" href=\"https:\/\/www.suviseurat.fi\/et\/andmekaitse\/\"> J\u00e4tka lugemist &gt;<\/a><\/p>\n","protected":false},"author":19,"featured_media":0,"parent":0,"menu_order":0,"comment_status":"closed","ping_status":"closed","template":"","meta":{"_acf_changed":false,"footnotes":""},"class_list":["post-25110","page","type-page","status-publish","hentry"],"acf":[],"yoast_head":"<!-- This site is optimized with the Yoast SEO plugin v27.5 - https:\/\/yoast.com\/product\/yoast-seo-wordpress\/ -->\n<title>Andmekaitse - SRK:n Suviseurat Kauhavalla 2026<\/title>\n<meta name=\"description\" content=\"Andmekaitse ELi uus andmekaitsem\u00e4\u00e4rus j\u00f5ustus 25. mail 2018. Oleme uut m\u00e4\u00e4rust arvesse v\u00f5tnud isikuandmete t\u00f6\u00f6tlemisel ning meie poolt pakutavate\" \/>\n<meta name=\"robots\" content=\"index, follow, max-snippet:-1, max-image-preview:large, max-video-preview:-1\" \/>\n<link rel=\"canonical\" href=\"https:\/\/www.suviseurat.fi\/andmekaitse\/\" \/>\n<meta property=\"og:locale\" content=\"et_EE\" \/>\n<meta property=\"og:type\" content=\"article\" \/>\n<meta property=\"og:title\" content=\"Andmekaitse - SRK:n Suviseurat Kauhavalla 2026\" \/>\n<meta property=\"og:description\" content=\"Andmekaitse ELi uus andmekaitsem\u00e4\u00e4rus j\u00f5ustus 25. mail 2018. Oleme uut m\u00e4\u00e4rust arvesse v\u00f5tnud isikuandmete t\u00f6\u00f6tlemisel ning meie poolt pakutavate\" \/>\n<meta property=\"og:url\" content=\"https:\/\/www.suviseurat.fi\/andmekaitse\/\" \/>\n<meta property=\"og:site_name\" content=\"SRK:n Suviseurat Kauhavalla 2026\" \/>\n<meta property=\"article:publisher\" content=\"https:\/\/www.facebook.com\/SRKryNyt\/\" \/>\n<meta name=\"twitter:card\" content=\"summary_large_image\" \/>\n<meta name=\"twitter:site\" content=\"@Suviseurat\" \/>\n<meta name=\"twitter:label1\" content=\"Est. reading time\" \/>\n\t<meta name=\"twitter:data1\" content=\"1 minute\" \/>\n<script type=\"application\/ld+json\" class=\"yoast-schema-graph\">{\"@context\":\"https:\\\/\\\/schema.org\",\"@graph\":[{\"@type\":\"WebPage\",\"@id\":\"https:\\\/\\\/www.suviseurat.fi\\\/andmekaitse\\\/\",\"url\":\"https:\\\/\\\/www.suviseurat.fi\\\/andmekaitse\\\/\",\"name\":\"Andmekaitse - SRK:n Suviseurat Kauhavalla 2026\",\"isPartOf\":{\"@id\":\"https:\\\/\\\/www.suviseurat.fi\\\/#website\"},\"datePublished\":\"2024-09-03T20:42:50+00:00\",\"description\":\"Andmekaitse ELi uus andmekaitsem\u00e4\u00e4rus j\u00f5ustus 25. mail 2018. Oleme uut m\u00e4\u00e4rust arvesse v\u00f5tnud isikuandmete t\u00f6\u00f6tlemisel ning meie poolt pakutavate\",\"breadcrumb\":{\"@id\":\"https:\\\/\\\/www.suviseurat.fi\\\/andmekaitse\\\/#breadcrumb\"},\"inLanguage\":\"et\",\"potentialAction\":[{\"@type\":\"ReadAction\",\"target\":[\"https:\\\/\\\/www.suviseurat.fi\\\/andmekaitse\\\/\"]}]},{\"@type\":\"BreadcrumbList\",\"@id\":\"https:\\\/\\\/www.suviseurat.fi\\\/andmekaitse\\\/#breadcrumb\",\"itemListElement\":[{\"@type\":\"ListItem\",\"position\":1,\"name\":\"Etusivu\",\"item\":\"https:\\\/\\\/www.suviseurat.fi\\\/et\\\/20091-2\\\/\"},{\"@type\":\"ListItem\",\"position\":2,\"name\":\"Andmekaitse\"}]},{\"@type\":\"WebSite\",\"@id\":\"https:\\\/\\\/www.suviseurat.fi\\\/#website\",\"url\":\"https:\\\/\\\/www.suviseurat.fi\\\/\",\"name\":\"SRK:n Suviseurat Kauhavalla 2026\",\"description\":\"Herra, t\u00e4ss\u00e4 on meid\u00e4n hyv\u00e4 olla\",\"publisher\":{\"@id\":\"https:\\\/\\\/www.suviseurat.fi\\\/#organization\"},\"potentialAction\":[{\"@type\":\"SearchAction\",\"target\":{\"@type\":\"EntryPoint\",\"urlTemplate\":\"https:\\\/\\\/www.suviseurat.fi\\\/?s={search_term_string}\"},\"query-input\":{\"@type\":\"PropertyValueSpecification\",\"valueRequired\":true,\"valueName\":\"search_term_string\"}}],\"inLanguage\":\"et\"},{\"@type\":\"Organization\",\"@id\":\"https:\\\/\\\/www.suviseurat.fi\\\/#organization\",\"name\":\"Suviseurat\",\"url\":\"https:\\\/\\\/www.suviseurat.fi\\\/\",\"logo\":{\"@type\":\"ImageObject\",\"inLanguage\":\"et\",\"@id\":\"https:\\\/\\\/www.suviseurat.fi\\\/#\\\/schema\\\/logo\\\/image\\\/\",\"url\":\"https:\\\/\\\/www.suviseurat.fi\\\/wp-content\\\/uploads\\\/2023\\\/10\\\/tunnus-nelio.jpg\",\"contentUrl\":\"https:\\\/\\\/www.suviseurat.fi\\\/wp-content\\\/uploads\\\/2023\\\/10\\\/tunnus-nelio.jpg\",\"width\":1000,\"height\":1000,\"caption\":\"Suviseurat\"},\"image\":{\"@id\":\"https:\\\/\\\/www.suviseurat.fi\\\/#\\\/schema\\\/logo\\\/image\\\/\"},\"sameAs\":[\"https:\\\/\\\/www.facebook.com\\\/SRKryNyt\\\/\",\"https:\\\/\\\/x.com\\\/Suviseurat\",\"https:\\\/\\\/www.facebook.com\\\/srksuviseurat\\\/\",\"https:\\\/\\\/www.youtube.com\\\/@SRKnyt\",\"https:\\\/\\\/www.instagram.com\\\/srk_nyt\\\/\",\"https:\\\/\\\/www.flickr.com\\\/photos\\\/suviseurat\"]}]}<\/script>\n<!-- \/ Yoast SEO plugin. -->","yoast_head_json":{"title":"Andmekaitse - SRK:n Suviseurat Kauhavalla 2026","description":"Andmekaitse ELi uus andmekaitsem\u00e4\u00e4rus j\u00f5ustus 25. mail 2018. Oleme uut m\u00e4\u00e4rust arvesse v\u00f5tnud isikuandmete t\u00f6\u00f6tlemisel ning meie poolt pakutavate","robots":{"index":"index","follow":"follow","max-snippet":"max-snippet:-1","max-image-preview":"max-image-preview:large","max-video-preview":"max-video-preview:-1"},"canonical":"https:\/\/www.suviseurat.fi\/andmekaitse\/","og_locale":"et_EE","og_type":"article","og_title":"Andmekaitse - SRK:n Suviseurat Kauhavalla 2026","og_description":"Andmekaitse ELi uus andmekaitsem\u00e4\u00e4rus j\u00f5ustus 25. mail 2018. Oleme uut m\u00e4\u00e4rust arvesse v\u00f5tnud isikuandmete t\u00f6\u00f6tlemisel ning meie poolt pakutavate","og_url":"https:\/\/www.suviseurat.fi\/andmekaitse\/","og_site_name":"SRK:n Suviseurat Kauhavalla 2026","article_publisher":"https:\/\/www.facebook.com\/SRKryNyt\/","twitter_card":"summary_large_image","twitter_site":"@Suviseurat","twitter_misc":{"Est. reading time":"1 minute"},"schema":{"@context":"https:\/\/schema.org","@graph":[{"@type":"WebPage","@id":"https:\/\/www.suviseurat.fi\/andmekaitse\/","url":"https:\/\/www.suviseurat.fi\/andmekaitse\/","name":"Andmekaitse - SRK:n Suviseurat Kauhavalla 2026","isPartOf":{"@id":"https:\/\/www.suviseurat.fi\/#website"},"datePublished":"2024-09-03T20:42:50+00:00","description":"Andmekaitse ELi uus andmekaitsem\u00e4\u00e4rus j\u00f5ustus 25. mail 2018. Oleme uut m\u00e4\u00e4rust arvesse v\u00f5tnud isikuandmete t\u00f6\u00f6tlemisel ning meie poolt pakutavate","breadcrumb":{"@id":"https:\/\/www.suviseurat.fi\/andmekaitse\/#breadcrumb"},"inLanguage":"et","potentialAction":[{"@type":"ReadAction","target":["https:\/\/www.suviseurat.fi\/andmekaitse\/"]}]},{"@type":"BreadcrumbList","@id":"https:\/\/www.suviseurat.fi\/andmekaitse\/#breadcrumb","itemListElement":[{"@type":"ListItem","position":1,"name":"Etusivu","item":"https:\/\/www.suviseurat.fi\/et\/20091-2\/"},{"@type":"ListItem","position":2,"name":"Andmekaitse"}]},{"@type":"WebSite","@id":"https:\/\/www.suviseurat.fi\/#website","url":"https:\/\/www.suviseurat.fi\/","name":"SRK:n Suviseurat Kauhavalla 2026","description":"Herra, t\u00e4ss\u00e4 on meid\u00e4n hyv\u00e4 olla","publisher":{"@id":"https:\/\/www.suviseurat.fi\/#organization"},"potentialAction":[{"@type":"SearchAction","target":{"@type":"EntryPoint","urlTemplate":"https:\/\/www.suviseurat.fi\/?s={search_term_string}"},"query-input":{"@type":"PropertyValueSpecification","valueRequired":true,"valueName":"search_term_string"}}],"inLanguage":"et"},{"@type":"Organization","@id":"https:\/\/www.suviseurat.fi\/#organization","name":"Suviseurat","url":"https:\/\/www.suviseurat.fi\/","logo":{"@type":"ImageObject","inLanguage":"et","@id":"https:\/\/www.suviseurat.fi\/#\/schema\/logo\/image\/","url":"https:\/\/www.suviseurat.fi\/wp-content\/uploads\/2023\/10\/tunnus-nelio.jpg","contentUrl":"https:\/\/www.suviseurat.fi\/wp-content\/uploads\/2023\/10\/tunnus-nelio.jpg","width":1000,"height":1000,"caption":"Suviseurat"},"image":{"@id":"https:\/\/www.suviseurat.fi\/#\/schema\/logo\/image\/"},"sameAs":["https:\/\/www.facebook.com\/SRKryNyt\/","https:\/\/x.com\/Suviseurat","https:\/\/www.facebook.com\/srksuviseurat\/","https:\/\/www.youtube.com\/@SRKnyt","https:\/\/www.instagram.com\/srk_nyt\/","https:\/\/www.flickr.com\/photos\/suviseurat"]}]}},"_links":{"self":[{"href":"https:\/\/www.suviseurat.fi\/et\/wp-json\/wp\/v2\/pages\/25110","targetHints":{"allow":["GET"]}}],"collection":[{"href":"https:\/\/www.suviseurat.fi\/et\/wp-json\/wp\/v2\/pages"}],"about":[{"href":"https:\/\/www.suviseurat.fi\/et\/wp-json\/wp\/v2\/types\/page"}],"author":[{"embeddable":true,"href":"https:\/\/www.suviseurat.fi\/et\/wp-json\/wp\/v2\/users\/19"}],"replies":[{"embeddable":true,"href":"https:\/\/www.suviseurat.fi\/et\/wp-json\/wp\/v2\/comments?post=25110"}],"version-history":[{"count":0,"href":"https:\/\/www.suviseurat.fi\/et\/wp-json\/wp\/v2\/pages\/25110\/revisions"}],"wp:attachment":[{"href":"https:\/\/www.suviseurat.fi\/et\/wp-json\/wp\/v2\/media?parent=25110"}],"curies":[{"name":"wp","href":"https:\/\/api.w.org\/{rel}","templated":true}]}}