{"id":25009,"date":"2022-06-11T16:55:00","date_gmt":"2022-06-11T13:55:00","guid":{"rendered":"https:\/\/www.suviseurat.fi\/ecoutez-et-regardez\/radio-de-la-r-union-d-t\/"},"modified":"2026-04-25T13:17:39","modified_gmt":"2026-04-25T10:17:39","slug":"radio-de-la-r-union-d-t","status":"publish","type":"page","link":"https:\/\/www.suviseurat.fi\/fr\/ecoutez-et-regardez\/radio-de-la-r-union-d-t\/","title":{"rendered":"Radio de la r\u00e9union d&#8217;\u00e9t\u00e9"},"content":{"rendered":"<h2><strong>Radio de la r\u00e9union d&#8217;\u00e9t\u00e9 (\u00ab Kes\u00e4seuraradio \u00bb)<\/strong><\/h2>\n<p><span style=\"font-weight: 400\">La radio de la r\u00e9union d&#8217;\u00e9t\u00e9 retransmet la r\u00e9union en direct. Pendant les pauses, vous pouvez \u00e9couter des informations li\u00e9s \u00e0 l&#8217;\u00e9v\u00e9nement, des programmes, des hymnes  <\/span><span style=\"font-weight: 400\">et des chants de Sion. En outre, la station de radio   <\/span><span style=\"font-weight: 400\">diffusera les r\u00e9unions d&#8217;\u00e9t\u00e9 en Su\u00e8de et en Am\u00e9rique du Nord. Entre les r\u00e9unions d&#8217;\u00e9t\u00e9, la radio diffuse notamment des rediffusions de programmes,  <\/span><span style=\"font-weight: 400\">des enregistrements de sermons et de la musique. La radio diffuse seulement en finnois.<\/span><\/p>\n<p><span style=\"font-weight: 400\">L&#8217;\u00e9mission radio d\u00e9butera le 24 juin. 2026 \u00e0 12 heures et se terminera le 3 ao\u00fbt 2026. L&#8217;\u00e9mission radio sera quotidienne. Le programme complet et radio en ligne   <\/span><span style=\"font-weight: 400\">est disponible \u00e0 l&#8217;adresse suivante <a href=\"https:\/\/www.kesaseuraradio.fi\">: www.kesaseuraradio.fi.<\/a><\/span><\/p>\n<h3>Programme<\/h3>\n<p>Le programme de la radio de la r\u00e9union d&#8217;\u00e9t\u00e9 est disponible \u00e0 l&#8217;adresse suivante <a href=\"https:\/\/kesaseuraradio.fi\/paivaohjelma\/\">: www.kesaseuraradio.fi\/ohjelma\/<\/a>.<\/p>\n<h3>Radio en ligne<\/h3>\n<p>La radio en ligne se trouve \u00e0 l&#8217;adresse suivante <a href=\"https:\/\/kesaseuraradio.fi\/nettiradio\/\">: www.kesaseuraradio.fi\/nettiradio\/.<\/a><\/p>\n<h3>Fr\u00e9quences pour la radio<\/h3>\n<p>Les fr\u00e9quences de la radio sont disponibles \u00e0 l&#8217;<a href=\"https:\/\/kesaseuraradio.fi\/taajuudet\/\">adresse www.kesaseuraradio.fi\/taajuudet\/<\/a>.<\/p>\n","protected":false},"excerpt":{"rendered":"<p>Radio de la r\u00e9union d&#8217;\u00e9t\u00e9 (\u00ab Kes\u00e4seuraradio \u00bb) La radio de la r\u00e9union d&#8217;\u00e9t\u00e9 retransmet<a class=\"moretag\" href=\"https:\/\/www.suviseurat.fi\/fr\/ecoutez-et-regardez\/radio-de-la-r-union-d-t\/\">Continuez \u00e0 lire &gt;<\/a><\/p>\n","protected":false},"author":19,"featured_media":0,"parent":20123,"menu_order":0,"comment_status":"closed","ping_status":"closed","template":"","meta":{"_acf_changed":false,"footnotes":""},"class_list":["post-25009","page","type-page","status-publish","hentry"],"acf":[],"yoast_head":"<!-- This site is optimized with the Yoast SEO plugin v27.5 - https:\/\/yoast.com\/product\/yoast-seo-wordpress\/ -->\n<title>Radio de la r\u00e9union d&#039;\u00e9t\u00e9 - SRK:n Suviseurat Kauhavalla 2026<\/title>\n<meta name=\"description\" content=\"Radio de la r\u00e9union d&#039;\u00e9t\u00e9 (\u00ab Kes\u00e4seuraradio \u00bb) La radio de la r\u00e9union d&#039;\u00e9t\u00e9 retransmet la r\u00e9union en direct. Pendant les pauses, vous pouvez \u00e9couter des\" \/>\n<meta name=\"robots\" content=\"index, follow, max-snippet:-1, max-image-preview:large, max-video-preview:-1\" \/>\n<link rel=\"canonical\" href=\"https:\/\/www.suviseurat.fi\/fr\/ecoutez-et-regardez\/radio-de-la-r-union-d-t\/\" \/>\n<meta property=\"og:locale\" content=\"fr_FR\" \/>\n<meta property=\"og:type\" content=\"article\" \/>\n<meta property=\"og:title\" content=\"Radio de la r\u00e9union d&#039;\u00e9t\u00e9 - SRK:n Suviseurat Kauhavalla 2026\" \/>\n<meta property=\"og:description\" content=\"Radio de la r\u00e9union d&#039;\u00e9t\u00e9 (\u00ab Kes\u00e4seuraradio \u00bb) La radio de la r\u00e9union d&#039;\u00e9t\u00e9 retransmet la r\u00e9union en direct. Pendant les pauses, vous pouvez \u00e9couter des\" \/>\n<meta property=\"og:url\" content=\"https:\/\/www.suviseurat.fi\/fr\/ecoutez-et-regardez\/radio-de-la-r-union-d-t\/\" \/>\n<meta property=\"og:site_name\" content=\"SRK:n Suviseurat Kauhavalla 2026\" \/>\n<meta property=\"article:publisher\" content=\"https:\/\/www.facebook.com\/SRKryNyt\/\" \/>\n<meta property=\"article:modified_time\" content=\"2026-04-25T10:17:39+00:00\" \/>\n<meta name=\"twitter:card\" content=\"summary_large_image\" \/>\n<meta name=\"twitter:site\" content=\"@Suviseurat\" \/>\n<meta name=\"twitter:label1\" content=\"Dur\u00e9e de lecture estim\u00e9e\" \/>\n\t<meta name=\"twitter:data1\" content=\"1 minute\" \/>\n<script type=\"application\/ld+json\" class=\"yoast-schema-graph\">{\"@context\":\"https:\\\/\\\/schema.org\",\"@graph\":[{\"@type\":\"WebPage\",\"@id\":\"https:\\\/\\\/www.suviseurat.fi\\\/fr\\\/ecoutez-et-regardez\\\/radio-de-la-r-union-d-t\\\/\",\"url\":\"https:\\\/\\\/www.suviseurat.fi\\\/fr\\\/ecoutez-et-regardez\\\/radio-de-la-r-union-d-t\\\/\",\"name\":\"Radio de la r\u00e9union d'\u00e9t\u00e9 - SRK:n Suviseurat Kauhavalla 2026\",\"isPartOf\":{\"@id\":\"https:\\\/\\\/www.suviseurat.fi\\\/#website\"},\"datePublished\":\"2022-06-11T13:55:00+00:00\",\"dateModified\":\"2026-04-25T10:17:39+00:00\",\"description\":\"Radio de la r\u00e9union d'\u00e9t\u00e9 (\u00ab Kes\u00e4seuraradio \u00bb) La radio de la r\u00e9union d'\u00e9t\u00e9 retransmet la r\u00e9union en direct. Pendant les pauses, vous pouvez \u00e9couter des\",\"breadcrumb\":{\"@id\":\"https:\\\/\\\/www.suviseurat.fi\\\/fr\\\/ecoutez-et-regardez\\\/radio-de-la-r-union-d-t\\\/#breadcrumb\"},\"inLanguage\":\"fr-FR\",\"potentialAction\":[{\"@type\":\"ReadAction\",\"target\":[\"https:\\\/\\\/www.suviseurat.fi\\\/fr\\\/ecoutez-et-regardez\\\/radio-de-la-r-union-d-t\\\/\"]}]},{\"@type\":\"BreadcrumbList\",\"@id\":\"https:\\\/\\\/www.suviseurat.fi\\\/fr\\\/ecoutez-et-regardez\\\/radio-de-la-r-union-d-t\\\/#breadcrumb\",\"itemListElement\":[{\"@type\":\"ListItem\",\"position\":1,\"name\":\"Etusivu\",\"item\":\"https:\\\/\\\/www.suviseurat.fi\\\/fr\\\/\"},{\"@type\":\"ListItem\",\"position\":2,\"name\":\"\u00c9coutez et regardez\",\"item\":\"https:\\\/\\\/www.suviseurat.fi\\\/fr\\\/?page_id=20123\"},{\"@type\":\"ListItem\",\"position\":3,\"name\":\"Radio de la r\u00e9union d&#8217;\u00e9t\u00e9\"}]},{\"@type\":\"WebSite\",\"@id\":\"https:\\\/\\\/www.suviseurat.fi\\\/#website\",\"url\":\"https:\\\/\\\/www.suviseurat.fi\\\/\",\"name\":\"SRK:n Suviseurat Kauhavalla 2026\",\"description\":\"Herra, t\u00e4ss\u00e4 on meid\u00e4n hyv\u00e4 olla\",\"publisher\":{\"@id\":\"https:\\\/\\\/www.suviseurat.fi\\\/#organization\"},\"potentialAction\":[{\"@type\":\"SearchAction\",\"target\":{\"@type\":\"EntryPoint\",\"urlTemplate\":\"https:\\\/\\\/www.suviseurat.fi\\\/?s={search_term_string}\"},\"query-input\":{\"@type\":\"PropertyValueSpecification\",\"valueRequired\":true,\"valueName\":\"search_term_string\"}}],\"inLanguage\":\"fr-FR\"},{\"@type\":\"Organization\",\"@id\":\"https:\\\/\\\/www.suviseurat.fi\\\/#organization\",\"name\":\"Suviseurat\",\"url\":\"https:\\\/\\\/www.suviseurat.fi\\\/\",\"logo\":{\"@type\":\"ImageObject\",\"inLanguage\":\"fr-FR\",\"@id\":\"https:\\\/\\\/www.suviseurat.fi\\\/#\\\/schema\\\/logo\\\/image\\\/\",\"url\":\"https:\\\/\\\/www.suviseurat.fi\\\/wp-content\\\/uploads\\\/2023\\\/10\\\/tunnus-nelio.jpg\",\"contentUrl\":\"https:\\\/\\\/www.suviseurat.fi\\\/wp-content\\\/uploads\\\/2023\\\/10\\\/tunnus-nelio.jpg\",\"width\":1000,\"height\":1000,\"caption\":\"Suviseurat\"},\"image\":{\"@id\":\"https:\\\/\\\/www.suviseurat.fi\\\/#\\\/schema\\\/logo\\\/image\\\/\"},\"sameAs\":[\"https:\\\/\\\/www.facebook.com\\\/SRKryNyt\\\/\",\"https:\\\/\\\/x.com\\\/Suviseurat\",\"https:\\\/\\\/www.facebook.com\\\/srksuviseurat\\\/\",\"https:\\\/\\\/www.youtube.com\\\/@SRKnyt\",\"https:\\\/\\\/www.instagram.com\\\/srk_nyt\\\/\",\"https:\\\/\\\/www.flickr.com\\\/photos\\\/suviseurat\"]}]}<\/script>\n<!-- \/ Yoast SEO plugin. -->","yoast_head_json":{"title":"Radio de la r\u00e9union d'\u00e9t\u00e9 - SRK:n Suviseurat Kauhavalla 2026","description":"Radio de la r\u00e9union d'\u00e9t\u00e9 (\u00ab Kes\u00e4seuraradio \u00bb) La radio de la r\u00e9union d'\u00e9t\u00e9 retransmet la r\u00e9union en direct. Pendant les pauses, vous pouvez \u00e9couter des","robots":{"index":"index","follow":"follow","max-snippet":"max-snippet:-1","max-image-preview":"max-image-preview:large","max-video-preview":"max-video-preview:-1"},"canonical":"https:\/\/www.suviseurat.fi\/fr\/ecoutez-et-regardez\/radio-de-la-r-union-d-t\/","og_locale":"fr_FR","og_type":"article","og_title":"Radio de la r\u00e9union d'\u00e9t\u00e9 - SRK:n Suviseurat Kauhavalla 2026","og_description":"Radio de la r\u00e9union d'\u00e9t\u00e9 (\u00ab Kes\u00e4seuraradio \u00bb) La radio de la r\u00e9union d'\u00e9t\u00e9 retransmet la r\u00e9union en direct. Pendant les pauses, vous pouvez \u00e9couter des","og_url":"https:\/\/www.suviseurat.fi\/fr\/ecoutez-et-regardez\/radio-de-la-r-union-d-t\/","og_site_name":"SRK:n Suviseurat Kauhavalla 2026","article_publisher":"https:\/\/www.facebook.com\/SRKryNyt\/","article_modified_time":"2026-04-25T10:17:39+00:00","twitter_card":"summary_large_image","twitter_site":"@Suviseurat","twitter_misc":{"Dur\u00e9e de lecture estim\u00e9e":"1 minute"},"schema":{"@context":"https:\/\/schema.org","@graph":[{"@type":"WebPage","@id":"https:\/\/www.suviseurat.fi\/fr\/ecoutez-et-regardez\/radio-de-la-r-union-d-t\/","url":"https:\/\/www.suviseurat.fi\/fr\/ecoutez-et-regardez\/radio-de-la-r-union-d-t\/","name":"Radio de la r\u00e9union d'\u00e9t\u00e9 - SRK:n Suviseurat Kauhavalla 2026","isPartOf":{"@id":"https:\/\/www.suviseurat.fi\/#website"},"datePublished":"2022-06-11T13:55:00+00:00","dateModified":"2026-04-25T10:17:39+00:00","description":"Radio de la r\u00e9union d'\u00e9t\u00e9 (\u00ab Kes\u00e4seuraradio \u00bb) La radio de la r\u00e9union d'\u00e9t\u00e9 retransmet la r\u00e9union en direct. Pendant les pauses, vous pouvez \u00e9couter des","breadcrumb":{"@id":"https:\/\/www.suviseurat.fi\/fr\/ecoutez-et-regardez\/radio-de-la-r-union-d-t\/#breadcrumb"},"inLanguage":"fr-FR","potentialAction":[{"@type":"ReadAction","target":["https:\/\/www.suviseurat.fi\/fr\/ecoutez-et-regardez\/radio-de-la-r-union-d-t\/"]}]},{"@type":"BreadcrumbList","@id":"https:\/\/www.suviseurat.fi\/fr\/ecoutez-et-regardez\/radio-de-la-r-union-d-t\/#breadcrumb","itemListElement":[{"@type":"ListItem","position":1,"name":"Etusivu","item":"https:\/\/www.suviseurat.fi\/fr\/"},{"@type":"ListItem","position":2,"name":"\u00c9coutez et regardez","item":"https:\/\/www.suviseurat.fi\/fr\/?page_id=20123"},{"@type":"ListItem","position":3,"name":"Radio de la r\u00e9union d&#8217;\u00e9t\u00e9"}]},{"@type":"WebSite","@id":"https:\/\/www.suviseurat.fi\/#website","url":"https:\/\/www.suviseurat.fi\/","name":"SRK:n Suviseurat Kauhavalla 2026","description":"Herra, t\u00e4ss\u00e4 on meid\u00e4n hyv\u00e4 olla","publisher":{"@id":"https:\/\/www.suviseurat.fi\/#organization"},"potentialAction":[{"@type":"SearchAction","target":{"@type":"EntryPoint","urlTemplate":"https:\/\/www.suviseurat.fi\/?s={search_term_string}"},"query-input":{"@type":"PropertyValueSpecification","valueRequired":true,"valueName":"search_term_string"}}],"inLanguage":"fr-FR"},{"@type":"Organization","@id":"https:\/\/www.suviseurat.fi\/#organization","name":"Suviseurat","url":"https:\/\/www.suviseurat.fi\/","logo":{"@type":"ImageObject","inLanguage":"fr-FR","@id":"https:\/\/www.suviseurat.fi\/#\/schema\/logo\/image\/","url":"https:\/\/www.suviseurat.fi\/wp-content\/uploads\/2023\/10\/tunnus-nelio.jpg","contentUrl":"https:\/\/www.suviseurat.fi\/wp-content\/uploads\/2023\/10\/tunnus-nelio.jpg","width":1000,"height":1000,"caption":"Suviseurat"},"image":{"@id":"https:\/\/www.suviseurat.fi\/#\/schema\/logo\/image\/"},"sameAs":["https:\/\/www.facebook.com\/SRKryNyt\/","https:\/\/x.com\/Suviseurat","https:\/\/www.facebook.com\/srksuviseurat\/","https:\/\/www.youtube.com\/@SRKnyt","https:\/\/www.instagram.com\/srk_nyt\/","https:\/\/www.flickr.com\/photos\/suviseurat"]}]}},"_links":{"self":[{"href":"https:\/\/www.suviseurat.fi\/fr\/wp-json\/wp\/v2\/pages\/25009","targetHints":{"allow":["GET"]}}],"collection":[{"href":"https:\/\/www.suviseurat.fi\/fr\/wp-json\/wp\/v2\/pages"}],"about":[{"href":"https:\/\/www.suviseurat.fi\/fr\/wp-json\/wp\/v2\/types\/page"}],"author":[{"embeddable":true,"href":"https:\/\/www.suviseurat.fi\/fr\/wp-json\/wp\/v2\/users\/19"}],"replies":[{"embeddable":true,"href":"https:\/\/www.suviseurat.fi\/fr\/wp-json\/wp\/v2\/comments?post=25009"}],"version-history":[{"count":1,"href":"https:\/\/www.suviseurat.fi\/fr\/wp-json\/wp\/v2\/pages\/25009\/revisions"}],"predecessor-version":[{"id":25682,"href":"https:\/\/www.suviseurat.fi\/fr\/wp-json\/wp\/v2\/pages\/25009\/revisions\/25682"}],"up":[{"embeddable":true,"href":"https:\/\/www.suviseurat.fi\/fr\/wp-json\/wp\/v2\/pages\/20123"}],"wp:attachment":[{"href":"https:\/\/www.suviseurat.fi\/fr\/wp-json\/wp\/v2\/media?parent=25009"}],"curies":[{"name":"wp","href":"https:\/\/api.w.org\/{rel}","templated":true}]}}