{"id":25027,"date":"2024-09-03T23:42:50","date_gmt":"2024-09-03T20:42:50","guid":{"rendered":"https:\/\/www.suviseurat.fi\/protection-des-donn-es\/"},"modified":"2026-05-02T20:37:02","modified_gmt":"2026-05-02T17:37:02","slug":"protection-des-donn-es","status":"publish","type":"page","link":"https:\/\/www.suviseurat.fi\/fr\/protection-des-donn-es\/","title":{"rendered":"Confidentialit\u00e9"},"content":{"rendered":"<h2>Confidentialit\u00e9<\/h2>\n<p>Le nouveau r\u00e8glement g\u00e9n\u00e9ral sur la protection des donn\u00e9es (RGPD) de l&#8217;UE est entr\u00e9 en vigueur le 25 mai 2018. Nous avons pris en compte le nouveau r\u00e8glement dans notre traitement des donn\u00e9es personnelles et dans nos pratiques de confidentialit\u00e9 pour les syst\u00e8mes et services que nous fournissons. <\/p>\n<p>Les politiques de confidentialit\u00e9 mises \u00e0 jour peuvent \u00eatre consult\u00e9es sur ces syst\u00e8mes.<\/p>\n<p>Veuillez lire (en finnois) la <a href=\"\/wp-content\/uploads\/2020\/10\/tietosuojaseloste-suvivuorot-artikla-13.pdf\">politique de confidentialit\u00e9 pour recrutement<\/a> de la r\u00e9union d&#8217;\u00e9t\u00e9 et la <a href=\"https:\/\/www.suviseurat.fi\/wp-content\/uploads\/2024\/06\/Tallentavan-kameravalvonnan-rekisteriseloste.pdf\">politique de confidentialit\u00e9 pour la surveillance par cam\u00e9ra.<\/a><\/p>\n<h2><a href=\"https:\/\/www.suviseurat.fi\/evastekaytanto-eu\/\">Cookies<\/a><\/h2>\n<p>Un cookie est un petit fichier texte que le navigateur stocke sur l&#8217;appareil de l&#8217;utilisateur. Les cookies ne causent aucun dommage \u00e0 l&#8217;appareil. Les cookies sont utilis\u00e9s sur les sites web, par exemple, pour fournir des informations techniques et faciliter l&#8217;utilisation du service.  <\/p>\n<p>Suviseurat.fi utilise des cookies par exemple pour collecter des statistiques sur le nombre de visiteurs (Google Analytics). Les statistiques ne permettent pas d&#8217;identifier un utilisateur individuel, mais les donn\u00e9es sont stock\u00e9es de mani\u00e8re anonyme. <\/p>\n<p>Vous pouvez accepter ou refuser l&#8217;utilisation de cookies dans les param\u00e8tres de votre navigateur internet. La modification des param\u00e8tres d\u00e9pend du navigateur Internet que vous utilisez. Veuillez noter que la d\u00e9sactivation des cookies peut entra\u00eener l&#8217;arr\u00eat de certaines fonctionnalit\u00e9s ou de certains services du site.  <\/p>\n<p>Vous pouvez en savoir plus sur les cookies, par exemple <a href=\"https:\/\/www.viestintavirasto.fi\/kyberturvallisuus\/tietoturvaohjeet\/palveluidenturvallinenkaytto\/evasteet.html\" target=\"_blank\" rel=\"noopener noreferrer\">sur le site web de l&#8217;Agence de communication<\/a> (en finnois).<\/p>\n","protected":false},"excerpt":{"rendered":"<p>Confidentialit\u00e9 Le nouveau r\u00e8glement g\u00e9n\u00e9ral sur la protection des donn\u00e9es (RGPD) de l&#8217;UE est entr\u00e9<a class=\"moretag\" href=\"https:\/\/www.suviseurat.fi\/fr\/protection-des-donn-es\/\">Continuez \u00e0 lire &gt;<\/a><\/p>\n","protected":false},"author":19,"featured_media":0,"parent":0,"menu_order":0,"comment_status":"closed","ping_status":"closed","template":"","meta":{"_acf_changed":false,"footnotes":""},"class_list":["post-25027","page","type-page","status-publish","hentry"],"acf":[],"yoast_head":"<!-- This site is optimized with the Yoast SEO plugin v27.5 - https:\/\/yoast.com\/product\/yoast-seo-wordpress\/ -->\n<title>Confidentialit\u00e9 - SRK:n Suviseurat Kauhavalla 2026<\/title>\n<meta name=\"description\" content=\"Confidentialit\u00e9 Le nouveau r\u00e8glement g\u00e9n\u00e9ral sur la protection des donn\u00e9es (RGPD) de l&#039;UE est entr\u00e9 en vigueur le 25 mai 2018. Nous avons pris en compte\" \/>\n<meta name=\"robots\" content=\"index, follow, max-snippet:-1, max-image-preview:large, max-video-preview:-1\" \/>\n<link rel=\"canonical\" href=\"https:\/\/www.suviseurat.fi\/fr\/protection-des-donn-es\/\" \/>\n<meta property=\"og:locale\" content=\"fr_FR\" \/>\n<meta property=\"og:type\" content=\"article\" \/>\n<meta property=\"og:title\" content=\"Confidentialit\u00e9 - SRK:n Suviseurat Kauhavalla 2026\" \/>\n<meta property=\"og:description\" content=\"Confidentialit\u00e9 Le nouveau r\u00e8glement g\u00e9n\u00e9ral sur la protection des donn\u00e9es (RGPD) de l&#039;UE est entr\u00e9 en vigueur le 25 mai 2018. Nous avons pris en compte\" \/>\n<meta property=\"og:url\" content=\"https:\/\/www.suviseurat.fi\/fr\/protection-des-donn-es\/\" \/>\n<meta property=\"og:site_name\" content=\"SRK:n Suviseurat Kauhavalla 2026\" \/>\n<meta property=\"article:publisher\" content=\"https:\/\/www.facebook.com\/SRKryNyt\/\" \/>\n<meta property=\"article:modified_time\" content=\"2026-05-02T17:37:02+00:00\" \/>\n<meta name=\"twitter:card\" content=\"summary_large_image\" \/>\n<meta name=\"twitter:site\" content=\"@Suviseurat\" \/>\n<meta name=\"twitter:label1\" content=\"Dur\u00e9e de lecture estim\u00e9e\" \/>\n\t<meta name=\"twitter:data1\" content=\"1 minute\" \/>\n<script type=\"application\/ld+json\" class=\"yoast-schema-graph\">{\"@context\":\"https:\\\/\\\/schema.org\",\"@graph\":[{\"@type\":\"WebPage\",\"@id\":\"https:\\\/\\\/www.suviseurat.fi\\\/fr\\\/protection-des-donn-es\\\/\",\"url\":\"https:\\\/\\\/www.suviseurat.fi\\\/fr\\\/protection-des-donn-es\\\/\",\"name\":\"Confidentialit\u00e9 - SRK:n Suviseurat Kauhavalla 2026\",\"isPartOf\":{\"@id\":\"https:\\\/\\\/www.suviseurat.fi\\\/#website\"},\"datePublished\":\"2024-09-03T20:42:50+00:00\",\"dateModified\":\"2026-05-02T17:37:02+00:00\",\"description\":\"Confidentialit\u00e9 Le nouveau r\u00e8glement g\u00e9n\u00e9ral sur la protection des donn\u00e9es (RGPD) de l'UE est entr\u00e9 en vigueur le 25 mai 2018. Nous avons pris en compte\",\"breadcrumb\":{\"@id\":\"https:\\\/\\\/www.suviseurat.fi\\\/fr\\\/protection-des-donn-es\\\/#breadcrumb\"},\"inLanguage\":\"fr-FR\",\"potentialAction\":[{\"@type\":\"ReadAction\",\"target\":[\"https:\\\/\\\/www.suviseurat.fi\\\/fr\\\/protection-des-donn-es\\\/\"]}]},{\"@type\":\"BreadcrumbList\",\"@id\":\"https:\\\/\\\/www.suviseurat.fi\\\/fr\\\/protection-des-donn-es\\\/#breadcrumb\",\"itemListElement\":[{\"@type\":\"ListItem\",\"position\":1,\"name\":\"Etusivu\",\"item\":\"https:\\\/\\\/www.suviseurat.fi\\\/fr\\\/\"},{\"@type\":\"ListItem\",\"position\":2,\"name\":\"Confidentialit\u00e9\"}]},{\"@type\":\"WebSite\",\"@id\":\"https:\\\/\\\/www.suviseurat.fi\\\/#website\",\"url\":\"https:\\\/\\\/www.suviseurat.fi\\\/\",\"name\":\"SRK:n Suviseurat Kauhavalla 2026\",\"description\":\"Herra, t\u00e4ss\u00e4 on meid\u00e4n hyv\u00e4 olla\",\"publisher\":{\"@id\":\"https:\\\/\\\/www.suviseurat.fi\\\/#organization\"},\"potentialAction\":[{\"@type\":\"SearchAction\",\"target\":{\"@type\":\"EntryPoint\",\"urlTemplate\":\"https:\\\/\\\/www.suviseurat.fi\\\/?s={search_term_string}\"},\"query-input\":{\"@type\":\"PropertyValueSpecification\",\"valueRequired\":true,\"valueName\":\"search_term_string\"}}],\"inLanguage\":\"fr-FR\"},{\"@type\":\"Organization\",\"@id\":\"https:\\\/\\\/www.suviseurat.fi\\\/#organization\",\"name\":\"Suviseurat\",\"url\":\"https:\\\/\\\/www.suviseurat.fi\\\/\",\"logo\":{\"@type\":\"ImageObject\",\"inLanguage\":\"fr-FR\",\"@id\":\"https:\\\/\\\/www.suviseurat.fi\\\/#\\\/schema\\\/logo\\\/image\\\/\",\"url\":\"https:\\\/\\\/www.suviseurat.fi\\\/wp-content\\\/uploads\\\/2023\\\/10\\\/tunnus-nelio.jpg\",\"contentUrl\":\"https:\\\/\\\/www.suviseurat.fi\\\/wp-content\\\/uploads\\\/2023\\\/10\\\/tunnus-nelio.jpg\",\"width\":1000,\"height\":1000,\"caption\":\"Suviseurat\"},\"image\":{\"@id\":\"https:\\\/\\\/www.suviseurat.fi\\\/#\\\/schema\\\/logo\\\/image\\\/\"},\"sameAs\":[\"https:\\\/\\\/www.facebook.com\\\/SRKryNyt\\\/\",\"https:\\\/\\\/x.com\\\/Suviseurat\",\"https:\\\/\\\/www.facebook.com\\\/srksuviseurat\\\/\",\"https:\\\/\\\/www.youtube.com\\\/@SRKnyt\",\"https:\\\/\\\/www.instagram.com\\\/srk_nyt\\\/\",\"https:\\\/\\\/www.flickr.com\\\/photos\\\/suviseurat\"]}]}<\/script>\n<!-- \/ Yoast SEO plugin. -->","yoast_head_json":{"title":"Confidentialit\u00e9 - SRK:n Suviseurat Kauhavalla 2026","description":"Confidentialit\u00e9 Le nouveau r\u00e8glement g\u00e9n\u00e9ral sur la protection des donn\u00e9es (RGPD) de l'UE est entr\u00e9 en vigueur le 25 mai 2018. Nous avons pris en compte","robots":{"index":"index","follow":"follow","max-snippet":"max-snippet:-1","max-image-preview":"max-image-preview:large","max-video-preview":"max-video-preview:-1"},"canonical":"https:\/\/www.suviseurat.fi\/fr\/protection-des-donn-es\/","og_locale":"fr_FR","og_type":"article","og_title":"Confidentialit\u00e9 - SRK:n Suviseurat Kauhavalla 2026","og_description":"Confidentialit\u00e9 Le nouveau r\u00e8glement g\u00e9n\u00e9ral sur la protection des donn\u00e9es (RGPD) de l'UE est entr\u00e9 en vigueur le 25 mai 2018. Nous avons pris en compte","og_url":"https:\/\/www.suviseurat.fi\/fr\/protection-des-donn-es\/","og_site_name":"SRK:n Suviseurat Kauhavalla 2026","article_publisher":"https:\/\/www.facebook.com\/SRKryNyt\/","article_modified_time":"2026-05-02T17:37:02+00:00","twitter_card":"summary_large_image","twitter_site":"@Suviseurat","twitter_misc":{"Dur\u00e9e de lecture estim\u00e9e":"1 minute"},"schema":{"@context":"https:\/\/schema.org","@graph":[{"@type":"WebPage","@id":"https:\/\/www.suviseurat.fi\/fr\/protection-des-donn-es\/","url":"https:\/\/www.suviseurat.fi\/fr\/protection-des-donn-es\/","name":"Confidentialit\u00e9 - SRK:n Suviseurat Kauhavalla 2026","isPartOf":{"@id":"https:\/\/www.suviseurat.fi\/#website"},"datePublished":"2024-09-03T20:42:50+00:00","dateModified":"2026-05-02T17:37:02+00:00","description":"Confidentialit\u00e9 Le nouveau r\u00e8glement g\u00e9n\u00e9ral sur la protection des donn\u00e9es (RGPD) de l'UE est entr\u00e9 en vigueur le 25 mai 2018. Nous avons pris en compte","breadcrumb":{"@id":"https:\/\/www.suviseurat.fi\/fr\/protection-des-donn-es\/#breadcrumb"},"inLanguage":"fr-FR","potentialAction":[{"@type":"ReadAction","target":["https:\/\/www.suviseurat.fi\/fr\/protection-des-donn-es\/"]}]},{"@type":"BreadcrumbList","@id":"https:\/\/www.suviseurat.fi\/fr\/protection-des-donn-es\/#breadcrumb","itemListElement":[{"@type":"ListItem","position":1,"name":"Etusivu","item":"https:\/\/www.suviseurat.fi\/fr\/"},{"@type":"ListItem","position":2,"name":"Confidentialit\u00e9"}]},{"@type":"WebSite","@id":"https:\/\/www.suviseurat.fi\/#website","url":"https:\/\/www.suviseurat.fi\/","name":"SRK:n Suviseurat Kauhavalla 2026","description":"Herra, t\u00e4ss\u00e4 on meid\u00e4n hyv\u00e4 olla","publisher":{"@id":"https:\/\/www.suviseurat.fi\/#organization"},"potentialAction":[{"@type":"SearchAction","target":{"@type":"EntryPoint","urlTemplate":"https:\/\/www.suviseurat.fi\/?s={search_term_string}"},"query-input":{"@type":"PropertyValueSpecification","valueRequired":true,"valueName":"search_term_string"}}],"inLanguage":"fr-FR"},{"@type":"Organization","@id":"https:\/\/www.suviseurat.fi\/#organization","name":"Suviseurat","url":"https:\/\/www.suviseurat.fi\/","logo":{"@type":"ImageObject","inLanguage":"fr-FR","@id":"https:\/\/www.suviseurat.fi\/#\/schema\/logo\/image\/","url":"https:\/\/www.suviseurat.fi\/wp-content\/uploads\/2023\/10\/tunnus-nelio.jpg","contentUrl":"https:\/\/www.suviseurat.fi\/wp-content\/uploads\/2023\/10\/tunnus-nelio.jpg","width":1000,"height":1000,"caption":"Suviseurat"},"image":{"@id":"https:\/\/www.suviseurat.fi\/#\/schema\/logo\/image\/"},"sameAs":["https:\/\/www.facebook.com\/SRKryNyt\/","https:\/\/x.com\/Suviseurat","https:\/\/www.facebook.com\/srksuviseurat\/","https:\/\/www.youtube.com\/@SRKnyt","https:\/\/www.instagram.com\/srk_nyt\/","https:\/\/www.flickr.com\/photos\/suviseurat"]}]}},"_links":{"self":[{"href":"https:\/\/www.suviseurat.fi\/fr\/wp-json\/wp\/v2\/pages\/25027","targetHints":{"allow":["GET"]}}],"collection":[{"href":"https:\/\/www.suviseurat.fi\/fr\/wp-json\/wp\/v2\/pages"}],"about":[{"href":"https:\/\/www.suviseurat.fi\/fr\/wp-json\/wp\/v2\/types\/page"}],"author":[{"embeddable":true,"href":"https:\/\/www.suviseurat.fi\/fr\/wp-json\/wp\/v2\/users\/19"}],"replies":[{"embeddable":true,"href":"https:\/\/www.suviseurat.fi\/fr\/wp-json\/wp\/v2\/comments?post=25027"}],"version-history":[{"count":1,"href":"https:\/\/www.suviseurat.fi\/fr\/wp-json\/wp\/v2\/pages\/25027\/revisions"}],"predecessor-version":[{"id":25786,"href":"https:\/\/www.suviseurat.fi\/fr\/wp-json\/wp\/v2\/pages\/25027\/revisions\/25786"}],"wp:attachment":[{"href":"https:\/\/www.suviseurat.fi\/fr\/wp-json\/wp\/v2\/media?parent=25027"}],"curies":[{"name":"wp","href":"https:\/\/api.w.org\/{rel}","templated":true}]}}