{"id":25117,"date":"2024-09-03T23:42:50","date_gmt":"2024-09-03T20:42:50","guid":{"rendered":"https:\/\/www.suviseurat.fi\/zashhita-dannyh\/"},"modified":"2026-04-20T11:27:12","modified_gmt":"2026-04-20T08:27:12","slug":"zashhita-dannyh","status":"publish","type":"page","link":"https:\/\/www.suviseurat.fi\/ru\/zashhita-dannyh\/","title":{"rendered":"\u0417\u0430\u0449\u0438\u0442\u0430 \u0434\u0430\u043d\u043d\u044b\u0445"},"content":{"rendered":"<h2>\u0417\u0430\u0449\u0438\u0442\u0430 \u0434\u0430\u043d\u043d\u044b\u0445<\/h2>\n<p>\u041d\u043e\u0432\u044b\u0439 \u0440\u0435\u0433\u043b\u0430\u043c\u0435\u043d\u0442 \u0415\u0421 \u043f\u043e \u0437\u0430\u0449\u0438\u0442\u0435 \u0434\u0430\u043d\u043d\u044b\u0445 \u0432\u0441\u0442\u0443\u043f\u0438\u043b \u0432 \u0441\u0438\u043b\u0443 25 \u043c\u0430\u044f 2018 \u0433\u043e\u0434\u0430. \u041c\u044b \u0443\u0447\u043b\u0438 \u043d\u043e\u0432\u044b\u0439 \u0440\u0435\u0433\u043b\u0430\u043c\u0435\u043d\u0442 \u043f\u0440\u0438 \u043e\u0431\u0440\u0430\u0431\u043e\u0442\u043a\u0435 \u043f\u0435\u0440\u0441\u043e\u043d\u0430\u043b\u044c\u043d\u044b\u0445 \u0434\u0430\u043d\u043d\u044b\u0445 \u0438 \u0432 \u043d\u0430\u0448\u0435\u0439 \u043f\u0440\u0430\u043a\u0442\u0438\u043a\u0435 \u043e\u0431\u0435\u0441\u043f\u0435\u0447\u0435\u043d\u0438\u044f \u043a\u043e\u043d\u0444\u0438\u0434\u0435\u043d\u0446\u0438\u0430\u043b\u044c\u043d\u043e\u0441\u0442\u0438 \u0441\u0438\u0441\u0442\u0435\u043c \u0438 \u0443\u0441\u043b\u0443\u0433, \u043a\u043e\u0442\u043e\u0440\u044b\u0435 \u043c\u044b \u043f\u0440\u0435\u0434\u043e\u0441\u0442\u0430\u0432\u043b\u044f\u0435\u043c. <\/p>\n<p>\u041e\u0431\u043d\u043e\u0432\u043b\u0435\u043d\u043d\u044b\u0435 \u0437\u0430\u044f\u0432\u043b\u0435\u043d\u0438\u044f \u043e \u043a\u043e\u043d\u0444\u0438\u0434\u0435\u043d\u0446\u0438\u0430\u043b\u044c\u043d\u043e\u0441\u0442\u0438 \u043c\u043e\u0436\u043d\u043e \u043d\u0430\u0439\u0442\u0438 \u0432 \u044d\u0442\u0438\u0445 \u0441\u0438\u0441\u0442\u0435\u043c\u0430\u0445.<\/p>\n<p>\u041f\u043e\u0436\u0430\u043b\u0443\u0439\u0441\u0442\u0430, \u043e\u0437\u043d\u0430\u043a\u043e\u043c\u044c\u0442\u0435\u0441\u044c \u0441 <a href=\"\/wp-content\/uploads\/2020\/10\/tietosuojaseloste-suvivuorot-artikla-13.pdf\">\u041f\u043e\u043b\u0438\u0442\u0438\u043a\u043e\u0439 \u043a\u043e\u043d\u0444\u0438\u0434\u0435\u043d\u0446\u0438\u0430\u043b\u044c\u043d\u043e\u0441\u0442\u0438 \u0411\u043e\u043b\u044c\u0448\u043e\u0433\u043e \u041b\u0435\u0442\u043d\u0435\u0433\u043e \u0421\u043e\u0431\u0440\u0430\u043d\u0438\u044f \u043f\u0440\u0438 \u043d\u0430\u0431\u043e\u0440\u0435 \u0440\u0430\u0431\u043e\u0447\u0435\u0439 \u0441\u0438\u043b\u044b<\/a> \u0438 <a href=\"https:\/\/www.suviseurat.fi\/wp-content\/uploads\/2024\/06\/Tallentavan-kameravalvonnan-rekisteriseloste.pdf\">\u041f\u043e\u043b\u0438\u0442\u0438\u043a\u043e\u0439 \u043a\u043e\u043d\u0444\u0438\u0434\u0435\u043d\u0446\u0438\u0430\u043b\u044c\u043d\u043e\u0441\u0442\u0438 \u043f\u0440\u0438 \u043d\u0430\u0431\u043b\u044e\u0434\u0435\u043d\u0438\u0438 \u0441 \u043f\u043e\u043c\u043e\u0449\u044c\u044e \u043a\u0430\u043c\u0435\u0440<\/a>.<\/p>\n<h2><a href=\"https:\/\/www.suviseurat.fi\/evastekaytanto-eu\/\">Cookies<\/a><\/h2>\n<p>Cookie &#8211; \u044d\u0442\u043e \u043d\u0435\u0431\u043e\u043b\u044c\u0448\u043e\u0439 \u0442\u0435\u043a\u0441\u0442\u043e\u0432\u044b\u0439 \u0444\u0430\u0439\u043b, \u043a\u043e\u0442\u043e\u0440\u044b\u0439 \u0431\u0440\u0430\u0443\u0437\u0435\u0440 \u0441\u043e\u0445\u0440\u0430\u043d\u044f\u0435\u0442 \u043d\u0430 \u0443\u0441\u0442\u0440\u043e\u0439\u0441\u0442\u0432\u0435 \u043f\u043e\u043b\u044c\u0437\u043e\u0432\u0430\u0442\u0435\u043b\u044f. Cookie \u043d\u0438\u043a\u0430\u043a \u043d\u0435 \u0432\u0440\u0435\u0434\u0438\u0442 \u0443\u0441\u0442\u0440\u043e\u0439\u0441\u0442\u0432\u0443. Cookies \u0438\u0441\u043f\u043e\u043b\u044c\u0437\u0443\u044e\u0442\u0441\u044f \u043d\u0430 \u0432\u0435\u0431-\u0441\u0430\u0439\u0442\u0430\u0445, \u043d\u0430\u043f\u0440\u0438\u043c\u0435\u0440, \u0434\u043b\u044f \u043f\u0440\u0435\u0434\u043e\u0441\u0442\u0430\u0432\u043b\u0435\u043d\u0438\u044f \u0442\u0435\u0445\u043d\u0438\u0447\u0435\u0441\u043a\u043e\u0439 \u0438\u043d\u0444\u043e\u0440\u043c\u0430\u0446\u0438\u0438 \u0438 \u043e\u0431\u043b\u0435\u0433\u0447\u0435\u043d\u0438\u044f \u043f\u043e\u043b\u044c\u0437\u043e\u0432\u0430\u043d\u0438\u044f \u0441\u0435\u0440\u0432\u0438\u0441\u043e\u043c.  <\/p>\n<p>Suviseurat.fi \u0438\u0441\u043f\u043e\u043b\u044c\u0437\u0443\u0435\u0442 \u0444\u0430\u0439\u043b\u044b cookie \u0434\u043b\u044f \u0441\u0431\u043e\u0440\u0430 \u0441\u0442\u0430\u0442\u0438\u0441\u0442\u0438\u043a\u0438 \u043e \u043a\u043e\u043b\u0438\u0447\u0435\u0441\u0442\u0432\u0435 \u043f\u043e\u0441\u0435\u0442\u0438\u0442\u0435\u043b\u0435\u0439 (Google Analytics). \u0421\u0442\u0430\u0442\u0438\u0441\u0442\u0438\u043a\u0430 \u043d\u0435 \u043c\u043e\u0436\u0435\u0442 \u0438\u0434\u0435\u043d\u0442\u0438\u0444\u0438\u0446\u0438\u0440\u043e\u0432\u0430\u0442\u044c \u043e\u0442\u0434\u0435\u043b\u044c\u043d\u043e\u0433\u043e \u043f\u043e\u043b\u044c\u0437\u043e\u0432\u0430\u0442\u0435\u043b\u044f, \u043d\u043e \u0434\u0430\u043d\u043d\u044b\u0435 \u0445\u0440\u0430\u043d\u044f\u0442\u0441\u044f \u0430\u043d\u043e\u043d\u0438\u043c\u043d\u043e. <\/p>\n<p>\u0412\u044b \u043c\u043e\u0436\u0435\u0442\u0435 \u043f\u0440\u0438\u043d\u044f\u0442\u044c \u0438\u043b\u0438 \u043e\u0442\u043a\u043b\u043e\u043d\u0438\u0442\u044c \u0438\u0441\u043f\u043e\u043b\u044c\u0437\u043e\u0432\u0430\u043d\u0438\u0435 \u0444\u0430\u0439\u043b\u043e\u0432 cookie \u0432 \u043d\u0430\u0441\u0442\u0440\u043e\u0439\u043a\u0430\u0445 \u0412\u0430\u0448\u0435\u0433\u043e \u0438\u043d\u0442\u0435\u0440\u043d\u0435\u0442-\u0431\u0440\u0430\u0443\u0437\u0435\u0440\u0430. \u0418\u0437\u043c\u0435\u043d\u0435\u043d\u0438\u0435 \u043d\u0430\u0441\u0442\u0440\u043e\u0435\u043a \u0437\u0430\u0432\u0438\u0441\u0438\u0442 \u043e\u0442 \u0438\u0441\u043f\u043e\u043b\u044c\u0437\u0443\u0435\u043c\u043e\u0433\u043e \u0432\u0430\u043c\u0438 \u0438\u043d\u0442\u0435\u0440\u043d\u0435\u0442-\u0431\u0440\u0430\u0443\u0437\u0435\u0440\u0430. \u041f\u043e\u0436\u0430\u043b\u0443\u0439\u0441\u0442\u0430, \u043e\u0431\u0440\u0430\u0442\u0438\u0442\u0435 \u0432\u043d\u0438\u043c\u0430\u043d\u0438\u0435, \u0447\u0442\u043e \u043e\u0442\u043a\u043b\u044e\u0447\u0435\u043d\u0438\u0435 cookies \u043c\u043e\u0436\u0435\u0442 \u043f\u0440\u0438\u0432\u0435\u0441\u0442\u0438 \u043a \u0442\u043e\u043c\u0443, \u0447\u0442\u043e \u043d\u0435\u043a\u043e\u0442\u043e\u0440\u044b\u0435 \u0444\u0443\u043d\u043a\u0446\u0438\u0438 \u0438\u043b\u0438 \u0443\u0441\u043b\u0443\u0433\u0438 \u043d\u0430 \u0441\u0430\u0439\u0442\u0435 \u043f\u0435\u0440\u0435\u0441\u0442\u0430\u043d\u0443\u0442 \u0440\u0430\u0431\u043e\u0442\u0430\u0442\u044c.  <\/p>\n<p>\u041f\u043e\u0434\u0440\u043e\u0431\u043d\u0435\u0435 \u043e \u0444\u0430\u0439\u043b\u0430\u0445 cookie \u0432\u044b \u043c\u043e\u0436\u0435\u0442\u0435 \u043f\u0440\u043e\u0447\u0438\u0442\u0430\u0442\u044c, \u043d\u0430\u043f\u0440\u0438\u043c\u0435\u0440, <a href=\"https:\/\/www.viestintavirasto.fi\/kyberturvallisuus\/tietoturvaohjeet\/palveluidenturvallinenkaytto\/evasteet.html\" target=\"_blank\" rel=\"noopener noreferrer\">\u043d\u0430 \u0441\u0430\u0439\u0442\u0435 \u041a\u043e\u043c\u043c\u0443\u043d\u0438\u043a\u0430\u0446\u0438\u043e\u043d\u043d\u043e\u0433\u043e \u0430\u0433\u0435\u043d\u0442\u0441\u0442\u0432\u0430<\/a>.<\/p>\n","protected":false},"excerpt":{"rendered":"<p>\u0417\u0430\u0449\u0438\u0442\u0430 \u0434\u0430\u043d\u043d\u044b\u0445 \u041d\u043e\u0432\u044b\u0439 \u0440\u0435\u0433\u043b\u0430\u043c\u0435\u043d\u0442 \u0415\u0421 \u043f\u043e \u0437\u0430\u0449\u0438\u0442\u0435 \u0434\u0430\u043d\u043d\u044b\u0445 \u0432\u0441\u0442\u0443\u043f\u0438\u043b \u0432 \u0441\u0438\u043b\u0443 25 \u043c\u0430\u044f 2018 \u0433\u043e\u0434\u0430.<a class=\"moretag\" href=\"https:\/\/www.suviseurat.fi\/ru\/zashhita-dannyh\/\">\u0427\u0438\u0442\u0430\u0442\u044c \u0435\u0449\u0451 &gt;<\/a><\/p>\n","protected":false},"author":19,"featured_media":0,"parent":0,"menu_order":0,"comment_status":"closed","ping_status":"closed","template":"","meta":{"_acf_changed":false,"footnotes":""},"class_list":["post-25117","page","type-page","status-publish","hentry"],"acf":[],"yoast_head":"<!-- This site is optimized with the Yoast SEO plugin v27.5 - https:\/\/yoast.com\/product\/yoast-seo-wordpress\/ -->\n<title>\u0417\u0430\u0449\u0438\u0442\u0430 \u0434\u0430\u043d\u043d\u044b\u0445 - SRK:n Suviseurat Kauhavalla 2026<\/title>\n<meta name=\"description\" content=\"\u0417\u0430\u0449\u0438\u0442\u0430 \u0434\u0430\u043d\u043d\u044b\u0445 \u041d\u043e\u0432\u044b\u0439 \u0440\u0435\u0433\u043b\u0430\u043c\u0435\u043d\u0442 \u0415\u0421 \u043f\u043e \u0437\u0430\u0449\u0438\u0442\u0435 \u0434\u0430\u043d\u043d\u044b\u0445 \u0432\u0441\u0442\u0443\u043f\u0438\u043b \u0432 \u0441\u0438\u043b\u0443 25 \u043c\u0430\u044f 2018 \u0433\u043e\u0434\u0430. \u041c\u044b \u0443\u0447\u043b\u0438 \u043d\u043e\u0432\u044b\u0439 \u0440\u0435\u0433\u043b\u0430\u043c\u0435\u043d\u0442 \u043f\u0440\u0438 \u043e\u0431\u0440\u0430\u0431\u043e\u0442\u043a\u0435 \u043f\u0435\u0440\u0441\u043e\u043d\u0430\u043b\u044c\u043d\u044b\u0445 \u0434\u0430\u043d\u043d\u044b\u0445 \u0438 \u0432 \u043d\u0430\u0448\u0435\u0439\" \/>\n<meta name=\"robots\" content=\"index, follow, max-snippet:-1, max-image-preview:large, max-video-preview:-1\" \/>\n<link rel=\"canonical\" href=\"https:\/\/www.suviseurat.fi\/ru\/zashhita-dannyh\/\" \/>\n<meta property=\"og:locale\" content=\"ru_RU\" \/>\n<meta property=\"og:type\" content=\"article\" \/>\n<meta property=\"og:title\" content=\"\u0417\u0430\u0449\u0438\u0442\u0430 \u0434\u0430\u043d\u043d\u044b\u0445 - SRK:n Suviseurat Kauhavalla 2026\" \/>\n<meta property=\"og:description\" content=\"\u0417\u0430\u0449\u0438\u0442\u0430 \u0434\u0430\u043d\u043d\u044b\u0445 \u041d\u043e\u0432\u044b\u0439 \u0440\u0435\u0433\u043b\u0430\u043c\u0435\u043d\u0442 \u0415\u0421 \u043f\u043e \u0437\u0430\u0449\u0438\u0442\u0435 \u0434\u0430\u043d\u043d\u044b\u0445 \u0432\u0441\u0442\u0443\u043f\u0438\u043b \u0432 \u0441\u0438\u043b\u0443 25 \u043c\u0430\u044f 2018 \u0433\u043e\u0434\u0430. \u041c\u044b \u0443\u0447\u043b\u0438 \u043d\u043e\u0432\u044b\u0439 \u0440\u0435\u0433\u043b\u0430\u043c\u0435\u043d\u0442 \u043f\u0440\u0438 \u043e\u0431\u0440\u0430\u0431\u043e\u0442\u043a\u0435 \u043f\u0435\u0440\u0441\u043e\u043d\u0430\u043b\u044c\u043d\u044b\u0445 \u0434\u0430\u043d\u043d\u044b\u0445 \u0438 \u0432 \u043d\u0430\u0448\u0435\u0439\" \/>\n<meta property=\"og:url\" content=\"https:\/\/www.suviseurat.fi\/ru\/zashhita-dannyh\/\" \/>\n<meta property=\"og:site_name\" content=\"SRK:n Suviseurat Kauhavalla 2026\" \/>\n<meta property=\"article:publisher\" content=\"https:\/\/www.facebook.com\/SRKryNyt\/\" \/>\n<meta property=\"article:modified_time\" content=\"2026-04-20T08:27:12+00:00\" \/>\n<meta name=\"twitter:card\" content=\"summary_large_image\" \/>\n<meta name=\"twitter:site\" content=\"@Suviseurat\" \/>\n<script type=\"application\/ld+json\" class=\"yoast-schema-graph\">{\"@context\":\"https:\\\/\\\/schema.org\",\"@graph\":[{\"@type\":\"WebPage\",\"@id\":\"https:\\\/\\\/www.suviseurat.fi\\\/ru\\\/zashhita-dannyh\\\/\",\"url\":\"https:\\\/\\\/www.suviseurat.fi\\\/ru\\\/zashhita-dannyh\\\/\",\"name\":\"\u0417\u0430\u0449\u0438\u0442\u0430 \u0434\u0430\u043d\u043d\u044b\u0445 - SRK:n Suviseurat Kauhavalla 2026\",\"isPartOf\":{\"@id\":\"https:\\\/\\\/www.suviseurat.fi\\\/#website\"},\"datePublished\":\"2024-09-03T20:42:50+00:00\",\"dateModified\":\"2026-04-20T08:27:12+00:00\",\"description\":\"\u0417\u0430\u0449\u0438\u0442\u0430 \u0434\u0430\u043d\u043d\u044b\u0445 \u041d\u043e\u0432\u044b\u0439 \u0440\u0435\u0433\u043b\u0430\u043c\u0435\u043d\u0442 \u0415\u0421 \u043f\u043e \u0437\u0430\u0449\u0438\u0442\u0435 \u0434\u0430\u043d\u043d\u044b\u0445 \u0432\u0441\u0442\u0443\u043f\u0438\u043b \u0432 \u0441\u0438\u043b\u0443 25 \u043c\u0430\u044f 2018 \u0433\u043e\u0434\u0430. \u041c\u044b \u0443\u0447\u043b\u0438 \u043d\u043e\u0432\u044b\u0439 \u0440\u0435\u0433\u043b\u0430\u043c\u0435\u043d\u0442 \u043f\u0440\u0438 \u043e\u0431\u0440\u0430\u0431\u043e\u0442\u043a\u0435 \u043f\u0435\u0440\u0441\u043e\u043d\u0430\u043b\u044c\u043d\u044b\u0445 \u0434\u0430\u043d\u043d\u044b\u0445 \u0438 \u0432 \u043d\u0430\u0448\u0435\u0439\",\"breadcrumb\":{\"@id\":\"https:\\\/\\\/www.suviseurat.fi\\\/ru\\\/zashhita-dannyh\\\/#breadcrumb\"},\"inLanguage\":\"ru-RU\",\"potentialAction\":[{\"@type\":\"ReadAction\",\"target\":[\"https:\\\/\\\/www.suviseurat.fi\\\/ru\\\/zashhita-dannyh\\\/\"]}]},{\"@type\":\"BreadcrumbList\",\"@id\":\"https:\\\/\\\/www.suviseurat.fi\\\/ru\\\/zashhita-dannyh\\\/#breadcrumb\",\"itemListElement\":[{\"@type\":\"ListItem\",\"position\":1,\"name\":\"Etusivu\",\"item\":\"https:\\\/\\\/www.suviseurat.fi\\\/ru\\\/\"},{\"@type\":\"ListItem\",\"position\":2,\"name\":\"\u0417\u0430\u0449\u0438\u0442\u0430 \u0434\u0430\u043d\u043d\u044b\u0445\"}]},{\"@type\":\"WebSite\",\"@id\":\"https:\\\/\\\/www.suviseurat.fi\\\/#website\",\"url\":\"https:\\\/\\\/www.suviseurat.fi\\\/\",\"name\":\"SRK:n Suviseurat Kauhavalla 2026\",\"description\":\"Herra, t\u00e4ss\u00e4 on meid\u00e4n hyv\u00e4 olla\",\"publisher\":{\"@id\":\"https:\\\/\\\/www.suviseurat.fi\\\/#organization\"},\"potentialAction\":[{\"@type\":\"SearchAction\",\"target\":{\"@type\":\"EntryPoint\",\"urlTemplate\":\"https:\\\/\\\/www.suviseurat.fi\\\/?s={search_term_string}\"},\"query-input\":{\"@type\":\"PropertyValueSpecification\",\"valueRequired\":true,\"valueName\":\"search_term_string\"}}],\"inLanguage\":\"ru-RU\"},{\"@type\":\"Organization\",\"@id\":\"https:\\\/\\\/www.suviseurat.fi\\\/#organization\",\"name\":\"Suviseurat\",\"url\":\"https:\\\/\\\/www.suviseurat.fi\\\/\",\"logo\":{\"@type\":\"ImageObject\",\"inLanguage\":\"ru-RU\",\"@id\":\"https:\\\/\\\/www.suviseurat.fi\\\/#\\\/schema\\\/logo\\\/image\\\/\",\"url\":\"https:\\\/\\\/www.suviseurat.fi\\\/wp-content\\\/uploads\\\/2023\\\/10\\\/tunnus-nelio.jpg\",\"contentUrl\":\"https:\\\/\\\/www.suviseurat.fi\\\/wp-content\\\/uploads\\\/2023\\\/10\\\/tunnus-nelio.jpg\",\"width\":1000,\"height\":1000,\"caption\":\"Suviseurat\"},\"image\":{\"@id\":\"https:\\\/\\\/www.suviseurat.fi\\\/#\\\/schema\\\/logo\\\/image\\\/\"},\"sameAs\":[\"https:\\\/\\\/www.facebook.com\\\/SRKryNyt\\\/\",\"https:\\\/\\\/x.com\\\/Suviseurat\",\"https:\\\/\\\/www.facebook.com\\\/srksuviseurat\\\/\",\"https:\\\/\\\/www.youtube.com\\\/@SRKnyt\",\"https:\\\/\\\/www.instagram.com\\\/srk_nyt\\\/\",\"https:\\\/\\\/www.flickr.com\\\/photos\\\/suviseurat\"]}]}<\/script>\n<!-- \/ Yoast SEO plugin. -->","yoast_head_json":{"title":"\u0417\u0430\u0449\u0438\u0442\u0430 \u0434\u0430\u043d\u043d\u044b\u0445 - SRK:n Suviseurat Kauhavalla 2026","description":"\u0417\u0430\u0449\u0438\u0442\u0430 \u0434\u0430\u043d\u043d\u044b\u0445 \u041d\u043e\u0432\u044b\u0439 \u0440\u0435\u0433\u043b\u0430\u043c\u0435\u043d\u0442 \u0415\u0421 \u043f\u043e \u0437\u0430\u0449\u0438\u0442\u0435 \u0434\u0430\u043d\u043d\u044b\u0445 \u0432\u0441\u0442\u0443\u043f\u0438\u043b \u0432 \u0441\u0438\u043b\u0443 25 \u043c\u0430\u044f 2018 \u0433\u043e\u0434\u0430. \u041c\u044b \u0443\u0447\u043b\u0438 \u043d\u043e\u0432\u044b\u0439 \u0440\u0435\u0433\u043b\u0430\u043c\u0435\u043d\u0442 \u043f\u0440\u0438 \u043e\u0431\u0440\u0430\u0431\u043e\u0442\u043a\u0435 \u043f\u0435\u0440\u0441\u043e\u043d\u0430\u043b\u044c\u043d\u044b\u0445 \u0434\u0430\u043d\u043d\u044b\u0445 \u0438 \u0432 \u043d\u0430\u0448\u0435\u0439","robots":{"index":"index","follow":"follow","max-snippet":"max-snippet:-1","max-image-preview":"max-image-preview:large","max-video-preview":"max-video-preview:-1"},"canonical":"https:\/\/www.suviseurat.fi\/ru\/zashhita-dannyh\/","og_locale":"ru_RU","og_type":"article","og_title":"\u0417\u0430\u0449\u0438\u0442\u0430 \u0434\u0430\u043d\u043d\u044b\u0445 - SRK:n Suviseurat Kauhavalla 2026","og_description":"\u0417\u0430\u0449\u0438\u0442\u0430 \u0434\u0430\u043d\u043d\u044b\u0445 \u041d\u043e\u0432\u044b\u0439 \u0440\u0435\u0433\u043b\u0430\u043c\u0435\u043d\u0442 \u0415\u0421 \u043f\u043e \u0437\u0430\u0449\u0438\u0442\u0435 \u0434\u0430\u043d\u043d\u044b\u0445 \u0432\u0441\u0442\u0443\u043f\u0438\u043b \u0432 \u0441\u0438\u043b\u0443 25 \u043c\u0430\u044f 2018 \u0433\u043e\u0434\u0430. \u041c\u044b \u0443\u0447\u043b\u0438 \u043d\u043e\u0432\u044b\u0439 \u0440\u0435\u0433\u043b\u0430\u043c\u0435\u043d\u0442 \u043f\u0440\u0438 \u043e\u0431\u0440\u0430\u0431\u043e\u0442\u043a\u0435 \u043f\u0435\u0440\u0441\u043e\u043d\u0430\u043b\u044c\u043d\u044b\u0445 \u0434\u0430\u043d\u043d\u044b\u0445 \u0438 \u0432 \u043d\u0430\u0448\u0435\u0439","og_url":"https:\/\/www.suviseurat.fi\/ru\/zashhita-dannyh\/","og_site_name":"SRK:n Suviseurat Kauhavalla 2026","article_publisher":"https:\/\/www.facebook.com\/SRKryNyt\/","article_modified_time":"2026-04-20T08:27:12+00:00","twitter_card":"summary_large_image","twitter_site":"@Suviseurat","schema":{"@context":"https:\/\/schema.org","@graph":[{"@type":"WebPage","@id":"https:\/\/www.suviseurat.fi\/ru\/zashhita-dannyh\/","url":"https:\/\/www.suviseurat.fi\/ru\/zashhita-dannyh\/","name":"\u0417\u0430\u0449\u0438\u0442\u0430 \u0434\u0430\u043d\u043d\u044b\u0445 - SRK:n Suviseurat Kauhavalla 2026","isPartOf":{"@id":"https:\/\/www.suviseurat.fi\/#website"},"datePublished":"2024-09-03T20:42:50+00:00","dateModified":"2026-04-20T08:27:12+00:00","description":"\u0417\u0430\u0449\u0438\u0442\u0430 \u0434\u0430\u043d\u043d\u044b\u0445 \u041d\u043e\u0432\u044b\u0439 \u0440\u0435\u0433\u043b\u0430\u043c\u0435\u043d\u0442 \u0415\u0421 \u043f\u043e \u0437\u0430\u0449\u0438\u0442\u0435 \u0434\u0430\u043d\u043d\u044b\u0445 \u0432\u0441\u0442\u0443\u043f\u0438\u043b \u0432 \u0441\u0438\u043b\u0443 25 \u043c\u0430\u044f 2018 \u0433\u043e\u0434\u0430. \u041c\u044b \u0443\u0447\u043b\u0438 \u043d\u043e\u0432\u044b\u0439 \u0440\u0435\u0433\u043b\u0430\u043c\u0435\u043d\u0442 \u043f\u0440\u0438 \u043e\u0431\u0440\u0430\u0431\u043e\u0442\u043a\u0435 \u043f\u0435\u0440\u0441\u043e\u043d\u0430\u043b\u044c\u043d\u044b\u0445 \u0434\u0430\u043d\u043d\u044b\u0445 \u0438 \u0432 \u043d\u0430\u0448\u0435\u0439","breadcrumb":{"@id":"https:\/\/www.suviseurat.fi\/ru\/zashhita-dannyh\/#breadcrumb"},"inLanguage":"ru-RU","potentialAction":[{"@type":"ReadAction","target":["https:\/\/www.suviseurat.fi\/ru\/zashhita-dannyh\/"]}]},{"@type":"BreadcrumbList","@id":"https:\/\/www.suviseurat.fi\/ru\/zashhita-dannyh\/#breadcrumb","itemListElement":[{"@type":"ListItem","position":1,"name":"Etusivu","item":"https:\/\/www.suviseurat.fi\/ru\/"},{"@type":"ListItem","position":2,"name":"\u0417\u0430\u0449\u0438\u0442\u0430 \u0434\u0430\u043d\u043d\u044b\u0445"}]},{"@type":"WebSite","@id":"https:\/\/www.suviseurat.fi\/#website","url":"https:\/\/www.suviseurat.fi\/","name":"SRK:n Suviseurat Kauhavalla 2026","description":"Herra, t\u00e4ss\u00e4 on meid\u00e4n hyv\u00e4 olla","publisher":{"@id":"https:\/\/www.suviseurat.fi\/#organization"},"potentialAction":[{"@type":"SearchAction","target":{"@type":"EntryPoint","urlTemplate":"https:\/\/www.suviseurat.fi\/?s={search_term_string}"},"query-input":{"@type":"PropertyValueSpecification","valueRequired":true,"valueName":"search_term_string"}}],"inLanguage":"ru-RU"},{"@type":"Organization","@id":"https:\/\/www.suviseurat.fi\/#organization","name":"Suviseurat","url":"https:\/\/www.suviseurat.fi\/","logo":{"@type":"ImageObject","inLanguage":"ru-RU","@id":"https:\/\/www.suviseurat.fi\/#\/schema\/logo\/image\/","url":"https:\/\/www.suviseurat.fi\/wp-content\/uploads\/2023\/10\/tunnus-nelio.jpg","contentUrl":"https:\/\/www.suviseurat.fi\/wp-content\/uploads\/2023\/10\/tunnus-nelio.jpg","width":1000,"height":1000,"caption":"Suviseurat"},"image":{"@id":"https:\/\/www.suviseurat.fi\/#\/schema\/logo\/image\/"},"sameAs":["https:\/\/www.facebook.com\/SRKryNyt\/","https:\/\/x.com\/Suviseurat","https:\/\/www.facebook.com\/srksuviseurat\/","https:\/\/www.youtube.com\/@SRKnyt","https:\/\/www.instagram.com\/srk_nyt\/","https:\/\/www.flickr.com\/photos\/suviseurat"]}]}},"_links":{"self":[{"href":"https:\/\/www.suviseurat.fi\/ru\/wp-json\/wp\/v2\/pages\/25117","targetHints":{"allow":["GET"]}}],"collection":[{"href":"https:\/\/www.suviseurat.fi\/ru\/wp-json\/wp\/v2\/pages"}],"about":[{"href":"https:\/\/www.suviseurat.fi\/ru\/wp-json\/wp\/v2\/types\/page"}],"author":[{"embeddable":true,"href":"https:\/\/www.suviseurat.fi\/ru\/wp-json\/wp\/v2\/users\/19"}],"replies":[{"embeddable":true,"href":"https:\/\/www.suviseurat.fi\/ru\/wp-json\/wp\/v2\/comments?post=25117"}],"version-history":[{"count":2,"href":"https:\/\/www.suviseurat.fi\/ru\/wp-json\/wp\/v2\/pages\/25117\/revisions"}],"predecessor-version":[{"id":25595,"href":"https:\/\/www.suviseurat.fi\/ru\/wp-json\/wp\/v2\/pages\/25117\/revisions\/25595"}],"wp:attachment":[{"href":"https:\/\/www.suviseurat.fi\/ru\/wp-json\/wp\/v2\/media?parent=25117"}],"curies":[{"name":"wp","href":"https:\/\/api.w.org\/{rel}","templated":true}]}}