{"id":20681,"date":"2021-08-16T20:43:00","date_gmt":"2021-08-16T17:43:00","guid":{"rendered":"https:\/\/www.suviseurat.fi\/lyssna-pa-sommarmotet\/"},"modified":"2026-03-10T18:12:05","modified_gmt":"2026-03-10T16:12:05","slug":"lyssna-pa-sommarmotet","status":"publish","type":"page","link":"https:\/\/www.suviseurat.fi\/sv\/lyssna-pa-sommarmotet\/","title":{"rendered":"Lyssna p\u00e5 sommarm\u00f6tet"},"content":{"rendered":"\n\n\n<h2><strong>Lyssna p\u00e5 tidigare Sommarm\u00f6ten<\/strong><\/h2>\n<p><span style=\"font-weight: 400\">Fr\u00e5n Kes\u00e4seuraradions programarkivet kan du lyssna p\u00e5 predikningar och program fr\u00e5n tidigare Sommarm\u00f6ten. G\u00e5 till <\/span><a href=\"https:\/\/kesaseuraradio.fi\/paivaohjelmaarkisto\/\" target=\"_blank\" rel=\"noopener\"> <span style=\"font-weight: 400\">program fr\u00e5n radio-arkivet (finska)<\/span> <\/a><span style=\"font-weight: 400\">.<\/span><\/p>\n<h2><strong>SRK:s predikoarkiv<\/strong><\/h2>\n<p><span style=\"font-weight: 400\">I arkivet finns samlat predikningar fr\u00e5n sommarm\u00f6ten och b\u00f6nem\u00f6ten sedan 1950- talet. G\u00e5 till  <\/span><a href=\"https:\/\/www.srk.fi\/fi\/work-areas\/seurat\/saarna-arkisto\/\" target=\"_blank\" rel=\"noopener\"><span style=\"font-weight: 400\">predikoarkivet<\/span><\/a><span style=\"font-weight: 400\">.<\/span><\/p>\n","protected":false},"excerpt":{"rendered":"<p>Lyssna p\u00e5 tidigare Sommarm\u00f6ten Fr\u00e5n Kes\u00e4seuraradions programarkivet kan du lyssna p\u00e5 predikningar och program fr\u00e5n<a class=\"moretag\" href=\"https:\/\/www.suviseurat.fi\/sv\/lyssna-pa-sommarmotet\/\">L\u00e4s vidare &gt;<\/a><\/p>\n","protected":false},"author":19,"featured_media":0,"parent":0,"menu_order":2,"comment_status":"closed","ping_status":"closed","template":"","meta":{"_acf_changed":false,"footnotes":""},"class_list":["post-20681","page","type-page","status-publish","hentry"],"acf":[],"yoast_head":"<!-- This site is optimized with the Yoast SEO plugin v27.5 - https:\/\/yoast.com\/product\/yoast-seo-wordpress\/ -->\n<title>Lyssna p\u00e5 sommarm\u00f6tet - SRK:n Suviseurat Kauhavalla 2026<\/title>\n<meta name=\"description\" content=\"Lyssna p\u00e5 tidigare Sommarm\u00f6ten Fr\u00e5n Kes\u00e4seuraradions programarkivet kan du lyssna p\u00e5 predikningar och program fr\u00e5n tidigare Sommarm\u00f6ten. G\u00e5 till program\" \/>\n<meta name=\"robots\" content=\"index, follow, max-snippet:-1, max-image-preview:large, max-video-preview:-1\" \/>\n<link rel=\"canonical\" href=\"https:\/\/www.suviseurat.fi\/sv\/lyssna-pa-sommarmotet\/\" \/>\n<meta property=\"og:locale\" content=\"sv_SE\" \/>\n<meta property=\"og:type\" content=\"article\" \/>\n<meta property=\"og:title\" content=\"Lyssna p\u00e5 sommarm\u00f6tet - SRK:n Suviseurat Kauhavalla 2026\" \/>\n<meta property=\"og:description\" content=\"Lyssna p\u00e5 tidigare Sommarm\u00f6ten Fr\u00e5n Kes\u00e4seuraradions programarkivet kan du lyssna p\u00e5 predikningar och program fr\u00e5n tidigare Sommarm\u00f6ten. G\u00e5 till program\" \/>\n<meta property=\"og:url\" content=\"https:\/\/www.suviseurat.fi\/sv\/lyssna-pa-sommarmotet\/\" \/>\n<meta property=\"og:site_name\" content=\"SRK:n Suviseurat Kauhavalla 2026\" \/>\n<meta property=\"article:publisher\" content=\"https:\/\/www.facebook.com\/SRKryNyt\/\" \/>\n<meta property=\"article:modified_time\" content=\"2026-03-10T16:12:05+00:00\" \/>\n<meta name=\"twitter:card\" content=\"summary_large_image\" \/>\n<meta name=\"twitter:site\" content=\"@Suviseurat\" \/>\n<script type=\"application\/ld+json\" class=\"yoast-schema-graph\">{\"@context\":\"https:\\\/\\\/schema.org\",\"@graph\":[{\"@type\":\"WebPage\",\"@id\":\"https:\\\/\\\/www.suviseurat.fi\\\/sv\\\/lyssna-pa-sommarmotet\\\/\",\"url\":\"https:\\\/\\\/www.suviseurat.fi\\\/sv\\\/lyssna-pa-sommarmotet\\\/\",\"name\":\"Lyssna p\u00e5 sommarm\u00f6tet - SRK:n Suviseurat Kauhavalla 2026\",\"isPartOf\":{\"@id\":\"https:\\\/\\\/www.suviseurat.fi\\\/#website\"},\"datePublished\":\"2021-08-16T17:43:00+00:00\",\"dateModified\":\"2026-03-10T16:12:05+00:00\",\"description\":\"Lyssna p\u00e5 tidigare Sommarm\u00f6ten Fr\u00e5n Kes\u00e4seuraradions programarkivet kan du lyssna p\u00e5 predikningar och program fr\u00e5n tidigare Sommarm\u00f6ten. G\u00e5 till program\",\"breadcrumb\":{\"@id\":\"https:\\\/\\\/www.suviseurat.fi\\\/sv\\\/lyssna-pa-sommarmotet\\\/#breadcrumb\"},\"inLanguage\":\"sv-SE\",\"potentialAction\":[{\"@type\":\"ReadAction\",\"target\":[\"https:\\\/\\\/www.suviseurat.fi\\\/sv\\\/lyssna-pa-sommarmotet\\\/\"]}]},{\"@type\":\"BreadcrumbList\",\"@id\":\"https:\\\/\\\/www.suviseurat.fi\\\/sv\\\/lyssna-pa-sommarmotet\\\/#breadcrumb\",\"itemListElement\":[{\"@type\":\"ListItem\",\"position\":1,\"name\":\"Etusivu\",\"item\":\"https:\\\/\\\/www.suviseurat.fi\\\/sv\\\/\"},{\"@type\":\"ListItem\",\"position\":2,\"name\":\"Lyssna p\u00e5 sommarm\u00f6tet\"}]},{\"@type\":\"WebSite\",\"@id\":\"https:\\\/\\\/www.suviseurat.fi\\\/#website\",\"url\":\"https:\\\/\\\/www.suviseurat.fi\\\/\",\"name\":\"SRK:n Suviseurat Kauhavalla 2026\",\"description\":\"Herra, t\u00e4ss\u00e4 on meid\u00e4n hyv\u00e4 olla\",\"publisher\":{\"@id\":\"https:\\\/\\\/www.suviseurat.fi\\\/#organization\"},\"potentialAction\":[{\"@type\":\"SearchAction\",\"target\":{\"@type\":\"EntryPoint\",\"urlTemplate\":\"https:\\\/\\\/www.suviseurat.fi\\\/?s={search_term_string}\"},\"query-input\":{\"@type\":\"PropertyValueSpecification\",\"valueRequired\":true,\"valueName\":\"search_term_string\"}}],\"inLanguage\":\"sv-SE\"},{\"@type\":\"Organization\",\"@id\":\"https:\\\/\\\/www.suviseurat.fi\\\/#organization\",\"name\":\"Suviseurat\",\"url\":\"https:\\\/\\\/www.suviseurat.fi\\\/\",\"logo\":{\"@type\":\"ImageObject\",\"inLanguage\":\"sv-SE\",\"@id\":\"https:\\\/\\\/www.suviseurat.fi\\\/#\\\/schema\\\/logo\\\/image\\\/\",\"url\":\"https:\\\/\\\/www.suviseurat.fi\\\/wp-content\\\/uploads\\\/2023\\\/10\\\/tunnus-nelio.jpg\",\"contentUrl\":\"https:\\\/\\\/www.suviseurat.fi\\\/wp-content\\\/uploads\\\/2023\\\/10\\\/tunnus-nelio.jpg\",\"width\":1000,\"height\":1000,\"caption\":\"Suviseurat\"},\"image\":{\"@id\":\"https:\\\/\\\/www.suviseurat.fi\\\/#\\\/schema\\\/logo\\\/image\\\/\"},\"sameAs\":[\"https:\\\/\\\/www.facebook.com\\\/SRKryNyt\\\/\",\"https:\\\/\\\/x.com\\\/Suviseurat\",\"https:\\\/\\\/www.facebook.com\\\/srksuviseurat\\\/\",\"https:\\\/\\\/www.youtube.com\\\/@SRKnyt\",\"https:\\\/\\\/www.instagram.com\\\/srk_nyt\\\/\",\"https:\\\/\\\/www.flickr.com\\\/photos\\\/suviseurat\"]}]}<\/script>\n<!-- \/ Yoast SEO plugin. -->","yoast_head_json":{"title":"Lyssna p\u00e5 sommarm\u00f6tet - SRK:n Suviseurat Kauhavalla 2026","description":"Lyssna p\u00e5 tidigare Sommarm\u00f6ten Fr\u00e5n Kes\u00e4seuraradions programarkivet kan du lyssna p\u00e5 predikningar och program fr\u00e5n tidigare Sommarm\u00f6ten. G\u00e5 till program","robots":{"index":"index","follow":"follow","max-snippet":"max-snippet:-1","max-image-preview":"max-image-preview:large","max-video-preview":"max-video-preview:-1"},"canonical":"https:\/\/www.suviseurat.fi\/sv\/lyssna-pa-sommarmotet\/","og_locale":"sv_SE","og_type":"article","og_title":"Lyssna p\u00e5 sommarm\u00f6tet - SRK:n Suviseurat Kauhavalla 2026","og_description":"Lyssna p\u00e5 tidigare Sommarm\u00f6ten Fr\u00e5n Kes\u00e4seuraradions programarkivet kan du lyssna p\u00e5 predikningar och program fr\u00e5n tidigare Sommarm\u00f6ten. G\u00e5 till program","og_url":"https:\/\/www.suviseurat.fi\/sv\/lyssna-pa-sommarmotet\/","og_site_name":"SRK:n Suviseurat Kauhavalla 2026","article_publisher":"https:\/\/www.facebook.com\/SRKryNyt\/","article_modified_time":"2026-03-10T16:12:05+00:00","twitter_card":"summary_large_image","twitter_site":"@Suviseurat","schema":{"@context":"https:\/\/schema.org","@graph":[{"@type":"WebPage","@id":"https:\/\/www.suviseurat.fi\/sv\/lyssna-pa-sommarmotet\/","url":"https:\/\/www.suviseurat.fi\/sv\/lyssna-pa-sommarmotet\/","name":"Lyssna p\u00e5 sommarm\u00f6tet - SRK:n Suviseurat Kauhavalla 2026","isPartOf":{"@id":"https:\/\/www.suviseurat.fi\/#website"},"datePublished":"2021-08-16T17:43:00+00:00","dateModified":"2026-03-10T16:12:05+00:00","description":"Lyssna p\u00e5 tidigare Sommarm\u00f6ten Fr\u00e5n Kes\u00e4seuraradions programarkivet kan du lyssna p\u00e5 predikningar och program fr\u00e5n tidigare Sommarm\u00f6ten. G\u00e5 till program","breadcrumb":{"@id":"https:\/\/www.suviseurat.fi\/sv\/lyssna-pa-sommarmotet\/#breadcrumb"},"inLanguage":"sv-SE","potentialAction":[{"@type":"ReadAction","target":["https:\/\/www.suviseurat.fi\/sv\/lyssna-pa-sommarmotet\/"]}]},{"@type":"BreadcrumbList","@id":"https:\/\/www.suviseurat.fi\/sv\/lyssna-pa-sommarmotet\/#breadcrumb","itemListElement":[{"@type":"ListItem","position":1,"name":"Etusivu","item":"https:\/\/www.suviseurat.fi\/sv\/"},{"@type":"ListItem","position":2,"name":"Lyssna p\u00e5 sommarm\u00f6tet"}]},{"@type":"WebSite","@id":"https:\/\/www.suviseurat.fi\/#website","url":"https:\/\/www.suviseurat.fi\/","name":"SRK:n Suviseurat Kauhavalla 2026","description":"Herra, t\u00e4ss\u00e4 on meid\u00e4n hyv\u00e4 olla","publisher":{"@id":"https:\/\/www.suviseurat.fi\/#organization"},"potentialAction":[{"@type":"SearchAction","target":{"@type":"EntryPoint","urlTemplate":"https:\/\/www.suviseurat.fi\/?s={search_term_string}"},"query-input":{"@type":"PropertyValueSpecification","valueRequired":true,"valueName":"search_term_string"}}],"inLanguage":"sv-SE"},{"@type":"Organization","@id":"https:\/\/www.suviseurat.fi\/#organization","name":"Suviseurat","url":"https:\/\/www.suviseurat.fi\/","logo":{"@type":"ImageObject","inLanguage":"sv-SE","@id":"https:\/\/www.suviseurat.fi\/#\/schema\/logo\/image\/","url":"https:\/\/www.suviseurat.fi\/wp-content\/uploads\/2023\/10\/tunnus-nelio.jpg","contentUrl":"https:\/\/www.suviseurat.fi\/wp-content\/uploads\/2023\/10\/tunnus-nelio.jpg","width":1000,"height":1000,"caption":"Suviseurat"},"image":{"@id":"https:\/\/www.suviseurat.fi\/#\/schema\/logo\/image\/"},"sameAs":["https:\/\/www.facebook.com\/SRKryNyt\/","https:\/\/x.com\/Suviseurat","https:\/\/www.facebook.com\/srksuviseurat\/","https:\/\/www.youtube.com\/@SRKnyt","https:\/\/www.instagram.com\/srk_nyt\/","https:\/\/www.flickr.com\/photos\/suviseurat"]}]}},"_links":{"self":[{"href":"https:\/\/www.suviseurat.fi\/sv\/wp-json\/wp\/v2\/pages\/20681","targetHints":{"allow":["GET"]}}],"collection":[{"href":"https:\/\/www.suviseurat.fi\/sv\/wp-json\/wp\/v2\/pages"}],"about":[{"href":"https:\/\/www.suviseurat.fi\/sv\/wp-json\/wp\/v2\/types\/page"}],"author":[{"embeddable":true,"href":"https:\/\/www.suviseurat.fi\/sv\/wp-json\/wp\/v2\/users\/19"}],"replies":[{"embeddable":true,"href":"https:\/\/www.suviseurat.fi\/sv\/wp-json\/wp\/v2\/comments?post=20681"}],"version-history":[{"count":1,"href":"https:\/\/www.suviseurat.fi\/sv\/wp-json\/wp\/v2\/pages\/20681\/revisions"}],"predecessor-version":[{"id":24738,"href":"https:\/\/www.suviseurat.fi\/sv\/wp-json\/wp\/v2\/pages\/20681\/revisions\/24738"}],"wp:attachment":[{"href":"https:\/\/www.suviseurat.fi\/sv\/wp-json\/wp\/v2\/media?parent=20681"}],"curies":[{"name":"wp","href":"https:\/\/api.w.org\/{rel}","templated":true}]}}