{"id":24904,"date":"2024-09-03T23:42:50","date_gmt":"2024-09-03T20:42:50","guid":{"rendered":"https:\/\/www.suviseurat.fi\/dataskydd\/"},"modified":"2026-01-22T16:46:48","modified_gmt":"2026-01-22T14:46:48","slug":"dataskydd","status":"publish","type":"page","link":"https:\/\/www.suviseurat.fi\/sv\/dataskydd\/","title":{"rendered":"Dataskydd"},"content":{"rendered":"<h2>Skydd av personuppgifter<\/h2>\n<p>EU:s nya dataskyddsf\u00f6rordning tr\u00e4dde i kraft den 25 maj 2018. Vi har tagit h\u00e4nsyn till den nya f\u00f6rordningen i v\u00e5r behandling av personuppgifter och i v\u00e5ra integritetsrutiner f\u00f6r de system och tj\u00e4nster vi tillhandah\u00e5ller. <\/p>\n<p>De uppdaterade integritetspolicyerna finns i dessa system.<\/p>\n<p>V\u00e4nligen l\u00e4s Sommarm\u00f6tets <a href=\"\/wp-content\/uploads\/2020\/10\/tietosuojaseloste-suvivuorot-artikla-13.pdf\">integritetspolicy f\u00f6r anskaffning av arbetskraft<\/a> och integritetspolicy <a href=\"https:\/\/www.suviseurat.fi\/wp-content\/uploads\/2024\/06\/Tallentavan-kameravalvonnan-rekisteriseloste.pdf\">f\u00f6r kamera\u00f6vervakning<\/a>.<\/p>\n<h2>Cookies<\/h2>\n<p>En cookie \u00e4r en liten textfil som webbl\u00e4saren lagrar p\u00e5 anv\u00e4ndarens enhet. Cookien skadar inte enheten p\u00e5 n\u00e5got s\u00e4tt. Cookies anv\u00e4nds p\u00e5 webbplatser t.ex. f\u00f6r att tillhandah\u00e5lla teknisk information och f\u00f6r att underl\u00e4tta anv\u00e4ndningen av tj\u00e4nsten.  <\/p>\n<p>Suviseurat.fi anv\u00e4nder cookies f\u00f6r att samla in statistik \u00f6ver antalet bes\u00f6kare (Google Analytics). Statistiken kan inte identifiera en enskild anv\u00e4ndare, utan uppgifterna lagras anonymt. <\/p>\n<p>Du kan acceptera eller avvisa anv\u00e4ndningen av cookies i inst\u00e4llningarna f\u00f6r din webbl\u00e4sare. Hur du \u00e4ndrar inst\u00e4llningarna beror p\u00e5 vilken webbl\u00e4sare du anv\u00e4nder. Observera att inaktivering av cookies kan leda till att vissa funktioner eller tj\u00e4nster p\u00e5 webbplatsen slutar att fungera.  <\/p>\n<p>Du kan l\u00e4sa mer om cookies, till exempel <a href=\"https:\/\/www.viestintavirasto.fi\/kyberturvallisuus\/tietoturvaohjeet\/palveluidenturvallinenkaytto\/evasteet.html\" target=\"_blank\" rel=\"noopener noreferrer\">p\u00e5 kommunikationsbyr\u00e5ns webbplats.<\/a><\/p>\n","protected":false},"excerpt":{"rendered":"<p>Skydd av personuppgifter EU:s nya dataskyddsf\u00f6rordning tr\u00e4dde i kraft den 25 maj 2018. Vi har<a class=\"moretag\" href=\"https:\/\/www.suviseurat.fi\/sv\/dataskydd\/\">L\u00e4s vidare &gt;<\/a><\/p>\n","protected":false},"author":19,"featured_media":0,"parent":0,"menu_order":0,"comment_status":"closed","ping_status":"closed","template":"","meta":{"_acf_changed":false,"footnotes":""},"class_list":["post-24904","page","type-page","status-publish","hentry"],"acf":[],"yoast_head":"<!-- This site is optimized with the Yoast SEO plugin v27.5 - https:\/\/yoast.com\/product\/yoast-seo-wordpress\/ -->\n<title>Dataskydd - SRK:n Suviseurat Kauhavalla 2026<\/title>\n<meta name=\"description\" content=\"Skydd av personuppgifter EU:s nya dataskyddsf\u00f6rordning tr\u00e4dde i kraft den 25 maj 2018. Vi har tagit h\u00e4nsyn till den nya f\u00f6rordningen i v\u00e5r behandling av\" \/>\n<meta name=\"robots\" content=\"index, follow, max-snippet:-1, max-image-preview:large, max-video-preview:-1\" \/>\n<link rel=\"canonical\" href=\"https:\/\/www.suviseurat.fi\/sv\/dataskydd\/\" \/>\n<meta property=\"og:locale\" content=\"sv_SE\" \/>\n<meta property=\"og:type\" content=\"article\" \/>\n<meta property=\"og:title\" content=\"Dataskydd - SRK:n Suviseurat Kauhavalla 2026\" \/>\n<meta property=\"og:description\" content=\"Skydd av personuppgifter EU:s nya dataskyddsf\u00f6rordning tr\u00e4dde i kraft den 25 maj 2018. Vi har tagit h\u00e4nsyn till den nya f\u00f6rordningen i v\u00e5r behandling av\" \/>\n<meta property=\"og:url\" content=\"https:\/\/www.suviseurat.fi\/sv\/dataskydd\/\" \/>\n<meta property=\"og:site_name\" content=\"SRK:n Suviseurat Kauhavalla 2026\" \/>\n<meta property=\"article:publisher\" content=\"https:\/\/www.facebook.com\/SRKryNyt\/\" \/>\n<meta property=\"article:modified_time\" content=\"2026-01-22T14:46:48+00:00\" \/>\n<meta name=\"twitter:card\" content=\"summary_large_image\" \/>\n<meta name=\"twitter:site\" content=\"@Suviseurat\" \/>\n<meta name=\"twitter:label1\" content=\"Ber\u00e4knad l\u00e4stid\" \/>\n\t<meta name=\"twitter:data1\" content=\"1 minute\" \/>\n<script type=\"application\/ld+json\" class=\"yoast-schema-graph\">{\"@context\":\"https:\\\/\\\/schema.org\",\"@graph\":[{\"@type\":\"WebPage\",\"@id\":\"https:\\\/\\\/www.suviseurat.fi\\\/sv\\\/dataskydd\\\/\",\"url\":\"https:\\\/\\\/www.suviseurat.fi\\\/sv\\\/dataskydd\\\/\",\"name\":\"Dataskydd - SRK:n Suviseurat Kauhavalla 2026\",\"isPartOf\":{\"@id\":\"https:\\\/\\\/www.suviseurat.fi\\\/#website\"},\"datePublished\":\"2024-09-03T20:42:50+00:00\",\"dateModified\":\"2026-01-22T14:46:48+00:00\",\"description\":\"Skydd av personuppgifter EU:s nya dataskyddsf\u00f6rordning tr\u00e4dde i kraft den 25 maj 2018. Vi har tagit h\u00e4nsyn till den nya f\u00f6rordningen i v\u00e5r behandling av\",\"breadcrumb\":{\"@id\":\"https:\\\/\\\/www.suviseurat.fi\\\/sv\\\/dataskydd\\\/#breadcrumb\"},\"inLanguage\":\"sv-SE\",\"potentialAction\":[{\"@type\":\"ReadAction\",\"target\":[\"https:\\\/\\\/www.suviseurat.fi\\\/sv\\\/dataskydd\\\/\"]}]},{\"@type\":\"BreadcrumbList\",\"@id\":\"https:\\\/\\\/www.suviseurat.fi\\\/sv\\\/dataskydd\\\/#breadcrumb\",\"itemListElement\":[{\"@type\":\"ListItem\",\"position\":1,\"name\":\"Etusivu\",\"item\":\"https:\\\/\\\/www.suviseurat.fi\\\/sv\\\/\"},{\"@type\":\"ListItem\",\"position\":2,\"name\":\"Dataskydd\"}]},{\"@type\":\"WebSite\",\"@id\":\"https:\\\/\\\/www.suviseurat.fi\\\/#website\",\"url\":\"https:\\\/\\\/www.suviseurat.fi\\\/\",\"name\":\"SRK:n Suviseurat Kauhavalla 2026\",\"description\":\"Herra, t\u00e4ss\u00e4 on meid\u00e4n hyv\u00e4 olla\",\"publisher\":{\"@id\":\"https:\\\/\\\/www.suviseurat.fi\\\/#organization\"},\"potentialAction\":[{\"@type\":\"SearchAction\",\"target\":{\"@type\":\"EntryPoint\",\"urlTemplate\":\"https:\\\/\\\/www.suviseurat.fi\\\/?s={search_term_string}\"},\"query-input\":{\"@type\":\"PropertyValueSpecification\",\"valueRequired\":true,\"valueName\":\"search_term_string\"}}],\"inLanguage\":\"sv-SE\"},{\"@type\":\"Organization\",\"@id\":\"https:\\\/\\\/www.suviseurat.fi\\\/#organization\",\"name\":\"Suviseurat\",\"url\":\"https:\\\/\\\/www.suviseurat.fi\\\/\",\"logo\":{\"@type\":\"ImageObject\",\"inLanguage\":\"sv-SE\",\"@id\":\"https:\\\/\\\/www.suviseurat.fi\\\/#\\\/schema\\\/logo\\\/image\\\/\",\"url\":\"https:\\\/\\\/www.suviseurat.fi\\\/wp-content\\\/uploads\\\/2023\\\/10\\\/tunnus-nelio.jpg\",\"contentUrl\":\"https:\\\/\\\/www.suviseurat.fi\\\/wp-content\\\/uploads\\\/2023\\\/10\\\/tunnus-nelio.jpg\",\"width\":1000,\"height\":1000,\"caption\":\"Suviseurat\"},\"image\":{\"@id\":\"https:\\\/\\\/www.suviseurat.fi\\\/#\\\/schema\\\/logo\\\/image\\\/\"},\"sameAs\":[\"https:\\\/\\\/www.facebook.com\\\/SRKryNyt\\\/\",\"https:\\\/\\\/x.com\\\/Suviseurat\",\"https:\\\/\\\/www.facebook.com\\\/srksuviseurat\\\/\",\"https:\\\/\\\/www.youtube.com\\\/@SRKnyt\",\"https:\\\/\\\/www.instagram.com\\\/srk_nyt\\\/\",\"https:\\\/\\\/www.flickr.com\\\/photos\\\/suviseurat\"]}]}<\/script>\n<!-- \/ Yoast SEO plugin. -->","yoast_head_json":{"title":"Dataskydd - SRK:n Suviseurat Kauhavalla 2026","description":"Skydd av personuppgifter EU:s nya dataskyddsf\u00f6rordning tr\u00e4dde i kraft den 25 maj 2018. Vi har tagit h\u00e4nsyn till den nya f\u00f6rordningen i v\u00e5r behandling av","robots":{"index":"index","follow":"follow","max-snippet":"max-snippet:-1","max-image-preview":"max-image-preview:large","max-video-preview":"max-video-preview:-1"},"canonical":"https:\/\/www.suviseurat.fi\/sv\/dataskydd\/","og_locale":"sv_SE","og_type":"article","og_title":"Dataskydd - SRK:n Suviseurat Kauhavalla 2026","og_description":"Skydd av personuppgifter EU:s nya dataskyddsf\u00f6rordning tr\u00e4dde i kraft den 25 maj 2018. Vi har tagit h\u00e4nsyn till den nya f\u00f6rordningen i v\u00e5r behandling av","og_url":"https:\/\/www.suviseurat.fi\/sv\/dataskydd\/","og_site_name":"SRK:n Suviseurat Kauhavalla 2026","article_publisher":"https:\/\/www.facebook.com\/SRKryNyt\/","article_modified_time":"2026-01-22T14:46:48+00:00","twitter_card":"summary_large_image","twitter_site":"@Suviseurat","twitter_misc":{"Ber\u00e4knad l\u00e4stid":"1 minute"},"schema":{"@context":"https:\/\/schema.org","@graph":[{"@type":"WebPage","@id":"https:\/\/www.suviseurat.fi\/sv\/dataskydd\/","url":"https:\/\/www.suviseurat.fi\/sv\/dataskydd\/","name":"Dataskydd - SRK:n Suviseurat Kauhavalla 2026","isPartOf":{"@id":"https:\/\/www.suviseurat.fi\/#website"},"datePublished":"2024-09-03T20:42:50+00:00","dateModified":"2026-01-22T14:46:48+00:00","description":"Skydd av personuppgifter EU:s nya dataskyddsf\u00f6rordning tr\u00e4dde i kraft den 25 maj 2018. Vi har tagit h\u00e4nsyn till den nya f\u00f6rordningen i v\u00e5r behandling av","breadcrumb":{"@id":"https:\/\/www.suviseurat.fi\/sv\/dataskydd\/#breadcrumb"},"inLanguage":"sv-SE","potentialAction":[{"@type":"ReadAction","target":["https:\/\/www.suviseurat.fi\/sv\/dataskydd\/"]}]},{"@type":"BreadcrumbList","@id":"https:\/\/www.suviseurat.fi\/sv\/dataskydd\/#breadcrumb","itemListElement":[{"@type":"ListItem","position":1,"name":"Etusivu","item":"https:\/\/www.suviseurat.fi\/sv\/"},{"@type":"ListItem","position":2,"name":"Dataskydd"}]},{"@type":"WebSite","@id":"https:\/\/www.suviseurat.fi\/#website","url":"https:\/\/www.suviseurat.fi\/","name":"SRK:n Suviseurat Kauhavalla 2026","description":"Herra, t\u00e4ss\u00e4 on meid\u00e4n hyv\u00e4 olla","publisher":{"@id":"https:\/\/www.suviseurat.fi\/#organization"},"potentialAction":[{"@type":"SearchAction","target":{"@type":"EntryPoint","urlTemplate":"https:\/\/www.suviseurat.fi\/?s={search_term_string}"},"query-input":{"@type":"PropertyValueSpecification","valueRequired":true,"valueName":"search_term_string"}}],"inLanguage":"sv-SE"},{"@type":"Organization","@id":"https:\/\/www.suviseurat.fi\/#organization","name":"Suviseurat","url":"https:\/\/www.suviseurat.fi\/","logo":{"@type":"ImageObject","inLanguage":"sv-SE","@id":"https:\/\/www.suviseurat.fi\/#\/schema\/logo\/image\/","url":"https:\/\/www.suviseurat.fi\/wp-content\/uploads\/2023\/10\/tunnus-nelio.jpg","contentUrl":"https:\/\/www.suviseurat.fi\/wp-content\/uploads\/2023\/10\/tunnus-nelio.jpg","width":1000,"height":1000,"caption":"Suviseurat"},"image":{"@id":"https:\/\/www.suviseurat.fi\/#\/schema\/logo\/image\/"},"sameAs":["https:\/\/www.facebook.com\/SRKryNyt\/","https:\/\/x.com\/Suviseurat","https:\/\/www.facebook.com\/srksuviseurat\/","https:\/\/www.youtube.com\/@SRKnyt","https:\/\/www.instagram.com\/srk_nyt\/","https:\/\/www.flickr.com\/photos\/suviseurat"]}]}},"_links":{"self":[{"href":"https:\/\/www.suviseurat.fi\/sv\/wp-json\/wp\/v2\/pages\/24904","targetHints":{"allow":["GET"]}}],"collection":[{"href":"https:\/\/www.suviseurat.fi\/sv\/wp-json\/wp\/v2\/pages"}],"about":[{"href":"https:\/\/www.suviseurat.fi\/sv\/wp-json\/wp\/v2\/types\/page"}],"author":[{"embeddable":true,"href":"https:\/\/www.suviseurat.fi\/sv\/wp-json\/wp\/v2\/users\/19"}],"replies":[{"embeddable":true,"href":"https:\/\/www.suviseurat.fi\/sv\/wp-json\/wp\/v2\/comments?post=24904"}],"version-history":[{"count":1,"href":"https:\/\/www.suviseurat.fi\/sv\/wp-json\/wp\/v2\/pages\/24904\/revisions"}],"predecessor-version":[{"id":24906,"href":"https:\/\/www.suviseurat.fi\/sv\/wp-json\/wp\/v2\/pages\/24904\/revisions\/24906"}],"wp:attachment":[{"href":"https:\/\/www.suviseurat.fi\/sv\/wp-json\/wp\/v2\/media?parent=24904"}],"curies":[{"name":"wp","href":"https:\/\/api.w.org\/{rel}","templated":true}]}}